{"id":4411,"date":"2026-03-12T00:12:30","date_gmt":"2026-03-11T23:12:30","guid":{"rendered":"http:\/\/antiquariat-steinbach.com\/rarebooks\/produkt\/vom-amazonas-und-madeira\/"},"modified":"2026-03-12T00:12:31","modified_gmt":"2026-03-11T23:12:31","slug":"keller-leuzinger-franz-vom-amazonas-und-madeira","status":"publish","type":"product","link":"https:\/\/antiquariat-steinbach.com\/rarebooks\/produkt\/keller-leuzinger-franz-vom-amazonas-und-madeira\/","title":{"rendered":"Keller-Leuzinger, Franz: &#8211;  Vom Amazonas und Madeira."},"content":{"rendered":"<p>Stuttgart, Kr\u00f6ner 1874.<\/p>\n<p>34 : 25,5 cm. XVI, 150 Seiten, 1 Blatt mit Portr\u00e4t-Frontispiz, 14 xylographischen Tafeln, 38 xylographischen Textabbildungen und 1 Karte. Halbleinenband der Zeit mit montierter Vorderdeckelillustration.<\/p>\n<p>380,00 EUR<\/p>\n","protected":false},"excerpt":{"rendered":"<p>Erste Ausgabe. Keller-Leuzinger (1835-1890) f\u00fchrte mit seinem Vater w\u00e4hrend 17 Jahren Vermessungsarbeiten in Brasilien im Auftrage der dortigen Regierung aus. Unter anderem den Madeira, einer der gro\u00dfen Nebenfl\u00fcsse des Amazonas, hydrographisch zu erforschen und die M\u00f6glichkeit der Umgehung der Stromschnellen mittels einer Eisenbahn auszukundschaften. Die eisenbahn wurde tats\u00e4chlich gebaut und verband die St\u00e4dte Guajara Mirim und Porto Velho und ist heute leider meist verfallen. &#8222;Keller-Leuzinger verstand es die fremde Welt am unteren Madeira, ihren Vegetationsreichtum, ihre eigenartige Tierwelt und ihre eigenwilligen Ureinwohner wortgewandt zu beschreiben. Die von ihm entworfenen und gezeichneten Illustrationen zeugen von nicht unbetr\u00e4chtlichem k\u00fcnstlerischen Talent&#8220; (Henze III, 16). &#8211; Einband minimal angestaubt, sonst sehr sch\u00f6nes, teilweises unaufgeschnittenes Exemplar. &#8211; Borba de Moraes 433; Brasilien-bibliothek R. Bosch, 548.<\/p>\n","protected":false},"featured_media":14853,"template":"","meta":[],"product_brand":[],"product_cat":[128,65,914],"product_tag":[],"class_list":{"0":"post-4411","1":"product","2":"type-product","3":"status-publish","4":"has-post-thumbnail","6":"product_cat-amerika","7":"product_cat-geographie","8":"product_cat-zvab","10":"first","11":"instock","12":"purchasable","13":"product-type-simple"},"_links":{"self":[{"href":"https:\/\/antiquariat-steinbach.com\/rarebooks\/wp-json\/wp\/v2\/product\/4411","targetHints":{"allow":["GET"]}}],"collection":[{"href":"https:\/\/antiquariat-steinbach.com\/rarebooks\/wp-json\/wp\/v2\/product"}],"about":[{"href":"https:\/\/antiquariat-steinbach.com\/rarebooks\/wp-json\/wp\/v2\/types\/product"}],"version-history":[{"count":4,"href":"https:\/\/antiquariat-steinbach.com\/rarebooks\/wp-json\/wp\/v2\/product\/4411\/revisions"}],"predecessor-version":[{"id":24454,"href":"https:\/\/antiquariat-steinbach.com\/rarebooks\/wp-json\/wp\/v2\/product\/4411\/revisions\/24454"}],"wp:featuredmedia":[{"embeddable":true,"href":"https:\/\/antiquariat-steinbach.com\/rarebooks\/wp-json\/wp\/v2\/media\/14853"}],"wp:attachment":[{"href":"https:\/\/antiquariat-steinbach.com\/rarebooks\/wp-json\/wp\/v2\/media?parent=4411"}],"wp:term":[{"taxonomy":"product_brand","embeddable":true,"href":"https:\/\/antiquariat-steinbach.com\/rarebooks\/wp-json\/wp\/v2\/product_brand?post=4411"},{"taxonomy":"product_cat","embeddable":true,"href":"https:\/\/antiquariat-steinbach.com\/rarebooks\/wp-json\/wp\/v2\/product_cat?post=4411"},{"taxonomy":"product_tag","embeddable":true,"href":"https:\/\/antiquariat-steinbach.com\/rarebooks\/wp-json\/wp\/v2\/product_tag?post=4411"}],"curies":[{"name":"wp","href":"https:\/\/api.w.org\/{rel}","templated":true}]}}