{"id":441,"date":"2026-03-12T00:14:50","date_gmt":"2026-03-11T23:14:50","guid":{"rendered":"http:\/\/antiquariat-steinbach.com\/rarebooks\/produkt\/memoires-justificatifs-de-la-comtesse-de-valois-de-la-motte-ecrits-par-elle-meme\/"},"modified":"2026-03-12T00:14:51","modified_gmt":"2026-03-11T23:14:51","slug":"litterature-affaire-du-collier-la-motte-jeanne-de-saint-remy-de-valois-comtesse-de-memoires-justificatifs-de-la-comtesse-de-valois-de-la-motte-ecrits-par-elle-meme","status":"publish","type":"product","link":"https:\/\/antiquariat-steinbach.com\/rarebooks\/produkt\/litterature-affaire-du-collier-la-motte-jeanne-de-saint-remy-de-valois-comtesse-de-memoires-justificatifs-de-la-comtesse-de-valois-de-la-motte-ecrits-par-elle-meme\/","title":{"rendered":"Litt\u00e9rature &#8211; Affaire du Collier &#8211;   La Motte (Jeanne de Saint-Remy de Valois, comtesse de) &#8211;  M\u00e9moires justificatifs de la comtesse de Valois de la Motte, \u00e9crits par elle-m\u00e9me."},"content":{"rendered":"<p>Londres, 1789.<\/p>\n<p>20 : 13 cm. 204 pages. Contemporary boards.<\/p>\n<p>180,00 EUR<\/p>\n","protected":false},"excerpt":{"rendered":"<p>&#8218;Exemplaire tres correct&#8216;. Die &#8218;Pieces justificatives&#8216; nach Seite 173. Verteidigungsschrfit der Gr\u00e4fin de La Motte, welche zwei Jahre zuvor aus dem Gef\u00e4#ngnis ausbrach, in das sie wegen ihrer Rolle in der &#8218;Halbandaff\u00e4re&#8216; gebracht wurde. Sie erhebt darin schwere Vorw\u00fcrfe gegen die K\u00f6nigin von Frankreich, Maria Antoniette. Ab Seite 173 sind angebliche Briefe Maria Antoniette und Kardinal Louis de Rohans, welche die Schuld der K\u00f6nigin und ihre eigene Unschuld beweisen sollen. Diese und andere Ver\u00e4ffentlichung Valois de Saint-R\u00e9mys, trugen viel zur steigenden Unbeliebheit der K\u00f6nigin beim franz\u00f6sischen Volk bei. &#8211; Einband teils st\u00e4rker berieben.<\/p>\n","protected":false},"featured_media":24591,"template":"","meta":[],"product_brand":[],"product_cat":[96,97,59,914],"product_tag":[],"class_list":{"0":"post-441","1":"product","2":"type-product","3":"status-publish","4":"has-post-thumbnail","6":"product_cat-frankreich","7":"product_cat-geschichte","8":"product_cat-kulturgeschichte","9":"product_cat-zvab","11":"first","12":"instock","13":"purchasable","14":"product-type-simple"},"_links":{"self":[{"href":"https:\/\/antiquariat-steinbach.com\/rarebooks\/wp-json\/wp\/v2\/product\/441","targetHints":{"allow":["GET"]}}],"collection":[{"href":"https:\/\/antiquariat-steinbach.com\/rarebooks\/wp-json\/wp\/v2\/product"}],"about":[{"href":"https:\/\/antiquariat-steinbach.com\/rarebooks\/wp-json\/wp\/v2\/types\/product"}],"version-history":[{"count":5,"href":"https:\/\/antiquariat-steinbach.com\/rarebooks\/wp-json\/wp\/v2\/product\/441\/revisions"}],"predecessor-version":[{"id":24590,"href":"https:\/\/antiquariat-steinbach.com\/rarebooks\/wp-json\/wp\/v2\/product\/441\/revisions\/24590"}],"wp:featuredmedia":[{"embeddable":true,"href":"https:\/\/antiquariat-steinbach.com\/rarebooks\/wp-json\/wp\/v2\/media\/24591"}],"wp:attachment":[{"href":"https:\/\/antiquariat-steinbach.com\/rarebooks\/wp-json\/wp\/v2\/media?parent=441"}],"wp:term":[{"taxonomy":"product_brand","embeddable":true,"href":"https:\/\/antiquariat-steinbach.com\/rarebooks\/wp-json\/wp\/v2\/product_brand?post=441"},{"taxonomy":"product_cat","embeddable":true,"href":"https:\/\/antiquariat-steinbach.com\/rarebooks\/wp-json\/wp\/v2\/product_cat?post=441"},{"taxonomy":"product_tag","embeddable":true,"href":"https:\/\/antiquariat-steinbach.com\/rarebooks\/wp-json\/wp\/v2\/product_tag?post=441"}],"curies":[{"name":"wp","href":"https:\/\/api.w.org\/{rel}","templated":true}]}}