{"id":4385,"date":"2026-03-12T00:12:28","date_gmt":"2026-03-11T23:12:28","guid":{"rendered":"http:\/\/antiquariat-steinbach.com\/rarebooks\/produkt\/kassabuch-fuer-die-hausfrau\/"},"modified":"2026-03-12T00:12:29","modified_gmt":"2026-03-11T23:12:29","slug":"kassabuch-fuer-die-hausfrau","status":"publish","type":"product","link":"https:\/\/antiquariat-steinbach.com\/rarebooks\/produkt\/kassabuch-fuer-die-hausfrau\/","title":{"rendered":"Kassabuch f\u00fcr die Hausfrau."},"content":{"rendered":"<p>Hannover, K\u00f6nig &#038; Erhardt, 1904.<\/p>\n<p>29,5 : 23,5 cm. 56 Blatt. Farbig illustrierter Original-Leinenband.<\/p>\n<p>120,00 EUR<\/p>\n","protected":false},"excerpt":{"rendered":"<p>Mit einem Doppelblatt &#8218;Probe-Eintrag f\u00fcr das Kassabuch f\u00fcr die Hausfrau&#8216;. &#8211; Enth\u00e4lt Spalten f\u00fcr &#8218;Lohn-und Geschenk f\u00fcr Dienstboten&#8216;, &#8218;Kaffee, Zucker, Gew\u00fcrze&#8216;, &#8218;Eier, Milch, Butter, K\u00e4se, Gem\u00fcse&#8216;, &#8218;Brot und Backwaren&#8216;, &#8218;Beleuchtung und Heizung&#8216;, &#8218;W\u00e4sche, Seife und dgl. W\u00e4scherin&#8216;, &#8218;Geschenke Anstandsauagaben&#8216; etc.<\/p>\n","protected":false},"featured_media":0,"template":"","meta":[],"product_brand":[],"product_cat":[221,58,456,67,914],"product_tag":[],"class_list":{"0":"post-4385","1":"product","2":"type-product","3":"status-publish","5":"product_cat-frauen","6":"product_cat-gastronomie","7":"product_cat-haustechnik","8":"product_cat-mathematik","9":"product_cat-zvab","11":"first","12":"instock","13":"purchasable","14":"product-type-simple"},"_links":{"self":[{"href":"https:\/\/antiquariat-steinbach.com\/rarebooks\/wp-json\/wp\/v2\/product\/4385","targetHints":{"allow":["GET"]}}],"collection":[{"href":"https:\/\/antiquariat-steinbach.com\/rarebooks\/wp-json\/wp\/v2\/product"}],"about":[{"href":"https:\/\/antiquariat-steinbach.com\/rarebooks\/wp-json\/wp\/v2\/types\/product"}],"version-history":[{"count":2,"href":"https:\/\/antiquariat-steinbach.com\/rarebooks\/wp-json\/wp\/v2\/product\/4385\/revisions"}],"predecessor-version":[{"id":11693,"href":"https:\/\/antiquariat-steinbach.com\/rarebooks\/wp-json\/wp\/v2\/product\/4385\/revisions\/11693"}],"wp:attachment":[{"href":"https:\/\/antiquariat-steinbach.com\/rarebooks\/wp-json\/wp\/v2\/media?parent=4385"}],"wp:term":[{"taxonomy":"product_brand","embeddable":true,"href":"https:\/\/antiquariat-steinbach.com\/rarebooks\/wp-json\/wp\/v2\/product_brand?post=4385"},{"taxonomy":"product_cat","embeddable":true,"href":"https:\/\/antiquariat-steinbach.com\/rarebooks\/wp-json\/wp\/v2\/product_cat?post=4385"},{"taxonomy":"product_tag","embeddable":true,"href":"https:\/\/antiquariat-steinbach.com\/rarebooks\/wp-json\/wp\/v2\/product_tag?post=4385"}],"curies":[{"name":"wp","href":"https:\/\/api.w.org\/{rel}","templated":true}]}}