{"id":4297,"date":"2026-03-12T00:12:18","date_gmt":"2026-03-11T23:12:18","guid":{"rendered":"http:\/\/antiquariat-steinbach.com\/rarebooks\/produkt\/gedichtsammlung\/"},"modified":"2026-03-12T00:12:19","modified_gmt":"2026-03-11T23:12:19","slug":"jungmann-albert-gedichtsammlung","status":"publish","type":"product","link":"https:\/\/antiquariat-steinbach.com\/rarebooks\/produkt\/jungmann-albert-gedichtsammlung\/","title":{"rendered":"Jungmann, Albert: &#8211;  Gedichtsammlung."},"content":{"rendered":"<p>O.O, o.J.ca. 1847.<\/p>\n<p>17,3 : 10,5 cm. 187 unnummerierte Blatt Lose in Papp-Decken der Zeit mit ahdnschriftlichen Vorderdeckelschildchen, 6 Bindeb\u00e4nder.<\/p>\n<p>60,00 EUR<\/p>\n","protected":false},"excerpt":{"rendered":"<p>Von einer Hand in brauner Tinte in zarter Schrift geschrieben. Auf dem ersten Blatt von sp\u00e4terer Hand &#8222;Aus dem Nachla\u00df meines unvergesslichen treuen Freundes Albert Jungann mir \u00fcbergeben worden Pauline R\u00f6bolt&#8220;. &#8211; Die Gedichte betitelt: &#8222;Liebessehnsucht &#8211; An Dich &#8211; Bin Dein &#8211; Trennung und Wiedersehn &#8211; Die Jungfrau im Walde &#8211; Todtengl\u00f6cklein&#8220; usw.<\/p>\n","protected":false},"featured_media":14836,"template":"","meta":[],"product_brand":[],"product_cat":[32,147,914],"product_tag":[],"class_list":{"0":"post-4297","1":"product","2":"type-product","3":"status-publish","4":"has-post-thumbnail","6":"product_cat-literatur","7":"product_cat-manuskripte","8":"product_cat-zvab","10":"first","11":"instock","12":"purchasable","13":"product-type-simple"},"_links":{"self":[{"href":"https:\/\/antiquariat-steinbach.com\/rarebooks\/wp-json\/wp\/v2\/product\/4297","targetHints":{"allow":["GET"]}}],"collection":[{"href":"https:\/\/antiquariat-steinbach.com\/rarebooks\/wp-json\/wp\/v2\/product"}],"about":[{"href":"https:\/\/antiquariat-steinbach.com\/rarebooks\/wp-json\/wp\/v2\/types\/product"}],"version-history":[{"count":3,"href":"https:\/\/antiquariat-steinbach.com\/rarebooks\/wp-json\/wp\/v2\/product\/4297\/revisions"}],"predecessor-version":[{"id":20153,"href":"https:\/\/antiquariat-steinbach.com\/rarebooks\/wp-json\/wp\/v2\/product\/4297\/revisions\/20153"}],"wp:featuredmedia":[{"embeddable":true,"href":"https:\/\/antiquariat-steinbach.com\/rarebooks\/wp-json\/wp\/v2\/media\/14836"}],"wp:attachment":[{"href":"https:\/\/antiquariat-steinbach.com\/rarebooks\/wp-json\/wp\/v2\/media?parent=4297"}],"wp:term":[{"taxonomy":"product_brand","embeddable":true,"href":"https:\/\/antiquariat-steinbach.com\/rarebooks\/wp-json\/wp\/v2\/product_brand?post=4297"},{"taxonomy":"product_cat","embeddable":true,"href":"https:\/\/antiquariat-steinbach.com\/rarebooks\/wp-json\/wp\/v2\/product_cat?post=4297"},{"taxonomy":"product_tag","embeddable":true,"href":"https:\/\/antiquariat-steinbach.com\/rarebooks\/wp-json\/wp\/v2\/product_tag?post=4297"}],"curies":[{"name":"wp","href":"https:\/\/api.w.org\/{rel}","templated":true}]}}