{"id":4295,"date":"2026-03-12T00:12:18","date_gmt":"2026-03-11T23:12:18","guid":{"rendered":"http:\/\/antiquariat-steinbach.com\/rarebooks\/produkt\/an-mademoselle-marie-ziemsen-abzugeben-bey-herrn-matthias-puttfarken-in-osswander\/"},"modified":"2026-03-12T00:12:19","modified_gmt":"2026-03-11T23:12:19","slug":"jungfer-nichten-brief-an-mademoselle-marie-ziemsen-abzugeben-bey-herrn-matthias-puttfarken-in-osswander","status":"publish","type":"product","link":"https:\/\/antiquariat-steinbach.com\/rarebooks\/produkt\/jungfer-nichten-brief-an-mademoselle-marie-ziemsen-abzugeben-bey-herrn-matthias-puttfarken-in-osswander\/","title":{"rendered":"Jungfer-Nichten-Brief: &#8211;  an Mademoselle Marie Ziemsen abzugeben bey Herrn Matthias Puttfarken in O\u00dfwander."},"content":{"rendered":"<p>Hamburg, Gesellschaft der B\u00fccherfreunde 1927.<\/p>\n<p>13,5 : 8,5 cm. 56 Seiten, 1 Blatt Farbiger Original-Pappband mit titelschildchen.<\/p>\n<p>25,00 EUR<\/p>\n","protected":false},"excerpt":{"rendered":"<p>In kleiner numeriertr Auflage erschienen, anl\u00e4\u00dflich der Tagung der Gesellschaft der bibliophilen in Weimar den Teilnehmern von der Gesellschaft der B\u00fccherfreunde zu Hamburg \u00fcberreicht.<\/p>\n","protected":false},"featured_media":16987,"template":"","meta":[],"product_brand":[],"product_cat":[85,59,32,914],"product_tag":[],"class_list":{"0":"post-4295","1":"product","2":"type-product","3":"status-publish","4":"has-post-thumbnail","6":"product_cat-bibliophilie","7":"product_cat-kulturgeschichte","8":"product_cat-literatur","9":"product_cat-zvab","11":"first","12":"instock","13":"purchasable","14":"product-type-simple"},"_links":{"self":[{"href":"https:\/\/antiquariat-steinbach.com\/rarebooks\/wp-json\/wp\/v2\/product\/4295","targetHints":{"allow":["GET"]}}],"collection":[{"href":"https:\/\/antiquariat-steinbach.com\/rarebooks\/wp-json\/wp\/v2\/product"}],"about":[{"href":"https:\/\/antiquariat-steinbach.com\/rarebooks\/wp-json\/wp\/v2\/types\/product"}],"version-history":[{"count":3,"href":"https:\/\/antiquariat-steinbach.com\/rarebooks\/wp-json\/wp\/v2\/product\/4295\/revisions"}],"predecessor-version":[{"id":20152,"href":"https:\/\/antiquariat-steinbach.com\/rarebooks\/wp-json\/wp\/v2\/product\/4295\/revisions\/20152"}],"wp:featuredmedia":[{"embeddable":true,"href":"https:\/\/antiquariat-steinbach.com\/rarebooks\/wp-json\/wp\/v2\/media\/16987"}],"wp:attachment":[{"href":"https:\/\/antiquariat-steinbach.com\/rarebooks\/wp-json\/wp\/v2\/media?parent=4295"}],"wp:term":[{"taxonomy":"product_brand","embeddable":true,"href":"https:\/\/antiquariat-steinbach.com\/rarebooks\/wp-json\/wp\/v2\/product_brand?post=4295"},{"taxonomy":"product_cat","embeddable":true,"href":"https:\/\/antiquariat-steinbach.com\/rarebooks\/wp-json\/wp\/v2\/product_cat?post=4295"},{"taxonomy":"product_tag","embeddable":true,"href":"https:\/\/antiquariat-steinbach.com\/rarebooks\/wp-json\/wp\/v2\/product_tag?post=4295"}],"curies":[{"name":"wp","href":"https:\/\/api.w.org\/{rel}","templated":true}]}}