{"id":4281,"date":"2026-03-12T00:12:16","date_gmt":"2026-03-11T23:12:16","guid":{"rendered":"http:\/\/antiquariat-steinbach.com\/rarebooks\/produkt\/dreitausend-kunstblaetter-der-muenchner-jugend-2\/"},"modified":"2026-03-12T00:12:18","modified_gmt":"2026-03-11T23:12:18","slug":"jugend-hirth-georg-hrsg-dreitausend-kunstblaetter-der-muenchner-jugend","status":"publish","type":"product","link":"https:\/\/antiquariat-steinbach.com\/rarebooks\/produkt\/jugend-hirth-georg-hrsg-dreitausend-kunstblaetter-der-muenchner-jugend\/","title":{"rendered":"Jugend &#8211;   Hirth, Georg (Hrsg.): &#8211;  Dreitausend Kunstbl\u00e4tter der M\u00fcnchner &#8222;Jugend&#8220;."},"content":{"rendered":"<p>M\u00fcnchen, Verlag der &#8222;Jugend&#8220; (1908).<\/p>\n<p>25 : 21,5 cm. XVI, 365 Seiten mit 3152 Abbildungen. Farbig illustrierter Original-Leinenband.<\/p>\n<p>160,00 EUR<\/p>\n","protected":false},"excerpt":{"rendered":"<p>Erste Ausgabe. &#8211; Mit Abbildungen von Rudolf Alt, L. Corinth, H.v. Habermann, H. Kley, M. Liebermann, O. Modersohn, B. Paul, M. Slevogt, F.v. Stuck, H. Zille u.v.a.<\/p>\n","protected":false},"featured_media":16986,"template":"","meta":[],"product_brand":[],"product_cat":[29,43,49,914],"product_tag":[],"class_list":{"0":"post-4281","1":"product","2":"type-product","3":"status-publish","4":"has-post-thumbnail","6":"product_cat-20-jahrhundert","7":"product_cat-illustrierte-buecher","8":"product_cat-jugendstil","9":"product_cat-zvab","11":"first","12":"instock","13":"purchasable","14":"product-type-simple"},"_links":{"self":[{"href":"https:\/\/antiquariat-steinbach.com\/rarebooks\/wp-json\/wp\/v2\/product\/4281","targetHints":{"allow":["GET"]}}],"collection":[{"href":"https:\/\/antiquariat-steinbach.com\/rarebooks\/wp-json\/wp\/v2\/product"}],"about":[{"href":"https:\/\/antiquariat-steinbach.com\/rarebooks\/wp-json\/wp\/v2\/types\/product"}],"version-history":[{"count":3,"href":"https:\/\/antiquariat-steinbach.com\/rarebooks\/wp-json\/wp\/v2\/product\/4281\/revisions"}],"predecessor-version":[{"id":20147,"href":"https:\/\/antiquariat-steinbach.com\/rarebooks\/wp-json\/wp\/v2\/product\/4281\/revisions\/20147"}],"wp:featuredmedia":[{"embeddable":true,"href":"https:\/\/antiquariat-steinbach.com\/rarebooks\/wp-json\/wp\/v2\/media\/16986"}],"wp:attachment":[{"href":"https:\/\/antiquariat-steinbach.com\/rarebooks\/wp-json\/wp\/v2\/media?parent=4281"}],"wp:term":[{"taxonomy":"product_brand","embeddable":true,"href":"https:\/\/antiquariat-steinbach.com\/rarebooks\/wp-json\/wp\/v2\/product_brand?post=4281"},{"taxonomy":"product_cat","embeddable":true,"href":"https:\/\/antiquariat-steinbach.com\/rarebooks\/wp-json\/wp\/v2\/product_cat?post=4281"},{"taxonomy":"product_tag","embeddable":true,"href":"https:\/\/antiquariat-steinbach.com\/rarebooks\/wp-json\/wp\/v2\/product_tag?post=4281"}],"curies":[{"name":"wp","href":"https:\/\/api.w.org\/{rel}","templated":true}]}}