{"id":4249,"date":"2026-03-12T00:12:14","date_gmt":"2026-03-11T23:12:14","guid":{"rendered":"http:\/\/antiquariat-steinbach.com\/rarebooks\/produkt\/christian-jorhan-d-ae-1727-1804-eine-einfuehrung\/"},"modified":"2026-03-12T00:12:15","modified_gmt":"2026-03-11T23:12:15","slug":"jorhan-schmidt-otto-wolf-christian-von-der-muelbe-christian-jorhan-d-ae-1727-1804-eine-einfuehrung","status":"publish","type":"product","link":"https:\/\/antiquariat-steinbach.com\/rarebooks\/produkt\/jorhan-schmidt-otto-wolf-christian-von-der-muelbe-christian-jorhan-d-ae-1727-1804-eine-einfuehrung\/","title":{"rendered":"Jorhan &#8211;   Schmidt, Otto, Wolf-Christian von der M\u00fclbe. &#8211;  Christian Jorhan d.\u00c4. 1727 &#8211; 1804. Eine Einf\u00fchrung."},"content":{"rendered":"<p>Riemerling, Hornung, 1986.<\/p>\n<p>30.5 : 24,5 cm. 281 pages, with 66 coloured plates and 30 Facsimilies. Original cloth with dust jacket, slipcase.<\/p>\n<p>350,00 EUR<\/p>\n","protected":false},"excerpt":{"rendered":"<p>Jorhan (1727 &#8211; 1804) made one of the most beautiful works for liturgical use: polychrome statues of Jesus, the Virgin Maria, the Saints. The book gives an overview of his life, influnce, and product adorning the baroque splendor of Germany and neigboring countries. &#8211; A mint copy.<\/p>\n","protected":false},"featured_media":14828,"template":"","meta":[],"product_brand":[],"product_cat":[74,69,366,914],"product_tag":[],"class_list":{"0":"post-4249","1":"product","2":"type-product","3":"status-publish","4":"has-post-thumbnail","6":"product_cat-deutschland","7":"product_cat-kunstgeschichte","8":"product_cat-plastik","9":"product_cat-zvab","11":"first","12":"instock","13":"purchasable","14":"product-type-simple"},"_links":{"self":[{"href":"https:\/\/antiquariat-steinbach.com\/rarebooks\/wp-json\/wp\/v2\/product\/4249","targetHints":{"allow":["GET"]}}],"collection":[{"href":"https:\/\/antiquariat-steinbach.com\/rarebooks\/wp-json\/wp\/v2\/product"}],"about":[{"href":"https:\/\/antiquariat-steinbach.com\/rarebooks\/wp-json\/wp\/v2\/types\/product"}],"version-history":[{"count":3,"href":"https:\/\/antiquariat-steinbach.com\/rarebooks\/wp-json\/wp\/v2\/product\/4249\/revisions"}],"predecessor-version":[{"id":20133,"href":"https:\/\/antiquariat-steinbach.com\/rarebooks\/wp-json\/wp\/v2\/product\/4249\/revisions\/20133"}],"wp:featuredmedia":[{"embeddable":true,"href":"https:\/\/antiquariat-steinbach.com\/rarebooks\/wp-json\/wp\/v2\/media\/14828"}],"wp:attachment":[{"href":"https:\/\/antiquariat-steinbach.com\/rarebooks\/wp-json\/wp\/v2\/media?parent=4249"}],"wp:term":[{"taxonomy":"product_brand","embeddable":true,"href":"https:\/\/antiquariat-steinbach.com\/rarebooks\/wp-json\/wp\/v2\/product_brand?post=4249"},{"taxonomy":"product_cat","embeddable":true,"href":"https:\/\/antiquariat-steinbach.com\/rarebooks\/wp-json\/wp\/v2\/product_cat?post=4249"},{"taxonomy":"product_tag","embeddable":true,"href":"https:\/\/antiquariat-steinbach.com\/rarebooks\/wp-json\/wp\/v2\/product_tag?post=4249"}],"curies":[{"name":"wp","href":"https:\/\/api.w.org\/{rel}","templated":true}]}}