{"id":4239,"date":"2026-03-12T00:12:12","date_gmt":"2026-03-11T23:12:12","guid":{"rendered":"http:\/\/antiquariat-steinbach.com\/rarebooks\/produkt\/staedtische-lusthaeuser-das-einzige-was-uns-retten-kann-und-verordnung-wider-die-verfuehrung-junger-maedchen-zu-bordellen-berlin-1829\/"},"modified":"2026-03-12T00:12:13","modified_gmt":"2026-03-11T23:12:13","slug":"joerg-schoenig-otto-uwe-hrsg-staedtische-lusthaeuser-das-einzige-was-uns-retten-kann-und-verordnung-wider-die-verfuehrung-junger-maedchen-zu-bordellen-berlin-1829","status":"publish","type":"product","link":"https:\/\/antiquariat-steinbach.com\/rarebooks\/produkt\/joerg-schoenig-otto-uwe-hrsg-staedtische-lusthaeuser-das-einzige-was-uns-retten-kann-und-verordnung-wider-die-verfuehrung-junger-maedchen-zu-bordellen-berlin-1829\/","title":{"rendered":"J\u00f6rg &#8211; Sch\u00f6nig &#8211;   Otto, Uwe (Hrsg.): &#8211;  St\u00e4dtische Lusth\u00e4user &#8211; das einzige was uns retten kann &#8211; und Verordnung wider die Verf\u00fchrung junger M\u00e4dchen zu Bordellen Berlin 1829."},"content":{"rendered":"<p>Berlin, Berliner Handpresse 1983.<\/p>\n<p>34,5 : 24,5 cm. 8 Blatt mit Illustrationen von Wolfgang J\u00f6rg und Erich Sch\u00f6nig. Illustrierter Original-Halbleinenband.<\/p>\n<p>30,00 EUR<\/p>\n","protected":false},"excerpt":{"rendered":"<p>Eines von 1000 numerierten Exemplaren. Druckvermerk von den K\u00fcnstlern signiert. Berliner Handpresse, Satyren und Launen Nr. 21.<\/p>\n","protected":false},"featured_media":22799,"template":"","meta":[],"product_brand":[],"product_cat":[29,43,494,46,914],"product_tag":[],"class_list":{"0":"post-4239","1":"product","2":"type-product","3":"status-publish","4":"has-post-thumbnail","6":"product_cat-20-jahrhundert","7":"product_cat-illustrierte-buecher","8":"product_cat-pressendr-mod","9":"product_cat-pressendrucke","10":"product_cat-zvab","12":"first","13":"instock","14":"purchasable","15":"product-type-simple"},"_links":{"self":[{"href":"https:\/\/antiquariat-steinbach.com\/rarebooks\/wp-json\/wp\/v2\/product\/4239","targetHints":{"allow":["GET"]}}],"collection":[{"href":"https:\/\/antiquariat-steinbach.com\/rarebooks\/wp-json\/wp\/v2\/product"}],"about":[{"href":"https:\/\/antiquariat-steinbach.com\/rarebooks\/wp-json\/wp\/v2\/types\/product"}],"version-history":[{"count":3,"href":"https:\/\/antiquariat-steinbach.com\/rarebooks\/wp-json\/wp\/v2\/product\/4239\/revisions"}],"predecessor-version":[{"id":20128,"href":"https:\/\/antiquariat-steinbach.com\/rarebooks\/wp-json\/wp\/v2\/product\/4239\/revisions\/20128"}],"wp:featuredmedia":[{"embeddable":true,"href":"https:\/\/antiquariat-steinbach.com\/rarebooks\/wp-json\/wp\/v2\/media\/22799"}],"wp:attachment":[{"href":"https:\/\/antiquariat-steinbach.com\/rarebooks\/wp-json\/wp\/v2\/media?parent=4239"}],"wp:term":[{"taxonomy":"product_brand","embeddable":true,"href":"https:\/\/antiquariat-steinbach.com\/rarebooks\/wp-json\/wp\/v2\/product_brand?post=4239"},{"taxonomy":"product_cat","embeddable":true,"href":"https:\/\/antiquariat-steinbach.com\/rarebooks\/wp-json\/wp\/v2\/product_cat?post=4239"},{"taxonomy":"product_tag","embeddable":true,"href":"https:\/\/antiquariat-steinbach.com\/rarebooks\/wp-json\/wp\/v2\/product_tag?post=4239"}],"curies":[{"name":"wp","href":"https:\/\/api.w.org\/{rel}","templated":true}]}}