{"id":4217,"date":"2026-03-12T00:12:09","date_gmt":"2026-03-11T23:12:09","guid":{"rendered":"http:\/\/antiquariat-steinbach.com\/rarebooks\/produkt\/welt-und-zeit\/"},"modified":"2026-03-12T00:12:11","modified_gmt":"2026-03-11T23:12:11","slug":"jassoy-d-l-welt-und-zeit","status":"publish","type":"product","link":"https:\/\/antiquariat-steinbach.com\/rarebooks\/produkt\/jassoy-d-l-welt-und-zeit\/","title":{"rendered":"(Jassoy, D.L.): &#8211;  Welt und Zeit."},"content":{"rendered":"<p>Germanien (d.i. Berlin, Reimer) 1816 &#8211; 1819.<\/p>\n<p>2. verb. und verm. Auflage. 4 (von 6) Teilen in 2 B\u00e4nden. 20,5 : 12,5 cm. 205 Seiten, 1 w. Blatt; 227; 200; 318 Seiten Halblederb\u00e4nde der Zeit mit R\u00fcckenvergoldung und R\u00fcckenschild.<\/p>\n<p>250,00 EUR<\/p>\n","protected":false},"excerpt":{"rendered":"<p>Die ersten vier von insgesamt sechs Teilen der bis 1828 erschienenen vielbeachteten Essaysammlung des Frankfurter Juristen Daniel Ludwig Jassoy (1768-1831). Ernsthafte Betrachtungen wechseln mit satirischen, in &#8218;Allerlei&#8216; sind epigrammatische K\u00fcrzestbetrachtungen gesammelt, und die &#8218;Vernunft der k\u00fcnftigen Zeit&#8216; stellt die &#8218;Staatsbaukunst der Deutschen im Jahre 1900&#8216; dar. Ferner \u00fcber Schriftstellerei, Pre\u00dffreiheit, Volkstracht und Erziehung. \u00dcber Staatsbaukunst, Staatsformen, Staatsverwaltung und Staatsm\u00e4nner. Verbotene Waaren im Reiche der Legitimit\u00e4t und der Beschr\u00e4nkung. Ueber den Unterschied zwischen Staatsdienern und Staatsbedienten(!). Beweise f\u00fcr &#8218;die Unvernunft unserer Zeit&#8216; usw. Die Holzschnittafel mit dem Spruch: &#8218;Neujahrswunsch f\u00fcr alle wahre deutsche M\u00e4nner von der Ostsee an bis zum Nord- und adriatischen Meere, welche nicht im Provinzialgeiste erstorben sind, und ihr Vaterland aufrichtig lieben. Einheit, Freiheit und Gerechtigkeit!. &#8211; Teil 1 in zweiter vermehrter Auflage, Teile 2 -4 in erster Ausgabe; die Teile 5 und 6 erschienen erst 1822 &#8211; 1828. &#8211;    Sehr sch\u00f6nes, dekorativ gebundenes Exemplar. &#8211; Holzmann\/B. IV, 12071; Weller, Druckorte I, 220; Goed. X, 575, 87,1.<\/p>\n","protected":false},"featured_media":14821,"template":"","meta":[],"product_brand":[],"product_cat":[74,97,914],"product_tag":[],"class_list":{"0":"post-4217","1":"product","2":"type-product","3":"status-publish","4":"has-post-thumbnail","6":"product_cat-deutschland","7":"product_cat-geschichte","8":"product_cat-zvab","10":"first","11":"instock","12":"purchasable","13":"product-type-simple"},"_links":{"self":[{"href":"https:\/\/antiquariat-steinbach.com\/rarebooks\/wp-json\/wp\/v2\/product\/4217","targetHints":{"allow":["GET"]}}],"collection":[{"href":"https:\/\/antiquariat-steinbach.com\/rarebooks\/wp-json\/wp\/v2\/product"}],"about":[{"href":"https:\/\/antiquariat-steinbach.com\/rarebooks\/wp-json\/wp\/v2\/types\/product"}],"version-history":[{"count":4,"href":"https:\/\/antiquariat-steinbach.com\/rarebooks\/wp-json\/wp\/v2\/product\/4217\/revisions"}],"predecessor-version":[{"id":23624,"href":"https:\/\/antiquariat-steinbach.com\/rarebooks\/wp-json\/wp\/v2\/product\/4217\/revisions\/23624"}],"wp:featuredmedia":[{"embeddable":true,"href":"https:\/\/antiquariat-steinbach.com\/rarebooks\/wp-json\/wp\/v2\/media\/14821"}],"wp:attachment":[{"href":"https:\/\/antiquariat-steinbach.com\/rarebooks\/wp-json\/wp\/v2\/media?parent=4217"}],"wp:term":[{"taxonomy":"product_brand","embeddable":true,"href":"https:\/\/antiquariat-steinbach.com\/rarebooks\/wp-json\/wp\/v2\/product_brand?post=4217"},{"taxonomy":"product_cat","embeddable":true,"href":"https:\/\/antiquariat-steinbach.com\/rarebooks\/wp-json\/wp\/v2\/product_cat?post=4217"},{"taxonomy":"product_tag","embeddable":true,"href":"https:\/\/antiquariat-steinbach.com\/rarebooks\/wp-json\/wp\/v2\/product_tag?post=4217"}],"curies":[{"name":"wp","href":"https:\/\/api.w.org\/{rel}","templated":true}]}}