{"id":4125,"date":"2026-03-12T00:12:01","date_gmt":"2026-03-11T23:12:01","guid":{"rendered":"http:\/\/antiquariat-steinbach.com\/rarebooks\/produkt\/moderne-kunstchronik-oder-die-rumfordsche-suppe-von-josef-anton-koch-in-rom\/"},"modified":"2026-03-12T00:12:02","modified_gmt":"2026-03-11T23:12:02","slug":"jaffe-ernst-moderne-kunstchronik-oder-die-rumfordsche-suppe-von-josef-anton-koch-in-rom","status":"publish","type":"product","link":"https:\/\/antiquariat-steinbach.com\/rarebooks\/produkt\/jaffe-ernst-moderne-kunstchronik-oder-die-rumfordsche-suppe-von-josef-anton-koch-in-rom\/","title":{"rendered":"Jaff\u00e9, Ernst. &#8211;  Moderne Kunstchronik oder &#8222;Die Rumfordsche Suppe&#8220; von Josef Anton Koch in Rom."},"content":{"rendered":"<p>Innsbruck, Wagner, 1905.<\/p>\n<p>22 : 15 cm. 169 Seiten, 1 Blatt. Farbig illustrierter Original-Karton.<\/p>\n<p>75,00 EUR<\/p>\n","protected":false},"excerpt":{"rendered":"<p>Heute woieder hochaktuelles Werk \u00fcber Kutur und Kulturschaffende und -verwaltende. &#8222;Die pers\u00f6nlichen Spitzen, die in dieser Satire enthalten sind, tun nicht mehr weh, dazu liegt ihre Entstehung zu weit zur\u00fcck, aber was sie \u00fcber Zust\u00e4nde in der Kunst, \u00fcber Kunstakademien und Kunstsammlungen, K\u00fcnstler und Kunstgewerbe, Kunstkritiker und M\u00e4cenaten, Antiquare und Kunsth\u00e4ndler und \u00fcber vieles andere zu sagen wei\u00df, ds trifft auch heute noch h\u00e4ufig den Nagel auf den Kopf&#8220; (Zitat Beiblatt). &#8211; Teils unbeschnitten, Einband stellenweise gering fleckig. &#8211; Selten.<\/p>\n","protected":false},"featured_media":0,"template":"","meta":[],"product_brand":[],"product_cat":[123,59,105,69,914],"product_tag":[],"class_list":{"0":"post-4125","1":"product","2":"type-product","3":"status-publish","5":"product_cat-karikatur","6":"product_cat-kulturgeschichte","7":"product_cat-kunst","8":"product_cat-kunstgeschichte","9":"product_cat-zvab","11":"first","12":"instock","13":"purchasable","14":"product-type-simple"},"_links":{"self":[{"href":"https:\/\/antiquariat-steinbach.com\/rarebooks\/wp-json\/wp\/v2\/product\/4125","targetHints":{"allow":["GET"]}}],"collection":[{"href":"https:\/\/antiquariat-steinbach.com\/rarebooks\/wp-json\/wp\/v2\/product"}],"about":[{"href":"https:\/\/antiquariat-steinbach.com\/rarebooks\/wp-json\/wp\/v2\/types\/product"}],"version-history":[{"count":3,"href":"https:\/\/antiquariat-steinbach.com\/rarebooks\/wp-json\/wp\/v2\/product\/4125\/revisions"}],"predecessor-version":[{"id":20076,"href":"https:\/\/antiquariat-steinbach.com\/rarebooks\/wp-json\/wp\/v2\/product\/4125\/revisions\/20076"}],"wp:attachment":[{"href":"https:\/\/antiquariat-steinbach.com\/rarebooks\/wp-json\/wp\/v2\/media?parent=4125"}],"wp:term":[{"taxonomy":"product_brand","embeddable":true,"href":"https:\/\/antiquariat-steinbach.com\/rarebooks\/wp-json\/wp\/v2\/product_brand?post=4125"},{"taxonomy":"product_cat","embeddable":true,"href":"https:\/\/antiquariat-steinbach.com\/rarebooks\/wp-json\/wp\/v2\/product_cat?post=4125"},{"taxonomy":"product_tag","embeddable":true,"href":"https:\/\/antiquariat-steinbach.com\/rarebooks\/wp-json\/wp\/v2\/product_tag?post=4125"}],"curies":[{"name":"wp","href":"https:\/\/api.w.org\/{rel}","templated":true}]}}