{"id":4113,"date":"2026-03-12T00:12:01","date_gmt":"2026-03-11T23:12:01","guid":{"rendered":"http:\/\/antiquariat-steinbach.com\/rarebooks\/produkt\/freak-fuenf-lithographien-und-fuenf-fotoreproduktionen\/"},"modified":"2026-03-12T00:12:01","modified_gmt":"2026-03-11T23:12:01","slug":"jaeger-bernhard-freak-fuenf-lithographien-und-fuenf-fotoreproduktionen","status":"publish","type":"product","link":"https:\/\/antiquariat-steinbach.com\/rarebooks\/produkt\/jaeger-bernhard-freak-fuenf-lithographien-und-fuenf-fotoreproduktionen\/","title":{"rendered":"J\u00e4ger, Bernhard. &#8211;  Freak. F\u00fcnf Lithographien und f\u00fcnf Fotoreproduktionen."},"content":{"rendered":"<p>Frankfurt, Draier, 1971.<\/p>\n<p>59 : 42 cm. Illustrierter Titel, f\u00fcnf signierte und nummerierte original Farblithographien und f\u00fcnf fotografische Tafeln. Original-Halbleinen-Mappe mit farbiger Deckelillustration.<\/p>\n<p>175,00 EUR<\/p>\n","protected":false},"excerpt":{"rendered":"<p>Eine von 60 Exemplaren der einmaligen Auflage. &#8211; Enth\u00e4lt die wie folgt betitelten Motive: &#8218;Traumt\u00e4nzer&#8216;, &#8218;Spiegelbild des Mutanten&#8216;, &#8218;Zecke&#8216;, &#8218;Ikarus&#8216; und &#8218;Cheese.<\/p>\n","protected":false},"featured_media":0,"template":"","meta":[],"product_brand":[],"product_cat":[29,914],"product_tag":[],"class_list":{"0":"post-4113","1":"product","2":"type-product","3":"status-publish","5":"product_cat-20-jahrhundert","6":"product_cat-zvab","8":"first","9":"instock","10":"purchasable","11":"product-type-simple"},"_links":{"self":[{"href":"https:\/\/antiquariat-steinbach.com\/rarebooks\/wp-json\/wp\/v2\/product\/4113","targetHints":{"allow":["GET"]}}],"collection":[{"href":"https:\/\/antiquariat-steinbach.com\/rarebooks\/wp-json\/wp\/v2\/product"}],"about":[{"href":"https:\/\/antiquariat-steinbach.com\/rarebooks\/wp-json\/wp\/v2\/types\/product"}],"version-history":[{"count":3,"href":"https:\/\/antiquariat-steinbach.com\/rarebooks\/wp-json\/wp\/v2\/product\/4113\/revisions"}],"predecessor-version":[{"id":20071,"href":"https:\/\/antiquariat-steinbach.com\/rarebooks\/wp-json\/wp\/v2\/product\/4113\/revisions\/20071"}],"wp:attachment":[{"href":"https:\/\/antiquariat-steinbach.com\/rarebooks\/wp-json\/wp\/v2\/media?parent=4113"}],"wp:term":[{"taxonomy":"product_brand","embeddable":true,"href":"https:\/\/antiquariat-steinbach.com\/rarebooks\/wp-json\/wp\/v2\/product_brand?post=4113"},{"taxonomy":"product_cat","embeddable":true,"href":"https:\/\/antiquariat-steinbach.com\/rarebooks\/wp-json\/wp\/v2\/product_cat?post=4113"},{"taxonomy":"product_tag","embeddable":true,"href":"https:\/\/antiquariat-steinbach.com\/rarebooks\/wp-json\/wp\/v2\/product_tag?post=4113"}],"curies":[{"name":"wp","href":"https:\/\/api.w.org\/{rel}","templated":true}]}}