{"id":4105,"date":"2026-03-12T00:11:00","date_gmt":"2026-03-11T23:11:00","guid":{"rendered":"http:\/\/antiquariat-steinbach.com\/rarebooks\/produkt\/auszug-der-chemie-zur-artillerie-lehre\/"},"modified":"2026-03-12T00:11:02","modified_gmt":"2026-03-11T23:11:02","slug":"jacquin-n-j-edler-von-auszug-der-chemie-zur-artillerie-lehre","status":"publish","type":"product","link":"https:\/\/antiquariat-steinbach.com\/rarebooks\/produkt\/jacquin-n-j-edler-von-auszug-der-chemie-zur-artillerie-lehre\/","title":{"rendered":"Jacquin, N.J. Edler von: &#8211;  Auszug der Chemie zur Artillerie Lehre."},"content":{"rendered":"<p>(\u00d6sterreich, 1823).<\/p>\n<p>24 : 19,5 cm. 134 Blatt, 2 w. Blatt mit 3 Tabellen. Halblederband der Zeit mit zwei farbigen R\u00fcckenschildern.<\/p>\n<p>280,00 EUR<\/p>\n","protected":false},"excerpt":{"rendered":"<p>Gr\u00f6\u00dftenteils Auszug aus Jacquin&#8217;s &#8218;Lehrbuch der Chemie zum Verst\u00e4ndnis f\u00fcr die Gesch\u00fctzkunst&#8216;. &#8222;Diejenigen Gegenst\u00e4nde der Chemie, welche in der Abhandlung \u00fcber die Gesch\u00fctzkunst selbst aufgestellet sind; als zum Beyspiel die Eigenschaften und die Erzeugung in technologischer Hinsicht des Salzpeters, des Schwefels u.s.w. hat man hier ausgelassen&#8220; (Vorbericht). Manuskript zum Vortrag f\u00fcr das 5. Feld Artillerie Regiment. &#8211; Beiliegt: Eigenh\u00e4ndige Meldung vom 29.XI. 1823 mit den durchgenommen Kapiteln. 1 Blatt. Mit 6 Unterschriften, darunter ein Major, ein Oberst, ein Feuerwehrmeister. &#8211; Sch\u00f6ne und gut lesbare Handschrift. Mit Umrahmung in Feder. Sehr gut erhalten.<\/p>\n","protected":false},"featured_media":0,"template":"","meta":[],"product_brand":[],"product_cat":[71,440,264,914],"product_tag":[],"class_list":{"0":"post-4105","1":"product","2":"type-product","3":"status-publish","5":"product_cat-austriaca","6":"product_cat-bw11","7":"product_cat-militaria","8":"product_cat-zvab","10":"first","11":"instock","12":"purchasable","13":"product-type-simple"},"_links":{"self":[{"href":"https:\/\/antiquariat-steinbach.com\/rarebooks\/wp-json\/wp\/v2\/product\/4105","targetHints":{"allow":["GET"]}}],"collection":[{"href":"https:\/\/antiquariat-steinbach.com\/rarebooks\/wp-json\/wp\/v2\/product"}],"about":[{"href":"https:\/\/antiquariat-steinbach.com\/rarebooks\/wp-json\/wp\/v2\/types\/product"}],"version-history":[{"count":3,"href":"https:\/\/antiquariat-steinbach.com\/rarebooks\/wp-json\/wp\/v2\/product\/4105\/revisions"}],"predecessor-version":[{"id":20068,"href":"https:\/\/antiquariat-steinbach.com\/rarebooks\/wp-json\/wp\/v2\/product\/4105\/revisions\/20068"}],"wp:attachment":[{"href":"https:\/\/antiquariat-steinbach.com\/rarebooks\/wp-json\/wp\/v2\/media?parent=4105"}],"wp:term":[{"taxonomy":"product_brand","embeddable":true,"href":"https:\/\/antiquariat-steinbach.com\/rarebooks\/wp-json\/wp\/v2\/product_brand?post=4105"},{"taxonomy":"product_cat","embeddable":true,"href":"https:\/\/antiquariat-steinbach.com\/rarebooks\/wp-json\/wp\/v2\/product_cat?post=4105"},{"taxonomy":"product_tag","embeddable":true,"href":"https:\/\/antiquariat-steinbach.com\/rarebooks\/wp-json\/wp\/v2\/product_tag?post=4105"}],"curies":[{"name":"wp","href":"https:\/\/api.w.org\/{rel}","templated":true}]}}