{"id":4101,"date":"2026-03-12T00:11:00","date_gmt":"2026-03-11T23:11:00","guid":{"rendered":"http:\/\/antiquariat-steinbach.com\/rarebooks\/produkt\/handbuch-fuer-die-getraenke-industrie-getraenke-fabriken-und-den-getraenke-grossbetrieb\/"},"modified":"2026-03-12T00:11:01","modified_gmt":"2026-03-11T23:11:01","slug":"jacobsen-eduard-handbuch-fuer-die-getraenke-industrie-getraenke-fabriken-und-den-getraenke-grossbetrieb","status":"publish","type":"product","link":"https:\/\/antiquariat-steinbach.com\/rarebooks\/produkt\/jacobsen-eduard-handbuch-fuer-die-getraenke-industrie-getraenke-fabriken-und-den-getraenke-grossbetrieb\/","title":{"rendered":"Jacobsen, Eduard: &#8211;  Handbuch f\u00fcr die Getr\u00e4nke-Industrie, Getr\u00e4nke-Fabriken und den Getr\u00e4nke-Gro\u00dfbetrieb."},"content":{"rendered":"<p>Berlin, Parey 1925.<\/p>\n<p>24,5 : 17 cm. XXVII, 1251 Seiten, 18 Seiten Anzeigen, 1 Blatt mit 371 Textabbildungen und 46 Pl\u00e4nen im Text und auf 11 Tafeln. Original-Leinenband.<\/p>\n<p>180,00 EUR<\/p>\n","protected":false},"excerpt":{"rendered":"<p>Erste Ausgabe dieses umfangreichen Standardwerkes. Beschreibt Herstellung und fabrikative Verarbeitung (einschlie\u00dflich Gro\u00dfhandel) alkoholhaltiger und alkoholfreier Getr\u00e4nke sowie Darstellungen, Entw\u00fcrfe und Kostenanschl\u00e4ge der dazugeh\u00f6rigen Fabrikbetriebe. Die Tafeln mit Darstellungen einer Musteranlage eines Getr\u00e4nkegro\u00dfbetriebes.<\/p>\n","protected":false},"featured_media":0,"template":"","meta":[],"product_brand":[],"product_cat":[58,80,914],"product_tag":[],"class_list":{"0":"post-4101","1":"product","2":"type-product","3":"status-publish","5":"product_cat-gastronomie","6":"product_cat-getraenke","7":"product_cat-zvab","9":"first","10":"instock","11":"purchasable","12":"product-type-simple"},"_links":{"self":[{"href":"https:\/\/antiquariat-steinbach.com\/rarebooks\/wp-json\/wp\/v2\/product\/4101","targetHints":{"allow":["GET"]}}],"collection":[{"href":"https:\/\/antiquariat-steinbach.com\/rarebooks\/wp-json\/wp\/v2\/product"}],"about":[{"href":"https:\/\/antiquariat-steinbach.com\/rarebooks\/wp-json\/wp\/v2\/types\/product"}],"version-history":[{"count":3,"href":"https:\/\/antiquariat-steinbach.com\/rarebooks\/wp-json\/wp\/v2\/product\/4101\/revisions"}],"predecessor-version":[{"id":20065,"href":"https:\/\/antiquariat-steinbach.com\/rarebooks\/wp-json\/wp\/v2\/product\/4101\/revisions\/20065"}],"wp:attachment":[{"href":"https:\/\/antiquariat-steinbach.com\/rarebooks\/wp-json\/wp\/v2\/media?parent=4101"}],"wp:term":[{"taxonomy":"product_brand","embeddable":true,"href":"https:\/\/antiquariat-steinbach.com\/rarebooks\/wp-json\/wp\/v2\/product_brand?post=4101"},{"taxonomy":"product_cat","embeddable":true,"href":"https:\/\/antiquariat-steinbach.com\/rarebooks\/wp-json\/wp\/v2\/product_cat?post=4101"},{"taxonomy":"product_tag","embeddable":true,"href":"https:\/\/antiquariat-steinbach.com\/rarebooks\/wp-json\/wp\/v2\/product_tag?post=4101"}],"curies":[{"name":"wp","href":"https:\/\/api.w.org\/{rel}","templated":true}]}}