{"id":4081,"date":"2026-03-12T00:10:58","date_gmt":"2026-03-11T23:10:58","guid":{"rendered":"http:\/\/antiquariat-steinbach.com\/rarebooks\/produkt\/die-stroemungen-der-atmosphaere-ueber-teneriffa\/"},"modified":"2026-03-12T00:11:00","modified_gmt":"2026-03-11T23:11:00","slug":"islas-canarias-mueller-fritz-die-stroemungen-der-atmosphaere-ueber-teneriffa","status":"publish","type":"product","link":"https:\/\/antiquariat-steinbach.com\/rarebooks\/produkt\/islas-canarias-mueller-fritz-die-stroemungen-der-atmosphaere-ueber-teneriffa\/","title":{"rendered":"Islas Canarias &#8211;   M\u00fcller, Fritz: &#8211;  Die Str\u00f6mungen der Atmosph\u00e4re \u00fcber Teneriffa."},"content":{"rendered":"<p>Dresden, Dittert 1936.<\/p>\n<p>24 : 17 cm. p\u00e1ginas 135 &#8211; 179<\/p>\n<p>35,00 EUR<\/p>\n","protected":false},"excerpt":{"rendered":"<p>Sobre el movimiento de la atmosphera sobra las isla de Tenerife. &#8211; Titulo con peque\u00f1o cu\u00f1o. &#8211; Raro.<\/p>\n","protected":false},"featured_media":0,"template":"","meta":[],"product_brand":[],"product_cat":[155,607,148,914],"product_tag":[],"class_list":{"0":"post-4081","1":"product","2":"type-product","3":"status-publish","5":"product_cat-m10","6":"product_cat-meteorologie","7":"product_cat-spanien","8":"product_cat-zvab","10":"first","11":"instock","12":"purchasable","13":"product-type-simple"},"_links":{"self":[{"href":"https:\/\/antiquariat-steinbach.com\/rarebooks\/wp-json\/wp\/v2\/product\/4081","targetHints":{"allow":["GET"]}}],"collection":[{"href":"https:\/\/antiquariat-steinbach.com\/rarebooks\/wp-json\/wp\/v2\/product"}],"about":[{"href":"https:\/\/antiquariat-steinbach.com\/rarebooks\/wp-json\/wp\/v2\/types\/product"}],"version-history":[{"count":3,"href":"https:\/\/antiquariat-steinbach.com\/rarebooks\/wp-json\/wp\/v2\/product\/4081\/revisions"}],"predecessor-version":[{"id":20056,"href":"https:\/\/antiquariat-steinbach.com\/rarebooks\/wp-json\/wp\/v2\/product\/4081\/revisions\/20056"}],"wp:attachment":[{"href":"https:\/\/antiquariat-steinbach.com\/rarebooks\/wp-json\/wp\/v2\/media?parent=4081"}],"wp:term":[{"taxonomy":"product_brand","embeddable":true,"href":"https:\/\/antiquariat-steinbach.com\/rarebooks\/wp-json\/wp\/v2\/product_brand?post=4081"},{"taxonomy":"product_cat","embeddable":true,"href":"https:\/\/antiquariat-steinbach.com\/rarebooks\/wp-json\/wp\/v2\/product_cat?post=4081"},{"taxonomy":"product_tag","embeddable":true,"href":"https:\/\/antiquariat-steinbach.com\/rarebooks\/wp-json\/wp\/v2\/product_tag?post=4081"}],"curies":[{"name":"wp","href":"https:\/\/api.w.org\/{rel}","templated":true}]}}