{"id":4079,"date":"2026-03-12T00:24:24","date_gmt":"2026-03-11T23:24:24","guid":{"rendered":"http:\/\/antiquariat-steinbach.com\/rarebooks\/produkt\/die-insel-tenerife\/"},"modified":"2026-03-12T00:24:26","modified_gmt":"2026-03-11T23:24:26","slug":"tenerife-meyer-hans-die-insel-tenerife","status":"publish","type":"product","link":"https:\/\/antiquariat-steinbach.com\/rarebooks\/produkt\/tenerife-meyer-hans-die-insel-tenerife\/","title":{"rendered":"Tenerife &#8211;   Meyer, Hans: &#8211;  Die Insel Tenerife."},"content":{"rendered":"<p>Leipzig, Hirzel, 1896.<\/p>\n<p>23 : 16 cm. VIII, 328 p\u00e1ginas con 4 mapas coloreadas y 33 ilustraci\u00f3nes en xylografia. Media piel en estilo de \u00e9poca, tejuelo.<\/p>\n<p>260,00 EUR<\/p>\n","protected":false},"excerpt":{"rendered":"<p>Las impresiones y observaci\u00f3nes del autor durante su estancia en Tenerife en la primavera del a\u00f1o 1894 en las m\u00e1s grande y mas bella isla del archipelago Canarias. &#8211;  &#8222;Das vorliegende Buch ist aus Eindr\u00fccken und Beobachtungen hervorgegangen, die ich im Fr\u00fchjahr des&#8230;Jahres (1894) auf der gr\u00f6\u00dften und sch\u00f6nsten der Canarischen Inseln gewonnen und gesammelt habe&#8230;.S\u00e4mtliche H\u00f6henangaben&#8230;beruhen auf eigenen barometrischen Messungen&#8220; (Vorwort). &#8211; Adjunto: F. von Luschan. \u00dcber eine Sch\u00e4delsammlung von den Canarischen Inseln (S. 283 &#8211; 319).<\/p>\n","protected":false},"featured_media":18235,"template":"","meta":[],"product_brand":[],"product_cat":[65,981,148,914],"product_tag":[],"class_list":{"0":"post-4079","1":"product","2":"type-product","3":"status-publish","4":"has-post-thumbnail","6":"product_cat-geographie","7":"product_cat-madrid-23","8":"product_cat-spanien","9":"product_cat-zvab","11":"first","12":"instock","13":"purchasable","14":"product-type-simple"},"_links":{"self":[{"href":"https:\/\/antiquariat-steinbach.com\/rarebooks\/wp-json\/wp\/v2\/product\/4079","targetHints":{"allow":["GET"]}}],"collection":[{"href":"https:\/\/antiquariat-steinbach.com\/rarebooks\/wp-json\/wp\/v2\/product"}],"about":[{"href":"https:\/\/antiquariat-steinbach.com\/rarebooks\/wp-json\/wp\/v2\/types\/product"}],"version-history":[{"count":5,"href":"https:\/\/antiquariat-steinbach.com\/rarebooks\/wp-json\/wp\/v2\/product\/4079\/revisions"}],"predecessor-version":[{"id":25030,"href":"https:\/\/antiquariat-steinbach.com\/rarebooks\/wp-json\/wp\/v2\/product\/4079\/revisions\/25030"}],"wp:featuredmedia":[{"embeddable":true,"href":"https:\/\/antiquariat-steinbach.com\/rarebooks\/wp-json\/wp\/v2\/media\/18235"}],"wp:attachment":[{"href":"https:\/\/antiquariat-steinbach.com\/rarebooks\/wp-json\/wp\/v2\/media?parent=4079"}],"wp:term":[{"taxonomy":"product_brand","embeddable":true,"href":"https:\/\/antiquariat-steinbach.com\/rarebooks\/wp-json\/wp\/v2\/product_brand?post=4079"},{"taxonomy":"product_cat","embeddable":true,"href":"https:\/\/antiquariat-steinbach.com\/rarebooks\/wp-json\/wp\/v2\/product_cat?post=4079"},{"taxonomy":"product_tag","embeddable":true,"href":"https:\/\/antiquariat-steinbach.com\/rarebooks\/wp-json\/wp\/v2\/product_tag?post=4079"}],"curies":[{"name":"wp","href":"https:\/\/api.w.org\/{rel}","templated":true}]}}