{"id":4045,"date":"2026-03-12T00:10:55","date_gmt":"2026-03-11T23:10:55","guid":{"rendered":"http:\/\/antiquariat-steinbach.com\/rarebooks\/produkt\/insel-buecherei\/"},"modified":"2026-03-12T00:10:56","modified_gmt":"2026-03-11T23:10:56","slug":"insel-buecherei-insel-buecherei","status":"publish","type":"product","link":"https:\/\/antiquariat-steinbach.com\/rarebooks\/produkt\/insel-buecherei-insel-buecherei\/","title":{"rendered":"Insel-B\u00fccherei &#8211;   Insel-B\u00fccherei."},"content":{"rendered":"<p>Leipzig, Wiesbaden, Frankfurt, Insel 1912 &#8211; 1978.<\/p>\n<p>Verschiedene Auflagen. 10 B\u00e4nde der Reihe. 18,5 : 12,5 cm. Mit vielen teils farbigen Tafeln und Abbildungen. Original-Pappb\u00e4nde mit Buntpapierbezug.<\/p>\n<p>20,00 EUR<\/p>\n","protected":false},"excerpt":{"rendered":"<p>Folgende B\u00e4nde sind vorhanden: 34. M\u00f6rike, E. Anakreon 194. Chamisso, A.v. Peter Schlemihls wundersame Geschichte 203. Gilgamensch. (R\u00fccken fehlt) 333. Geibel -Heyse. Spanisches Liederbuch 361. Nietzsche, Fr. Gedichte 420. Timmermans,F. Sankt Nikolaus in Not 477. Deutsches Handwerk im Mittelalter 547. Timmermans, F. Ich sah C\u00e4cilie kommen 653. Wilder, Th. Gl\u00fcckliche Reise 755. Die sch\u00f6nsten deutschen Spielkarten<\/p>\n","protected":false},"featured_media":0,"template":"","meta":[],"product_brand":[],"product_cat":[29,43,219,914],"product_tag":[],"class_list":{"0":"post-4045","1":"product","2":"type-product","3":"status-publish","5":"product_cat-20-jahrhundert","6":"product_cat-illustrierte-buecher","7":"product_cat-insel-verlag","8":"product_cat-zvab","10":"first","11":"instock","12":"purchasable","13":"product-type-simple"},"_links":{"self":[{"href":"https:\/\/antiquariat-steinbach.com\/rarebooks\/wp-json\/wp\/v2\/product\/4045","targetHints":{"allow":["GET"]}}],"collection":[{"href":"https:\/\/antiquariat-steinbach.com\/rarebooks\/wp-json\/wp\/v2\/product"}],"about":[{"href":"https:\/\/antiquariat-steinbach.com\/rarebooks\/wp-json\/wp\/v2\/types\/product"}],"version-history":[{"count":3,"href":"https:\/\/antiquariat-steinbach.com\/rarebooks\/wp-json\/wp\/v2\/product\/4045\/revisions"}],"predecessor-version":[{"id":20041,"href":"https:\/\/antiquariat-steinbach.com\/rarebooks\/wp-json\/wp\/v2\/product\/4045\/revisions\/20041"}],"wp:attachment":[{"href":"https:\/\/antiquariat-steinbach.com\/rarebooks\/wp-json\/wp\/v2\/media?parent=4045"}],"wp:term":[{"taxonomy":"product_brand","embeddable":true,"href":"https:\/\/antiquariat-steinbach.com\/rarebooks\/wp-json\/wp\/v2\/product_brand?post=4045"},{"taxonomy":"product_cat","embeddable":true,"href":"https:\/\/antiquariat-steinbach.com\/rarebooks\/wp-json\/wp\/v2\/product_cat?post=4045"},{"taxonomy":"product_tag","embeddable":true,"href":"https:\/\/antiquariat-steinbach.com\/rarebooks\/wp-json\/wp\/v2\/product_tag?post=4045"}],"curies":[{"name":"wp","href":"https:\/\/api.w.org\/{rel}","templated":true}]}}