{"id":4039,"date":"2026-03-12T00:10:55","date_gmt":"2026-03-11T23:10:55","guid":{"rendered":"http:\/\/antiquariat-steinbach.com\/rarebooks\/produkt\/von-den-mitteln-wider-verschiedene-den-menschen-thieren-und-erdfruechten-theils-beschwerliche-theils-schaedliche-insekten-und-andere-thiere\/"},"modified":"2026-03-12T00:10:55","modified_gmt":"2026-03-11T23:10:55","slug":"insekten-von-den-mitteln-wider-verschiedene-den-menschen-thieren-und-erdfruechten-theils-beschwerliche-theils-schaedliche-insekten-und-andere-thiere","status":"publish","type":"product","link":"https:\/\/antiquariat-steinbach.com\/rarebooks\/produkt\/insekten-von-den-mitteln-wider-verschiedene-den-menschen-thieren-und-erdfruechten-theils-beschwerliche-theils-schaedliche-insekten-und-andere-thiere\/","title":{"rendered":"Insekten &#8211;   Von den Mitteln wider verschiedene den Menschen, Thieren und Erdfr\u00fcchten theils beschwerliche, theils sch\u00e4dliche Insekten und andere Thiere."},"content":{"rendered":"<p>Graz, Kienreich 1801.<\/p>\n<p>16,5 : 9,5 cm. 3 Blatt, 204 Seiten, 1 Blatt Pappband der Zeit.<\/p>\n<p>170,00 EUR<\/p>\n","protected":false},"excerpt":{"rendered":"<p>Hausmittel gegen Ameisen, Fliegen, Fl\u00f6he, L\u00e4use, M\u00e4use, W\u00fcrmer u.v.m. &#8211; Zu Beginn einige Wurmg\u00e4nge; Einband etwas angestaubt.<\/p>\n","protected":false},"featured_media":27524,"template":"","meta":[],"product_brand":[],"product_cat":[82,98,914],"product_tag":[],"class_list":{"0":"post-4039","1":"product","2":"type-product","3":"status-publish","4":"has-post-thumbnail","6":"product_cat-naturwissenschaften","7":"product_cat-zoologie","8":"product_cat-zvab","10":"first","11":"instock","12":"purchasable","13":"product-type-simple"},"_links":{"self":[{"href":"https:\/\/antiquariat-steinbach.com\/rarebooks\/wp-json\/wp\/v2\/product\/4039","targetHints":{"allow":["GET"]}}],"collection":[{"href":"https:\/\/antiquariat-steinbach.com\/rarebooks\/wp-json\/wp\/v2\/product"}],"about":[{"href":"https:\/\/antiquariat-steinbach.com\/rarebooks\/wp-json\/wp\/v2\/types\/product"}],"version-history":[{"count":3,"href":"https:\/\/antiquariat-steinbach.com\/rarebooks\/wp-json\/wp\/v2\/product\/4039\/revisions"}],"predecessor-version":[{"id":20038,"href":"https:\/\/antiquariat-steinbach.com\/rarebooks\/wp-json\/wp\/v2\/product\/4039\/revisions\/20038"}],"wp:featuredmedia":[{"embeddable":true,"href":"https:\/\/antiquariat-steinbach.com\/rarebooks\/wp-json\/wp\/v2\/media\/27524"}],"wp:attachment":[{"href":"https:\/\/antiquariat-steinbach.com\/rarebooks\/wp-json\/wp\/v2\/media?parent=4039"}],"wp:term":[{"taxonomy":"product_brand","embeddable":true,"href":"https:\/\/antiquariat-steinbach.com\/rarebooks\/wp-json\/wp\/v2\/product_brand?post=4039"},{"taxonomy":"product_cat","embeddable":true,"href":"https:\/\/antiquariat-steinbach.com\/rarebooks\/wp-json\/wp\/v2\/product_cat?post=4039"},{"taxonomy":"product_tag","embeddable":true,"href":"https:\/\/antiquariat-steinbach.com\/rarebooks\/wp-json\/wp\/v2\/product_tag?post=4039"}],"curies":[{"name":"wp","href":"https:\/\/api.w.org\/{rel}","templated":true}]}}