{"id":3991,"date":"2026-03-12T00:22:53","date_gmt":"2026-03-11T23:22:53","guid":{"rendered":"http:\/\/antiquariat-steinbach.com\/rarebooks\/produkt\/trabrennen\/"},"modified":"2026-03-12T00:22:54","modified_gmt":"2026-03-11T23:22:54","slug":"slevogt-max-trabrennen","status":"publish","type":"product","link":"https:\/\/antiquariat-steinbach.com\/rarebooks\/produkt\/slevogt-max-trabrennen\/","title":{"rendered":"Slevogt, Max: &#8211;  Trabrennen."},"content":{"rendered":"<p>(Berlin), Bruno Cassirer (1923).<\/p>\n<p>38 : 46,5 cm. 13 signierte Original-Lithographien von Max Slevogt. Original-Japanpapierumschlag mit Deckellithographie und Schrift von Max Slevogt.<\/p>\n<p>3320,00 EUR<\/p>\n","protected":false},"excerpt":{"rendered":"<p>\u00c4u\u00dferst seltenes, in nur 100 Exemplaren erschienenes graphisches Hauptwerk des K\u00fcnstlers, welches Slevogt neben Liebermann einen ebenb\u00fcrtigen Rang im deutschen Impressionismus sichert. Wenn ihm aus dem Umkreis der ganzen modernen Kunst im Hinblick auf das Bewegungsproblem nur der unerreichte Meister auf diesem Gebiet, Toulouse-Lautrec nahesteht, so darf darann erinnert werden, da\u00df der Franzose diesen Stil ja auch beim Studium der Tiere als Sch\u00fcler Cormons gefunden hatte. Der einzigartige Grad von Lebendigkeit, mit dem Slevogt die Atmosph\u00e4re auf der Trabrennbahn niederschreibt, ist f\u00fcr die Geschichte der modernen Kunst betrachtet, Slevogts eigenste Erfindung. &#8222;Momente in seinen Rennskizzen kann man tats\u00e4chlich nur mit Toulouse-Lautrec vergleichen&#8220; (Waldmann, Max Slevogt S. 129). &#8211; Auf China. Auf dem ersten Blatt numeriert und mit Trockenstempel des Verlages. &#8211; Vereinzelt ganz schwach unfrisch, Bl\u00e4tter an den Kanten teils minimal umgelegt. &#8211; Komplette Exemplare dieser Folge sind fast nicht mehr auf dem Markt. &#8211;  Die Skizzen von Max Slevogt entstanden bei Pferderennen der Trabrennbahn Mariendorf,  Berlin, die Bruno Cassirer als Vorstand betreute. &#8211; &#8222;Die Trabrennbahn mit ihren bewegten bunten Treiben, spiegelt sich lebendig in den Zeichnungen: der Start, der Endspurt, das Leben der Trib\u00fcnen und des Sattelplatzes, die Rennen und ihr landschaftlicher Hintergrund, das Ganze des weiten Platzes, und einzelne Eindr\u00fccke, das alles ist vor der Natur leicht und wie im Fluge hingeschrieben, angedeuted und doch in seiner Weise ersch\u00f6pfend (Verlagsanzeige). &#8211; &#8222;Das f\u00fcr Slevogts Graphik eher untypische Thema wurde durch die Situation in Berlin wie auch durch den Einflu\u00df franz\u00f6sischer  Vorbilder zum Gegenstand der Auseinandersetzung. Es bot die M\u00f6glichkeit, ein rasant bewegtes Geschehen blitzschnell zu erfassen, was Slevogt besonders entgegenkam (Kat. M. Slevogt, Die Berliner Jahre S. 177). &#8211;  R\u00fcmann 103; S\u00f6hn 634 &#8211; 647.<\/p>\n","protected":false},"featured_media":16946,"template":"","meta":[],"product_brand":[],"product_cat":[29,43,639,914],"product_tag":[],"class_list":{"0":"post-3991","1":"product","2":"type-product","3":"status-publish","4":"has-post-thumbnail","6":"product_cat-20-jahrhundert","7":"product_cat-illustrierte-buecher","8":"product_cat-stgt-98","9":"product_cat-zvab","11":"first","12":"instock","13":"purchasable","14":"product-type-simple"},"_links":{"self":[{"href":"https:\/\/antiquariat-steinbach.com\/rarebooks\/wp-json\/wp\/v2\/product\/3991","targetHints":{"allow":["GET"]}}],"collection":[{"href":"https:\/\/antiquariat-steinbach.com\/rarebooks\/wp-json\/wp\/v2\/product"}],"about":[{"href":"https:\/\/antiquariat-steinbach.com\/rarebooks\/wp-json\/wp\/v2\/types\/product"}],"version-history":[{"count":5,"href":"https:\/\/antiquariat-steinbach.com\/rarebooks\/wp-json\/wp\/v2\/product\/3991\/revisions"}],"predecessor-version":[{"id":24996,"href":"https:\/\/antiquariat-steinbach.com\/rarebooks\/wp-json\/wp\/v2\/product\/3991\/revisions\/24996"}],"wp:featuredmedia":[{"embeddable":true,"href":"https:\/\/antiquariat-steinbach.com\/rarebooks\/wp-json\/wp\/v2\/media\/16946"}],"wp:attachment":[{"href":"https:\/\/antiquariat-steinbach.com\/rarebooks\/wp-json\/wp\/v2\/media?parent=3991"}],"wp:term":[{"taxonomy":"product_brand","embeddable":true,"href":"https:\/\/antiquariat-steinbach.com\/rarebooks\/wp-json\/wp\/v2\/product_brand?post=3991"},{"taxonomy":"product_cat","embeddable":true,"href":"https:\/\/antiquariat-steinbach.com\/rarebooks\/wp-json\/wp\/v2\/product_cat?post=3991"},{"taxonomy":"product_tag","embeddable":true,"href":"https:\/\/antiquariat-steinbach.com\/rarebooks\/wp-json\/wp\/v2\/product_tag?post=3991"}],"curies":[{"name":"wp","href":"https:\/\/api.w.org\/{rel}","templated":true}]}}