{"id":3979,"date":"2026-03-12T00:10:42","date_gmt":"2026-03-11T23:10:42","guid":{"rendered":"http:\/\/antiquariat-steinbach.com\/rarebooks\/produkt\/heilige-georg-archistrategor-als-apokalyptischer-reiter\/"},"modified":"2026-03-12T00:10:43","modified_gmt":"2026-03-11T23:10:43","slug":"ikone-heilige-georg-archistrategor-als-apokalyptischer-reiter","status":"publish","type":"product","link":"https:\/\/antiquariat-steinbach.com\/rarebooks\/produkt\/ikone-heilige-georg-archistrategor-als-apokalyptischer-reiter\/","title":{"rendered":"Ikone &#8211;   Heilige Georg Archistrategor als apokalyptischer Reiter"},"content":{"rendered":"<p>S\u00fcdrussisch 19.Jahrhundert<\/p>\n<p>35 : 30 cm. \u00d6lmalerei auf Holztafel<\/p>\n<p>250,00 EUR<\/p>\n","protected":false},"excerpt":{"rendered":"<p>Ikone des heiligen Georg. Die \u00d6lmalerei zeigt den heiligen Georg auf einem weissen Pferd wie er den Drachen t\u00f6tet. &#8211; Die Holztafel verso mit einigen Wurml\u00f6chlein und gering berieben.<\/p>\n","protected":false},"featured_media":14776,"template":"","meta":[],"product_brand":[],"product_cat":[360,637,30,180,110,914],"product_tag":[],"class_list":{"0":"post-3979","1":"product","2":"type-product","3":"status-publish","4":"has-post-thumbnail","6":"product_cat-19-jhdt","7":"product_cat-ikone","8":"product_cat-malerei","9":"product_cat-russland","10":"product_cat-theologie","11":"product_cat-zvab","13":"first","14":"instock","15":"purchasable","16":"product-type-simple"},"_links":{"self":[{"href":"https:\/\/antiquariat-steinbach.com\/rarebooks\/wp-json\/wp\/v2\/product\/3979","targetHints":{"allow":["GET"]}}],"collection":[{"href":"https:\/\/antiquariat-steinbach.com\/rarebooks\/wp-json\/wp\/v2\/product"}],"about":[{"href":"https:\/\/antiquariat-steinbach.com\/rarebooks\/wp-json\/wp\/v2\/types\/product"}],"version-history":[{"count":3,"href":"https:\/\/antiquariat-steinbach.com\/rarebooks\/wp-json\/wp\/v2\/product\/3979\/revisions"}],"predecessor-version":[{"id":19995,"href":"https:\/\/antiquariat-steinbach.com\/rarebooks\/wp-json\/wp\/v2\/product\/3979\/revisions\/19995"}],"wp:featuredmedia":[{"embeddable":true,"href":"https:\/\/antiquariat-steinbach.com\/rarebooks\/wp-json\/wp\/v2\/media\/14776"}],"wp:attachment":[{"href":"https:\/\/antiquariat-steinbach.com\/rarebooks\/wp-json\/wp\/v2\/media?parent=3979"}],"wp:term":[{"taxonomy":"product_brand","embeddable":true,"href":"https:\/\/antiquariat-steinbach.com\/rarebooks\/wp-json\/wp\/v2\/product_brand?post=3979"},{"taxonomy":"product_cat","embeddable":true,"href":"https:\/\/antiquariat-steinbach.com\/rarebooks\/wp-json\/wp\/v2\/product_cat?post=3979"},{"taxonomy":"product_tag","embeddable":true,"href":"https:\/\/antiquariat-steinbach.com\/rarebooks\/wp-json\/wp\/v2\/product_tag?post=3979"}],"curies":[{"name":"wp","href":"https:\/\/api.w.org\/{rel}","templated":true}]}}