{"id":3931,"date":"2026-03-12T00:10:35","date_gmt":"2026-03-11T23:10:35","guid":{"rendered":"http:\/\/antiquariat-steinbach.com\/rarebooks\/produkt\/sammlung-von-9-humoristischen-texten-mit-entsprechender-zeichnung\/"},"modified":"2026-03-12T00:10:37","modified_gmt":"2026-03-11T23:10:37","slug":"humor-dudesek-karel-sammlung-von-9-humoristischen-texten-mit-entsprechender-zeichnung","status":"publish","type":"product","link":"https:\/\/antiquariat-steinbach.com\/rarebooks\/produkt\/humor-dudesek-karel-sammlung-von-9-humoristischen-texten-mit-entsprechender-zeichnung\/","title":{"rendered":"Humor &#8211;   Dudesek, Karel?. &#8211;  Sammlung von 9 humoristischen Texten mit entsprechender Zeichnung."},"content":{"rendered":"<p>Wien, 1978.<\/p>\n<p>18 : 13 cm. 9 Taflen auf Karton montiert. Original-Halbleinenband.<\/p>\n<p>75,00 EUR<\/p>\n","protected":false},"excerpt":{"rendered":"<p>Privat zusammengestellte Folge von humoristischen Zeichnungen mit Text bei Arztbesuchen, wohl von Karel Dudesek mit dessen Signatur und Datum 1978 auf dem hinteren fliegenden Blatt. &#8211; Karle Dudesek (geb. 1960 in Parg) immigrierte 1960 nach Wien wo er ein Kunststudium an der Aademie f\u00fcr bildende K\u00fcnste in Wien und D\u00fcsseldorf absolvierte, danach machte er sich einen Namen mit der Visuel Art.. &#8211; Illustrationen und Text sind ausgeschnitten und auf Papier montiert. -1. Tafel mit kleinem, Sammler- und Blindstempel.<\/p>\n","protected":false},"featured_media":16885,"template":"","meta":[],"product_brand":[],"product_cat":[122,631,179,914],"product_tag":[],"class_list":{"0":"post-3931","1":"product","2":"type-product","3":"status-publish","4":"has-post-thumbnail","6":"product_cat-humor","7":"product_cat-humor-20-jahrhundert","8":"product_cat-medizin","9":"product_cat-zvab","11":"first","12":"instock","13":"purchasable","14":"product-type-simple"},"_links":{"self":[{"href":"https:\/\/antiquariat-steinbach.com\/rarebooks\/wp-json\/wp\/v2\/product\/3931","targetHints":{"allow":["GET"]}}],"collection":[{"href":"https:\/\/antiquariat-steinbach.com\/rarebooks\/wp-json\/wp\/v2\/product"}],"about":[{"href":"https:\/\/antiquariat-steinbach.com\/rarebooks\/wp-json\/wp\/v2\/types\/product"}],"version-history":[{"count":4,"href":"https:\/\/antiquariat-steinbach.com\/rarebooks\/wp-json\/wp\/v2\/product\/3931\/revisions"}],"predecessor-version":[{"id":22552,"href":"https:\/\/antiquariat-steinbach.com\/rarebooks\/wp-json\/wp\/v2\/product\/3931\/revisions\/22552"}],"wp:featuredmedia":[{"embeddable":true,"href":"https:\/\/antiquariat-steinbach.com\/rarebooks\/wp-json\/wp\/v2\/media\/16885"}],"wp:attachment":[{"href":"https:\/\/antiquariat-steinbach.com\/rarebooks\/wp-json\/wp\/v2\/media?parent=3931"}],"wp:term":[{"taxonomy":"product_brand","embeddable":true,"href":"https:\/\/antiquariat-steinbach.com\/rarebooks\/wp-json\/wp\/v2\/product_brand?post=3931"},{"taxonomy":"product_cat","embeddable":true,"href":"https:\/\/antiquariat-steinbach.com\/rarebooks\/wp-json\/wp\/v2\/product_cat?post=3931"},{"taxonomy":"product_tag","embeddable":true,"href":"https:\/\/antiquariat-steinbach.com\/rarebooks\/wp-json\/wp\/v2\/product_tag?post=3931"}],"curies":[{"name":"wp","href":"https:\/\/api.w.org\/{rel}","templated":true}]}}