{"id":3921,"date":"2026-03-12T00:10:35","date_gmt":"2026-03-11T23:10:35","guid":{"rendered":"http:\/\/antiquariat-steinbach.com\/rarebooks\/produkt\/wissenschaftliche-festschrift-zur-enthuellung-des-von-seiten-seiner-majestaet-kaiser-wilhelm-ii-dem-mexikanischen-volke-zum-jubilaeum-seiner-unabhaengigkeit-gestiftetn-humboldt-denkmals\/"},"modified":"2026-03-12T00:10:36","modified_gmt":"2026-03-11T23:10:36","slug":"humboldt-witte-e-h-beyer-p-henning-u-a-wissenschaftliche-festschrift-zur-enthuellung-des-von-seiten-seiner-majestaet-kaiser-wilhelm-ii-dem-mexikanischen-volke-zum-jubilaeum-seiner-unabh","status":"publish","type":"product","link":"https:\/\/antiquariat-steinbach.com\/rarebooks\/produkt\/humboldt-witte-e-h-beyer-p-henning-u-a-wissenschaftliche-festschrift-zur-enthuellung-des-von-seiten-seiner-majestaet-kaiser-wilhelm-ii-dem-mexikanischen-volke-zum-jubilaeum-seiner-unabh\/","title":{"rendered":"Humboldt &#8211;   Witte, E., H. Beyer, P. Henning u.a: &#8211;  Wissenschaftliche Festschrift zur Enth\u00fcllung des von Seiten Seiner Majest\u00e4t Kaiser Wilhelm II. dem Mexikanischen Volke zum Jubil\u00e4um seiner Unabh\u00e4ngigkeit gestiftetn Humboldt-Denkmals."},"content":{"rendered":"<p>Mexiko, M\u00fcller 1910.<\/p>\n<p>30,5 : 20,5 cm. Original-half-cloth.<\/p>\n<p>120,00 EUR<\/p>\n","protected":false},"excerpt":{"rendered":"<p>III, 261 pages, 7 leaves, with many plates illustratins and folded maps. Original-half-cloth. Rare publication in honor of Alexander von Humboldts with bibliographical notes of his travels to Mexico, his observation Mexican agriculture, the economic and etnological evolution of Mexico. etc.<\/p>\n","protected":false},"featured_media":16883,"template":"","meta":[],"product_brand":[],"product_cat":[630,82,914],"product_tag":[],"class_list":{"0":"post-3921","1":"product","2":"type-product","3":"status-publish","4":"has-post-thumbnail","6":"product_cat-humboldt-geographie","7":"product_cat-naturwissenschaften","8":"product_cat-zvab","10":"first","11":"instock","12":"purchasable","13":"product-type-simple"},"_links":{"self":[{"href":"https:\/\/antiquariat-steinbach.com\/rarebooks\/wp-json\/wp\/v2\/product\/3921","targetHints":{"allow":["GET"]}}],"collection":[{"href":"https:\/\/antiquariat-steinbach.com\/rarebooks\/wp-json\/wp\/v2\/product"}],"about":[{"href":"https:\/\/antiquariat-steinbach.com\/rarebooks\/wp-json\/wp\/v2\/types\/product"}],"version-history":[{"count":3,"href":"https:\/\/antiquariat-steinbach.com\/rarebooks\/wp-json\/wp\/v2\/product\/3921\/revisions"}],"predecessor-version":[{"id":19961,"href":"https:\/\/antiquariat-steinbach.com\/rarebooks\/wp-json\/wp\/v2\/product\/3921\/revisions\/19961"}],"wp:featuredmedia":[{"embeddable":true,"href":"https:\/\/antiquariat-steinbach.com\/rarebooks\/wp-json\/wp\/v2\/media\/16883"}],"wp:attachment":[{"href":"https:\/\/antiquariat-steinbach.com\/rarebooks\/wp-json\/wp\/v2\/media?parent=3921"}],"wp:term":[{"taxonomy":"product_brand","embeddable":true,"href":"https:\/\/antiquariat-steinbach.com\/rarebooks\/wp-json\/wp\/v2\/product_brand?post=3921"},{"taxonomy":"product_cat","embeddable":true,"href":"https:\/\/antiquariat-steinbach.com\/rarebooks\/wp-json\/wp\/v2\/product_cat?post=3921"},{"taxonomy":"product_tag","embeddable":true,"href":"https:\/\/antiquariat-steinbach.com\/rarebooks\/wp-json\/wp\/v2\/product_tag?post=3921"}],"curies":[{"name":"wp","href":"https:\/\/api.w.org\/{rel}","templated":true}]}}