{"id":3919,"date":"2026-03-12T00:10:35","date_gmt":"2026-03-11T23:10:35","guid":{"rendered":"http:\/\/antiquariat-steinbach.com\/rarebooks\/produkt\/wilhelm-von-humboldts-briefe-an-eine-freundin\/"},"modified":"2026-03-12T00:10:36","modified_gmt":"2026-03-11T23:10:36","slug":"humboldt-wilhelm-von-humboldts-briefe-an-eine-freundin","status":"publish","type":"product","link":"https:\/\/antiquariat-steinbach.com\/rarebooks\/produkt\/humboldt-wilhelm-von-humboldts-briefe-an-eine-freundin\/","title":{"rendered":"Humboldt &#8211;   Wilhelm von Humboldt&#8217;s Briefe an eine Freundin."},"content":{"rendered":"<p>Leipzig, Insel 1912.<\/p>\n<p>19,5 : 13 cm. XXII, 305 Seiten Flexibler Original-Leinenband mit reicher R\u00fcckenvergoldung, Kopfgoldschnitt.<\/p>\n<p>20,00 EUR<\/p>\n","protected":false},"excerpt":{"rendered":"<p>H\u00fcbsche Ausgabe von Humboldt&#8217;s Briefen an Charlotte Hildebrand. Einbandentwurf v. E.R. Weiss. &#8211; R\u00fccken etwas verbla\u00dft, sonst tadellos.<\/p>\n","protected":false},"featured_media":22973,"template":"","meta":[],"product_brand":[],"product_cat":[29,597,630,82,914],"product_tag":[],"class_list":{"0":"post-3919","1":"product","2":"type-product","3":"status-publish","4":"has-post-thumbnail","6":"product_cat-20-jahrhundert","7":"product_cat-briefe","8":"product_cat-humboldt-geographie","9":"product_cat-naturwissenschaften","10":"product_cat-zvab","12":"first","13":"instock","14":"purchasable","15":"product-type-simple"},"_links":{"self":[{"href":"https:\/\/antiquariat-steinbach.com\/rarebooks\/wp-json\/wp\/v2\/product\/3919","targetHints":{"allow":["GET"]}}],"collection":[{"href":"https:\/\/antiquariat-steinbach.com\/rarebooks\/wp-json\/wp\/v2\/product"}],"about":[{"href":"https:\/\/antiquariat-steinbach.com\/rarebooks\/wp-json\/wp\/v2\/types\/product"}],"version-history":[{"count":4,"href":"https:\/\/antiquariat-steinbach.com\/rarebooks\/wp-json\/wp\/v2\/product\/3919\/revisions"}],"predecessor-version":[{"id":23365,"href":"https:\/\/antiquariat-steinbach.com\/rarebooks\/wp-json\/wp\/v2\/product\/3919\/revisions\/23365"}],"wp:featuredmedia":[{"embeddable":true,"href":"https:\/\/antiquariat-steinbach.com\/rarebooks\/wp-json\/wp\/v2\/media\/22973"}],"wp:attachment":[{"href":"https:\/\/antiquariat-steinbach.com\/rarebooks\/wp-json\/wp\/v2\/media?parent=3919"}],"wp:term":[{"taxonomy":"product_brand","embeddable":true,"href":"https:\/\/antiquariat-steinbach.com\/rarebooks\/wp-json\/wp\/v2\/product_brand?post=3919"},{"taxonomy":"product_cat","embeddable":true,"href":"https:\/\/antiquariat-steinbach.com\/rarebooks\/wp-json\/wp\/v2\/product_cat?post=3919"},{"taxonomy":"product_tag","embeddable":true,"href":"https:\/\/antiquariat-steinbach.com\/rarebooks\/wp-json\/wp\/v2\/product_tag?post=3919"}],"curies":[{"name":"wp","href":"https:\/\/api.w.org\/{rel}","templated":true}]}}