{"id":3917,"date":"2026-03-12T00:10:35","date_gmt":"2026-03-11T23:10:35","guid":{"rendered":"http:\/\/antiquariat-steinbach.com\/rarebooks\/produkt\/berlin-paris-1900-1930-rapports-et-contrastes-france-allemagne-art-architecture-graphism-litterature-object-industriels-cinema-theatre-musiqaue\/"},"modified":"2026-03-12T00:10:36","modified_gmt":"2026-03-11T23:10:36","slug":"hulten-pontus-jean-hubert-martin-werner-spies-and-others-berlin-paris-1900-1930-rapports-et-contrastes-france-allemagne-art-architecture-graphism-litterature-object-industriels-cinema-t","status":"publish","type":"product","link":"https:\/\/antiquariat-steinbach.com\/rarebooks\/produkt\/hulten-pontus-jean-hubert-martin-werner-spies-and-others-berlin-paris-1900-1930-rapports-et-contrastes-france-allemagne-art-architecture-graphism-litterature-object-industriels-cinema-t\/","title":{"rendered":"Hulten, Pontus, Jean -Hubert Martin, Werner Spies and others. &#8211;  Berlin &#8211; Paris 1900 &#8211; 1930. rapports et contrastes france-allemagne. art architecture graphism litt\u00e9rature object industriels cin\u00e9ma, th\u00e9atre, musiqaue."},"content":{"rendered":"<p>Paris, Centre Pompidou, 1978.<\/p>\n<p>30 : 21 cm. 576 pages with hundreds of partly coloured illustrations. Original boards.<\/p>\n<p>60,00 EUR<\/p>\n","protected":false},"excerpt":{"rendered":"<p>The first great exhibitions which shows the developement of German culture at the first third of the 20th century. And shows the differences between the French and German developments.<\/p>\n","protected":false},"featured_media":14764,"template":"","meta":[],"product_brand":[],"product_cat":[29,74,96,59,173,213,914],"product_tag":[],"class_list":{"0":"post-3917","1":"product","2":"type-product","3":"status-publish","4":"has-post-thumbnail","6":"product_cat-20-jahrhundert","7":"product_cat-deutschland","8":"product_cat-frankreich","9":"product_cat-kulturgeschichte","10":"product_cat-kunst-20-jahrhundert","11":"product_cat-world-exhibitions","12":"product_cat-zvab","14":"first","15":"instock","16":"purchasable","17":"product-type-simple"},"_links":{"self":[{"href":"https:\/\/antiquariat-steinbach.com\/rarebooks\/wp-json\/wp\/v2\/product\/3917","targetHints":{"allow":["GET"]}}],"collection":[{"href":"https:\/\/antiquariat-steinbach.com\/rarebooks\/wp-json\/wp\/v2\/product"}],"about":[{"href":"https:\/\/antiquariat-steinbach.com\/rarebooks\/wp-json\/wp\/v2\/types\/product"}],"version-history":[{"count":3,"href":"https:\/\/antiquariat-steinbach.com\/rarebooks\/wp-json\/wp\/v2\/product\/3917\/revisions"}],"predecessor-version":[{"id":19958,"href":"https:\/\/antiquariat-steinbach.com\/rarebooks\/wp-json\/wp\/v2\/product\/3917\/revisions\/19958"}],"wp:featuredmedia":[{"embeddable":true,"href":"https:\/\/antiquariat-steinbach.com\/rarebooks\/wp-json\/wp\/v2\/media\/14764"}],"wp:attachment":[{"href":"https:\/\/antiquariat-steinbach.com\/rarebooks\/wp-json\/wp\/v2\/media?parent=3917"}],"wp:term":[{"taxonomy":"product_brand","embeddable":true,"href":"https:\/\/antiquariat-steinbach.com\/rarebooks\/wp-json\/wp\/v2\/product_brand?post=3917"},{"taxonomy":"product_cat","embeddable":true,"href":"https:\/\/antiquariat-steinbach.com\/rarebooks\/wp-json\/wp\/v2\/product_cat?post=3917"},{"taxonomy":"product_tag","embeddable":true,"href":"https:\/\/antiquariat-steinbach.com\/rarebooks\/wp-json\/wp\/v2\/product_tag?post=3917"}],"curies":[{"name":"wp","href":"https:\/\/api.w.org\/{rel}","templated":true}]}}