{"id":3893,"date":"2026-03-12T00:10:33","date_gmt":"2026-03-11T23:10:33","guid":{"rendered":"http:\/\/antiquariat-steinbach.com\/rarebooks\/produkt\/saemmtliche-werke\/"},"modified":"2026-03-12T00:10:33","modified_gmt":"2026-03-11T23:10:33","slug":"houwald-ernst-von-saemmtliche-werke","status":"publish","type":"product","link":"https:\/\/antiquariat-steinbach.com\/rarebooks\/produkt\/houwald-ernst-von-saemmtliche-werke\/","title":{"rendered":"Houwald, Ernst von: &#8211;  S\u00e4mmtliche Werke."},"content":{"rendered":"<p>Leipzig, G\u00f6schen 1858-1859.<\/p>\n<p>5 B\u00e4nde. 15 : 12 cm. Halbleinenb#nde der Zeit Mit etwas R\u00fcckenvergoldung.<\/p>\n<p>60,00 EUR<\/p>\n","protected":false},"excerpt":{"rendered":"<p>Zweite Gesamtausgabe mit der Biographie des Dichters von Friedrich Adami. Christoph Ernst Freiherr von Houwald (1778-1845) &#8222;begr\u00fcndete 1821 seinen Ruf durch die Schicksalsdramen und die Trauerspiele. Sie sind gem\u00fcthvoll und sentimental, ohne kr\u00e4ftige Gestalten, in blumenreicher Sprache und elegischweichem Stile geschrieben. Trefflicher Jugendschriftsteller. Auch anmuthige Gedichte verdanken wir ihm&#8220; (Sch\u00fctze S. 143. &#8211; Verieinzelt einige Fleckchen; Einb\u00e4nde gering berieben. &#8211; Goed. VIII, 314, 36.<\/p>\n","protected":false},"featured_media":14756,"template":"","meta":[],"product_brand":[],"product_cat":[301,32,103,914],"product_tag":[],"class_list":{"0":"post-3893","1":"product","2":"type-product","3":"status-publish","4":"has-post-thumbnail","6":"product_cat-gesamtausgaben","7":"product_cat-literatur","8":"product_cat-michael","9":"product_cat-zvab","11":"first","12":"instock","13":"purchasable","14":"product-type-simple"},"_links":{"self":[{"href":"https:\/\/antiquariat-steinbach.com\/rarebooks\/wp-json\/wp\/v2\/product\/3893","targetHints":{"allow":["GET"]}}],"collection":[{"href":"https:\/\/antiquariat-steinbach.com\/rarebooks\/wp-json\/wp\/v2\/product"}],"about":[{"href":"https:\/\/antiquariat-steinbach.com\/rarebooks\/wp-json\/wp\/v2\/types\/product"}],"version-history":[{"count":3,"href":"https:\/\/antiquariat-steinbach.com\/rarebooks\/wp-json\/wp\/v2\/product\/3893\/revisions"}],"predecessor-version":[{"id":19948,"href":"https:\/\/antiquariat-steinbach.com\/rarebooks\/wp-json\/wp\/v2\/product\/3893\/revisions\/19948"}],"wp:featuredmedia":[{"embeddable":true,"href":"https:\/\/antiquariat-steinbach.com\/rarebooks\/wp-json\/wp\/v2\/media\/14756"}],"wp:attachment":[{"href":"https:\/\/antiquariat-steinbach.com\/rarebooks\/wp-json\/wp\/v2\/media?parent=3893"}],"wp:term":[{"taxonomy":"product_brand","embeddable":true,"href":"https:\/\/antiquariat-steinbach.com\/rarebooks\/wp-json\/wp\/v2\/product_brand?post=3893"},{"taxonomy":"product_cat","embeddable":true,"href":"https:\/\/antiquariat-steinbach.com\/rarebooks\/wp-json\/wp\/v2\/product_cat?post=3893"},{"taxonomy":"product_tag","embeddable":true,"href":"https:\/\/antiquariat-steinbach.com\/rarebooks\/wp-json\/wp\/v2\/product_tag?post=3893"}],"curies":[{"name":"wp","href":"https:\/\/api.w.org\/{rel}","templated":true}]}}