{"id":3891,"date":"2026-03-12T00:10:33","date_gmt":"2026-03-11T23:10:33","guid":{"rendered":"http:\/\/antiquariat-steinbach.com\/rarebooks\/produkt\/deutschland-in-bild-und-wort\/"},"modified":"2026-03-12T00:10:33","modified_gmt":"2026-03-11T23:10:33","slug":"hottinger-christlieb-gotthold-deutschland-in-bild-und-wort","status":"publish","type":"product","link":"https:\/\/antiquariat-steinbach.com\/rarebooks\/produkt\/hottinger-christlieb-gotthold-deutschland-in-bild-und-wort\/","title":{"rendered":"Hottinger, Christlieb-Gotthold: &#8211;  Deutschland in Bild und Wort."},"content":{"rendered":"<p>Stra\u00dfburg, Hottingers Volksblatt 1878.<\/p>\n<p>14,5 : 10 cm. 79 Seiten Mit \u00fcber 80 Textholzschnitten. Original-Pappband.<\/p>\n<p>75,00 EUR<\/p>\n","protected":false},"excerpt":{"rendered":"<p>Mit 4 kleinen Ansichten von Berlin, ferner von Kiel, Hamburg, Schwrin, Stettin, Hannover, M\u00fcnster, Braunschweig, Magdeburg, Dresden, Koblenz, Mainz, Heidelberg, T\u00fcbingen, Stuttgart, M\u00fcnchen u.a. &#8211; R\u00fccken mit kleiner Fehlstelle.<\/p>\n","protected":false},"featured_media":0,"template":"","meta":[],"product_brand":[],"product_cat":[74,65,914],"product_tag":[],"class_list":{"0":"post-3891","1":"product","2":"type-product","3":"status-publish","5":"product_cat-deutschland","6":"product_cat-geographie","7":"product_cat-zvab","9":"first","10":"instock","11":"purchasable","12":"product-type-simple"},"_links":{"self":[{"href":"https:\/\/antiquariat-steinbach.com\/rarebooks\/wp-json\/wp\/v2\/product\/3891","targetHints":{"allow":["GET"]}}],"collection":[{"href":"https:\/\/antiquariat-steinbach.com\/rarebooks\/wp-json\/wp\/v2\/product"}],"about":[{"href":"https:\/\/antiquariat-steinbach.com\/rarebooks\/wp-json\/wp\/v2\/types\/product"}],"version-history":[{"count":3,"href":"https:\/\/antiquariat-steinbach.com\/rarebooks\/wp-json\/wp\/v2\/product\/3891\/revisions"}],"predecessor-version":[{"id":19947,"href":"https:\/\/antiquariat-steinbach.com\/rarebooks\/wp-json\/wp\/v2\/product\/3891\/revisions\/19947"}],"wp:attachment":[{"href":"https:\/\/antiquariat-steinbach.com\/rarebooks\/wp-json\/wp\/v2\/media?parent=3891"}],"wp:term":[{"taxonomy":"product_brand","embeddable":true,"href":"https:\/\/antiquariat-steinbach.com\/rarebooks\/wp-json\/wp\/v2\/product_brand?post=3891"},{"taxonomy":"product_cat","embeddable":true,"href":"https:\/\/antiquariat-steinbach.com\/rarebooks\/wp-json\/wp\/v2\/product_cat?post=3891"},{"taxonomy":"product_tag","embeddable":true,"href":"https:\/\/antiquariat-steinbach.com\/rarebooks\/wp-json\/wp\/v2\/product_tag?post=3891"}],"curies":[{"name":"wp","href":"https:\/\/api.w.org\/{rel}","templated":true}]}}