{"id":3887,"date":"2026-03-12T00:10:31","date_gmt":"2026-03-11T23:10:31","guid":{"rendered":"http:\/\/antiquariat-steinbach.com\/rarebooks\/produkt\/hotel-und-gasthof-zum-roemischen-kaiser-eine-rechnung-fuer-uebernachtung-eine-rechnung-fuer-speisen\/"},"modified":"2026-03-12T00:10:33","modified_gmt":"2026-03-11T23:10:33","slug":"hotel-und-gasthof-zum-roemischen-kaiser-eine-rechnung-fuer-uebernachtung-eine-rechnung-fuer-speisen","status":"publish","type":"product","link":"https:\/\/antiquariat-steinbach.com\/rarebooks\/produkt\/hotel-und-gasthof-zum-roemischen-kaiser-eine-rechnung-fuer-uebernachtung-eine-rechnung-fuer-speisen\/","title":{"rendered":"Hotel und Gasthof zum r\u00f6mischen Kaiser. &#8211; Eine Rechnung f\u00fcr \u00dcbernachtung &#8211; Eine Rechnung f\u00fcr Speisen."},"content":{"rendered":"<p>Wien, 1824 &#8211; 1829.<\/p>\n<p>22 : 17 cm und 20,5 : 12 cm. 2 Blatt.<\/p>\n<p>75,00 EUR<\/p>\n","protected":false},"excerpt":{"rendered":"<p>Das Hotel &#8218;Zum r\u00f6mischen Kaiser&#8216; geh\u00f6rte zu den vornehmsten Absteigequartieren von Diplomaten und Staatsm\u00e4nnern aus den \u00f6sterreichischen Provinzen. 1816 wohnte auch Ludwig van Beethoven im Hotel und 1818 trat Franz Schubert hier erstmals als Komponist an die \u00d6ffentlichkeit.Zwiwchen 1812 und 1827 bewgr\u00fcndete Friedrich Schlegel mit seinen Lesungen den literarischen Ruf des Hauses. Die Rechnung war f\u00fcr das Zimmer 11 im 2. Stock. &#8211; Kleiner Braunfleck,<\/p>\n","protected":false},"featured_media":25696,"template":"","meta":[],"product_brand":[],"product_cat":[58,97,194,90,914],"product_tag":[],"class_list":{"0":"post-3887","1":"product","2":"type-product","3":"status-publish","4":"has-post-thumbnail","6":"product_cat-gastronomie","7":"product_cat-geschichte","8":"product_cat-menuekarten","9":"product_cat-viennensia","10":"product_cat-zvab","12":"first","13":"instock","14":"purchasable","15":"product-type-simple"},"_links":{"self":[{"href":"https:\/\/antiquariat-steinbach.com\/rarebooks\/wp-json\/wp\/v2\/product\/3887","targetHints":{"allow":["GET"]}}],"collection":[{"href":"https:\/\/antiquariat-steinbach.com\/rarebooks\/wp-json\/wp\/v2\/product"}],"about":[{"href":"https:\/\/antiquariat-steinbach.com\/rarebooks\/wp-json\/wp\/v2\/types\/product"}],"version-history":[{"count":2,"href":"https:\/\/antiquariat-steinbach.com\/rarebooks\/wp-json\/wp\/v2\/product\/3887\/revisions"}],"predecessor-version":[{"id":11440,"href":"https:\/\/antiquariat-steinbach.com\/rarebooks\/wp-json\/wp\/v2\/product\/3887\/revisions\/11440"}],"wp:featuredmedia":[{"embeddable":true,"href":"https:\/\/antiquariat-steinbach.com\/rarebooks\/wp-json\/wp\/v2\/media\/25696"}],"wp:attachment":[{"href":"https:\/\/antiquariat-steinbach.com\/rarebooks\/wp-json\/wp\/v2\/media?parent=3887"}],"wp:term":[{"taxonomy":"product_brand","embeddable":true,"href":"https:\/\/antiquariat-steinbach.com\/rarebooks\/wp-json\/wp\/v2\/product_brand?post=3887"},{"taxonomy":"product_cat","embeddable":true,"href":"https:\/\/antiquariat-steinbach.com\/rarebooks\/wp-json\/wp\/v2\/product_cat?post=3887"},{"taxonomy":"product_tag","embeddable":true,"href":"https:\/\/antiquariat-steinbach.com\/rarebooks\/wp-json\/wp\/v2\/product_tag?post=3887"}],"curies":[{"name":"wp","href":"https:\/\/api.w.org\/{rel}","templated":true}]}}