{"id":3859,"date":"2026-03-12T00:10:31","date_gmt":"2026-03-11T23:10:31","guid":{"rendered":"http:\/\/antiquariat-steinbach.com\/rarebooks\/produkt\/plan-des-castels-cronslot-im-finnischen-meer-busen-nebst-den-fuernehmsten-festungen-an-den-beiden-kuesten-derselben-aus-russischen-und-schwedischen-huelfsmittelns-herausgegeben\/"},"modified":"2026-03-12T00:10:31","modified_gmt":"2026-03-11T23:10:31","slug":"homann-erben-plan-des-castels-cronslot-im-finnischen-meer-busen-nebst-den-fuernehmsten-festungen-an-den-beiden-kuesten-derselben-aus-russischen-und-schwedischen-huelfsmittelns-herausgegeben","status":"publish","type":"product","link":"https:\/\/antiquariat-steinbach.com\/rarebooks\/produkt\/homann-erben-plan-des-castels-cronslot-im-finnischen-meer-busen-nebst-den-fuernehmsten-festungen-an-den-beiden-kuesten-derselben-aus-russischen-und-schwedischen-huelfsmittelns-herausgegeben\/","title":{"rendered":"Homann Erben. &#8211;  Plan des Castels Cronslot im Finnischen Meer Busen nebst den f\u00fcrnehmsten Festungen an den beiden K\u00fcsten derselben. Aus russischen und Schwedischen H\u00fclfsmittelns herausgegeben."},"content":{"rendered":"<p>Frankfurt, Homann Erben, 1750<\/p>\n<p>53 : 41 cm.<\/p>\n<p>650,00 EUR<\/p>\n","protected":false},"excerpt":{"rendered":"<p>Contemporara coloured copper engraving with 8 small side-views. The decorative map shows in the middle the Castle Kron, in the upper left corner a view of St. Peterbourg and below 6 plans of Kexholm, Wiborg, Narva, Wilmanstrand, Frederichshamm and Revel.<\/p>\n","protected":false},"featured_media":14752,"template":"","meta":[],"product_brand":[],"product_cat":[120,180,623,914],"product_tag":[],"class_list":{"0":"post-3859","1":"product","2":"type-product","3":"status-publish","4":"has-post-thumbnail","6":"product_cat-landkarten","7":"product_cat-russland","8":"product_cat-st-petersbourg-graphik","9":"product_cat-zvab","11":"first","12":"instock","13":"purchasable","14":"product-type-simple"},"_links":{"self":[{"href":"https:\/\/antiquariat-steinbach.com\/rarebooks\/wp-json\/wp\/v2\/product\/3859","targetHints":{"allow":["GET"]}}],"collection":[{"href":"https:\/\/antiquariat-steinbach.com\/rarebooks\/wp-json\/wp\/v2\/product"}],"about":[{"href":"https:\/\/antiquariat-steinbach.com\/rarebooks\/wp-json\/wp\/v2\/types\/product"}],"version-history":[{"count":3,"href":"https:\/\/antiquariat-steinbach.com\/rarebooks\/wp-json\/wp\/v2\/product\/3859\/revisions"}],"predecessor-version":[{"id":19933,"href":"https:\/\/antiquariat-steinbach.com\/rarebooks\/wp-json\/wp\/v2\/product\/3859\/revisions\/19933"}],"wp:featuredmedia":[{"embeddable":true,"href":"https:\/\/antiquariat-steinbach.com\/rarebooks\/wp-json\/wp\/v2\/media\/14752"}],"wp:attachment":[{"href":"https:\/\/antiquariat-steinbach.com\/rarebooks\/wp-json\/wp\/v2\/media?parent=3859"}],"wp:term":[{"taxonomy":"product_brand","embeddable":true,"href":"https:\/\/antiquariat-steinbach.com\/rarebooks\/wp-json\/wp\/v2\/product_brand?post=3859"},{"taxonomy":"product_cat","embeddable":true,"href":"https:\/\/antiquariat-steinbach.com\/rarebooks\/wp-json\/wp\/v2\/product_cat?post=3859"},{"taxonomy":"product_tag","embeddable":true,"href":"https:\/\/antiquariat-steinbach.com\/rarebooks\/wp-json\/wp\/v2\/product_tag?post=3859"}],"curies":[{"name":"wp","href":"https:\/\/api.w.org\/{rel}","templated":true}]}}