{"id":3857,"date":"2026-03-12T00:10:29","date_gmt":"2026-03-11T23:10:29","guid":{"rendered":"http:\/\/antiquariat-steinbach.com\/rarebooks\/produkt\/phantasus-2\/"},"modified":"2026-03-12T00:10:31","modified_gmt":"2026-03-11T23:10:31","slug":"holz-arno-phantasus-2","status":"publish","type":"product","link":"https:\/\/antiquariat-steinbach.com\/rarebooks\/produkt\/holz-arno-phantasus-2\/","title":{"rendered":"Holz, Arno: &#8211;  Phantasus."},"content":{"rendered":"<p>Leipzig, Insel 1916.<\/p>\n<p>44 : 32,5 cm. 335 Seiten Original-Halbleinenband.<\/p>\n<p>90,00 EUR<\/p>\n","protected":false},"excerpt":{"rendered":"<p>Erste Ausgabe der zweiten, wesentlich erweiterten Fassung von Holz&#8217;Hauptwerk. &#8222;F\u00fcr die visuele Poesie bedeutsam am &#8218;Phantasus&#8216; ist&#8230; die Erfindung der &#8218;Mittelachse&#8217;&#8230;Typographie zu einem wesentlichen Bestandteil der Dichtung zu erheben. Bei der Strukturierung seiner Texte verzichtet Holz auf Metrum, Reim und Strophe im herk\u00f6mmlichen Sinn&#8230;Jedes Wort, jede Zeile, jeder Satz soll f\u00fcr sich in seiner Einmaligkeit visuell und rhythmisch deutlich vor Augen treten&#8230;Die visuelle Struktur hat akustische Funktion&#8220; (Kat. Wolfenb\u00fcttel 1987, Nr. 166). &#8211; Auf B\u00fctten, ohne das fast immer fehlende Geleitwort (2 Blatt). &#8211; Schnitt und Vors\u00e4tze etwas fleckig, sonst gutes Exemplar. &#8211; Sarkowski 783. &#8211; BEILIEGT: B\u00fcttner, Erich. Portr\u00e4t Arno Holz beim Schreiben. Original-Lithographie, im Stein signiert und datiert 1916. 26 : 18 cm (Darstellung). Stockfleckig.<\/p>\n","protected":false},"featured_media":0,"template":"","meta":[],"product_brand":[],"product_cat":[29,32,914],"product_tag":[],"class_list":{"0":"post-3857","1":"product","2":"type-product","3":"status-publish","5":"product_cat-20-jahrhundert","6":"product_cat-literatur","7":"product_cat-zvab","9":"first","10":"instock","11":"purchasable","12":"product-type-simple"},"_links":{"self":[{"href":"https:\/\/antiquariat-steinbach.com\/rarebooks\/wp-json\/wp\/v2\/product\/3857","targetHints":{"allow":["GET"]}}],"collection":[{"href":"https:\/\/antiquariat-steinbach.com\/rarebooks\/wp-json\/wp\/v2\/product"}],"about":[{"href":"https:\/\/antiquariat-steinbach.com\/rarebooks\/wp-json\/wp\/v2\/types\/product"}],"version-history":[{"count":3,"href":"https:\/\/antiquariat-steinbach.com\/rarebooks\/wp-json\/wp\/v2\/product\/3857\/revisions"}],"predecessor-version":[{"id":19932,"href":"https:\/\/antiquariat-steinbach.com\/rarebooks\/wp-json\/wp\/v2\/product\/3857\/revisions\/19932"}],"wp:attachment":[{"href":"https:\/\/antiquariat-steinbach.com\/rarebooks\/wp-json\/wp\/v2\/media?parent=3857"}],"wp:term":[{"taxonomy":"product_brand","embeddable":true,"href":"https:\/\/antiquariat-steinbach.com\/rarebooks\/wp-json\/wp\/v2\/product_brand?post=3857"},{"taxonomy":"product_cat","embeddable":true,"href":"https:\/\/antiquariat-steinbach.com\/rarebooks\/wp-json\/wp\/v2\/product_cat?post=3857"},{"taxonomy":"product_tag","embeddable":true,"href":"https:\/\/antiquariat-steinbach.com\/rarebooks\/wp-json\/wp\/v2\/product_tag?post=3857"}],"curies":[{"name":"wp","href":"https:\/\/api.w.org\/{rel}","templated":true}]}}