{"id":3849,"date":"2026-03-12T00:10:29","date_gmt":"2026-03-11T23:10:29","guid":{"rendered":"http:\/\/antiquariat-steinbach.com\/rarebooks\/produkt\/anleitung-zur-sichern-erziehung-und-zweckmaessigen-anpflanzung-der-einheimischen-und-fremden-holzarten-welche-in-deutschland-und-unter-aehnlichen-klima-im-freien-fortkommen\/"},"modified":"2026-03-12T00:10:30","modified_gmt":"2026-03-11T23:10:30","slug":"holz-burgsdorf-f-a-l-von-anleitung-zur-sichern-erziehung-und-zweckmaessigen-anpflanzung-der-einheimischen-und-fremden-holzarten-welche-in-deutschland-und-unter-aehnlichen-klima-im-freien-fo","status":"publish","type":"product","link":"https:\/\/antiquariat-steinbach.com\/rarebooks\/produkt\/holz-burgsdorf-f-a-l-von-anleitung-zur-sichern-erziehung-und-zweckmaessigen-anpflanzung-der-einheimischen-und-fremden-holzarten-welche-in-deutschland-und-unter-aehnlichen-klima-im-freien-fo\/","title":{"rendered":"Holz &#8211;   Burgsdorf, F.A.L. von: &#8211;  Anleitung zur sichern Erziehung und zweckm\u00e4\u00dfigen Anpflanzung der einheimischen und fremden Holzarten, welche in Deutschland und unter \u00e4hnlichen Klima im Freien fortkommen."},"content":{"rendered":"<p>O.O, 1796.<\/p>\n<p>Revidirte und vermehrte Ausg. 2 Teile in 1 Band. 19 : 11,5 cm. 196; 232 Seiten mit 1 Kupfertafel. Marmorierter Pappband.<\/p>\n<p>120,00 EUR<\/p>\n","protected":false},"excerpt":{"rendered":"<p>Nach der allgemeinen Theorie der Baumzucht folgt im zweiten Band die praktische Anleitung zur baumschulm\u00e4\u00dfigen Erzeugung von B\u00e4umen und Str\u00e4uchern nach systematischer Ordnung. Von Burgsdorf war Direktor der Forstakademie zu Berlin. &#8211; Titelblatt rechts unten mit Eckabri\u00df und einigen Buchstaben Verlust, die ersten 15 Seiten rechts aussen mit kl. Titenfleck, neu aufgebunden. &#8211; Vgl. Mantel I, 319; Pritzel 4386; Dochnahl 27.<\/p>\n","protected":false},"featured_media":28368,"template":"","meta":[],"product_brand":[],"product_cat":[549,127,914],"product_tag":[],"class_list":{"0":"post-3849","1":"product","2":"type-product","3":"status-publish","4":"has-post-thumbnail","6":"product_cat-garten","7":"product_cat-landwirtschaft","8":"product_cat-zvab","10":"first","11":"instock","12":"purchasable","13":"product-type-simple"},"_links":{"self":[{"href":"https:\/\/antiquariat-steinbach.com\/rarebooks\/wp-json\/wp\/v2\/product\/3849","targetHints":{"allow":["GET"]}}],"collection":[{"href":"https:\/\/antiquariat-steinbach.com\/rarebooks\/wp-json\/wp\/v2\/product"}],"about":[{"href":"https:\/\/antiquariat-steinbach.com\/rarebooks\/wp-json\/wp\/v2\/types\/product"}],"version-history":[{"count":3,"href":"https:\/\/antiquariat-steinbach.com\/rarebooks\/wp-json\/wp\/v2\/product\/3849\/revisions"}],"predecessor-version":[{"id":19928,"href":"https:\/\/antiquariat-steinbach.com\/rarebooks\/wp-json\/wp\/v2\/product\/3849\/revisions\/19928"}],"wp:featuredmedia":[{"embeddable":true,"href":"https:\/\/antiquariat-steinbach.com\/rarebooks\/wp-json\/wp\/v2\/media\/28368"}],"wp:attachment":[{"href":"https:\/\/antiquariat-steinbach.com\/rarebooks\/wp-json\/wp\/v2\/media?parent=3849"}],"wp:term":[{"taxonomy":"product_brand","embeddable":true,"href":"https:\/\/antiquariat-steinbach.com\/rarebooks\/wp-json\/wp\/v2\/product_brand?post=3849"},{"taxonomy":"product_cat","embeddable":true,"href":"https:\/\/antiquariat-steinbach.com\/rarebooks\/wp-json\/wp\/v2\/product_cat?post=3849"},{"taxonomy":"product_tag","embeddable":true,"href":"https:\/\/antiquariat-steinbach.com\/rarebooks\/wp-json\/wp\/v2\/product_tag?post=3849"}],"curies":[{"name":"wp","href":"https:\/\/api.w.org\/{rel}","templated":true}]}}