{"id":3827,"date":"2026-03-12T00:10:27","date_gmt":"2026-03-11T23:10:27","guid":{"rendered":"http:\/\/antiquariat-steinbach.com\/rarebooks\/produkt\/denkwuerdigkeiten-des-fuersten-chlodwig-zu-hohenlohe-schillingsfuerst\/"},"modified":"2026-03-12T00:10:29","modified_gmt":"2026-03-11T23:10:29","slug":"hohenlohe-schillingsfuerst-curtius-friedrich-hrsg-denkwuerdigkeiten-des-fuersten-chlodwig-zu-hohenlohe-schillingsfuerst","status":"publish","type":"product","link":"https:\/\/antiquariat-steinbach.com\/rarebooks\/produkt\/hohenlohe-schillingsfuerst-curtius-friedrich-hrsg-denkwuerdigkeiten-des-fuersten-chlodwig-zu-hohenlohe-schillingsfuerst\/","title":{"rendered":"Hohenlohe-Schillingsf\u00fcrst &#8211;   Curtius, Friedrich (Hrsg.): &#8211;  Denkw\u00fcrdigkeiten des F\u00fcrsten Chlodwig zu Hohenlohe-Schillingsf\u00fcrst."},"content":{"rendered":"<p>Stuttgart und Leipzig, Deutsche Verlags-Anstalt 1906.<\/p>\n<p>2 B\u00e4nde. 24,5 : 16,5 cm. VII, 440 Seiten; 2 Blatt, 565 Seiten mit 5 Portr\u00e4ts und 1 Faksimile. Halblederb\u00e4nde der Zeit.<\/p>\n<p>40,00 EUR<\/p>\n","protected":false},"excerpt":{"rendered":"<p>Erste Ausgabe.<\/p>\n","protected":false},"featured_media":27440,"template":"","meta":[],"product_brand":[],"product_cat":[97,914],"product_tag":[],"class_list":{"0":"post-3827","1":"product","2":"type-product","3":"status-publish","4":"has-post-thumbnail","6":"product_cat-geschichte","7":"product_cat-zvab","9":"first","10":"instock","11":"purchasable","12":"product-type-simple"},"_links":{"self":[{"href":"https:\/\/antiquariat-steinbach.com\/rarebooks\/wp-json\/wp\/v2\/product\/3827","targetHints":{"allow":["GET"]}}],"collection":[{"href":"https:\/\/antiquariat-steinbach.com\/rarebooks\/wp-json\/wp\/v2\/product"}],"about":[{"href":"https:\/\/antiquariat-steinbach.com\/rarebooks\/wp-json\/wp\/v2\/types\/product"}],"version-history":[{"count":3,"href":"https:\/\/antiquariat-steinbach.com\/rarebooks\/wp-json\/wp\/v2\/product\/3827\/revisions"}],"predecessor-version":[{"id":19919,"href":"https:\/\/antiquariat-steinbach.com\/rarebooks\/wp-json\/wp\/v2\/product\/3827\/revisions\/19919"}],"wp:featuredmedia":[{"embeddable":true,"href":"https:\/\/antiquariat-steinbach.com\/rarebooks\/wp-json\/wp\/v2\/media\/27440"}],"wp:attachment":[{"href":"https:\/\/antiquariat-steinbach.com\/rarebooks\/wp-json\/wp\/v2\/media?parent=3827"}],"wp:term":[{"taxonomy":"product_brand","embeddable":true,"href":"https:\/\/antiquariat-steinbach.com\/rarebooks\/wp-json\/wp\/v2\/product_brand?post=3827"},{"taxonomy":"product_cat","embeddable":true,"href":"https:\/\/antiquariat-steinbach.com\/rarebooks\/wp-json\/wp\/v2\/product_cat?post=3827"},{"taxonomy":"product_tag","embeddable":true,"href":"https:\/\/antiquariat-steinbach.com\/rarebooks\/wp-json\/wp\/v2\/product_tag?post=3827"}],"curies":[{"name":"wp","href":"https:\/\/api.w.org\/{rel}","templated":true}]}}