{"id":3805,"date":"2026-03-12T00:14:44","date_gmt":"2026-03-11T23:14:44","guid":{"rendered":"http:\/\/antiquariat-steinbach.com\/rarebooks\/produkt\/das-kleine-welttheater-oder-die-gluecklichen\/"},"modified":"2026-03-12T00:14:44","modified_gmt":"2026-03-11T23:14:44","slug":"literatur-hofmannsthal-hugo-von-das-kleine-welttheater-oder-die-gluecklichen","status":"publish","type":"product","link":"https:\/\/antiquariat-steinbach.com\/rarebooks\/produkt\/literatur-hofmannsthal-hugo-von-das-kleine-welttheater-oder-die-gluecklichen\/","title":{"rendered":"Literatur &#8211;   Hofmannsthal, Hugo von. &#8211;  Das kleine Welttheater oder die Gl\u00fccklichen."},"content":{"rendered":"<p>Leipzig,  Insel, 1903.<\/p>\n<p>20 : 15,5 cm. 22 Blatt. Pappband mit Deckeltitel<\/p>\n<p>60,00 EUR<\/p>\n","protected":false},"excerpt":{"rendered":"<p>Erste Ausgabe. &#8211; Eines von 800 nummerierten Exemplaren.  Durchgehend in Rot und Schwarz gedruckt. &#8211; Vordere Vorsatzbl\u00e4tter von Aubrey Beardsley. &#8211; Privater Pappband unter Verwendung der vorderen illustrierten Vors\u00e4tze von Bearsdley. &#8211; Im Schnitt seitlich mit Druckstelle und winzigem Einri\u00df. &#8211;  W.-G. 17; Sarkowski 768.<\/p>\n","protected":false},"featured_media":17973,"template":"","meta":[],"product_brand":[],"product_cat":[29,71,416,32,213,914],"product_tag":[],"class_list":{"0":"post-3805","1":"product","2":"type-product","3":"status-publish","4":"has-post-thumbnail","6":"product_cat-20-jahrhundert","7":"product_cat-austriaca","8":"product_cat-hofmannsthal","9":"product_cat-literatur","10":"product_cat-world-exhibitions","11":"product_cat-zvab","13":"first","14":"instock","15":"purchasable","16":"product-type-simple"},"_links":{"self":[{"href":"https:\/\/antiquariat-steinbach.com\/rarebooks\/wp-json\/wp\/v2\/product\/3805","targetHints":{"allow":["GET"]}}],"collection":[{"href":"https:\/\/antiquariat-steinbach.com\/rarebooks\/wp-json\/wp\/v2\/product"}],"about":[{"href":"https:\/\/antiquariat-steinbach.com\/rarebooks\/wp-json\/wp\/v2\/types\/product"}],"version-history":[{"count":5,"href":"https:\/\/antiquariat-steinbach.com\/rarebooks\/wp-json\/wp\/v2\/product\/3805\/revisions"}],"predecessor-version":[{"id":24545,"href":"https:\/\/antiquariat-steinbach.com\/rarebooks\/wp-json\/wp\/v2\/product\/3805\/revisions\/24545"}],"wp:featuredmedia":[{"embeddable":true,"href":"https:\/\/antiquariat-steinbach.com\/rarebooks\/wp-json\/wp\/v2\/media\/17973"}],"wp:attachment":[{"href":"https:\/\/antiquariat-steinbach.com\/rarebooks\/wp-json\/wp\/v2\/media?parent=3805"}],"wp:term":[{"taxonomy":"product_brand","embeddable":true,"href":"https:\/\/antiquariat-steinbach.com\/rarebooks\/wp-json\/wp\/v2\/product_brand?post=3805"},{"taxonomy":"product_cat","embeddable":true,"href":"https:\/\/antiquariat-steinbach.com\/rarebooks\/wp-json\/wp\/v2\/product_cat?post=3805"},{"taxonomy":"product_tag","embeddable":true,"href":"https:\/\/antiquariat-steinbach.com\/rarebooks\/wp-json\/wp\/v2\/product_tag?post=3805"}],"curies":[{"name":"wp","href":"https:\/\/api.w.org\/{rel}","templated":true}]}}