{"id":377,"date":"2026-03-12T00:26:14","date_gmt":"2026-03-11T23:26:14","guid":{"rendered":"http:\/\/antiquariat-steinbach.com\/rarebooks\/produkt\/im-auftrag-sr-majestaet-des-koenigs-von-preussen-mit-dem-englischen-expeditionscorps-in-abessinien\/"},"modified":"2026-03-12T00:26:16","modified_gmt":"2026-03-11T23:26:16","slug":"voyage-abessinien-rohlfs-gerhard-im-auftrag-sr-majestaet-des-koenigs-von-preussen-mit-dem-englischen-expeditionscorps-in-abessinien","status":"publish","type":"product","link":"https:\/\/antiquariat-steinbach.com\/rarebooks\/produkt\/voyage-abessinien-rohlfs-gerhard-im-auftrag-sr-majestaet-des-koenigs-von-preussen-mit-dem-englischen-expeditionscorps-in-abessinien\/","title":{"rendered":"Voyage &#8211; Abessinien &#8211;   Rohlfs, Gerhard. &#8211;  Im Auftrag Sr. Majest\u00e4t des K\u00f6nigs von Preussen mit dem Englischen Expeditionscorps in Abessinien."},"content":{"rendered":"<p>Bremen, K\u00fchlmann, 1869.<\/p>\n<p>22 : 14 cm. 4 Blatt  it gestochenem Portr\u00e4t, 182 Seiten, 1 Blatt, 3 mehrfach gefaltete Tabellesn, 1 mehrfach gefaltete Karte. Karton.<\/p>\n<p>450,00 EUR<\/p>\n","protected":false},"excerpt":{"rendered":"<p>Erste Ausgabe. &#8211;  Sehr selten (Kainbacher). &#8222;Einer der namhaftesten deutschen Afrikaforscher, entstamt einer alten, schon im 16. Jahrhundert zu Ansehen gelangten bremischen Familie..mit Recht wqird er&#8230;zu den bedeutendsten Vertretern jeroischen Epoche der Afrikaforscher gez\u00e4hlt&#8220; (ADB). Rohlfs nahm w\u00e4rerend seines Aufanthalts H\u00f6henmsesungen vor die er in diesem WErk ver\u00f6ffentlichte. &#8211; Lose beiliegend: A map of Sir Samuel White Baker&#8217;s route of the Nile Tributaries of Abysinia. &#8211; Titelblatt und Vorwort mit \u00dcberklebungen; Buchblock lose in Karton-Decken; die lose beiliegende Karte etws knittrig.<\/p>\n","protected":false},"featured_media":9245,"template":"","meta":[],"product_brand":[],"product_cat":[64,65,66,914],"product_tag":[],"class_list":{"0":"post-377","1":"product","2":"type-product","3":"status-publish","4":"has-post-thumbnail","6":"product_cat-afrika","7":"product_cat-geographie","8":"product_cat-reisen","9":"product_cat-zvab","11":"first","12":"instock","13":"purchasable","14":"product-type-simple"},"_links":{"self":[{"href":"https:\/\/antiquariat-steinbach.com\/rarebooks\/wp-json\/wp\/v2\/product\/377","targetHints":{"allow":["GET"]}}],"collection":[{"href":"https:\/\/antiquariat-steinbach.com\/rarebooks\/wp-json\/wp\/v2\/product"}],"about":[{"href":"https:\/\/antiquariat-steinbach.com\/rarebooks\/wp-json\/wp\/v2\/types\/product"}],"version-history":[{"count":4,"href":"https:\/\/antiquariat-steinbach.com\/rarebooks\/wp-json\/wp\/v2\/product\/377\/revisions"}],"predecessor-version":[{"id":25093,"href":"https:\/\/antiquariat-steinbach.com\/rarebooks\/wp-json\/wp\/v2\/product\/377\/revisions\/25093"}],"wp:featuredmedia":[{"embeddable":true,"href":"https:\/\/antiquariat-steinbach.com\/rarebooks\/wp-json\/wp\/v2\/media\/9245"}],"wp:attachment":[{"href":"https:\/\/antiquariat-steinbach.com\/rarebooks\/wp-json\/wp\/v2\/media?parent=377"}],"wp:term":[{"taxonomy":"product_brand","embeddable":true,"href":"https:\/\/antiquariat-steinbach.com\/rarebooks\/wp-json\/wp\/v2\/product_brand?post=377"},{"taxonomy":"product_cat","embeddable":true,"href":"https:\/\/antiquariat-steinbach.com\/rarebooks\/wp-json\/wp\/v2\/product_cat?post=377"},{"taxonomy":"product_tag","embeddable":true,"href":"https:\/\/antiquariat-steinbach.com\/rarebooks\/wp-json\/wp\/v2\/product_tag?post=377"}],"curies":[{"name":"wp","href":"https:\/\/api.w.org\/{rel}","templated":true}]}}