{"id":3753,"date":"2026-03-12T00:10:23","date_gmt":"2026-03-11T23:10:23","guid":{"rendered":"http:\/\/antiquariat-steinbach.com\/rarebooks\/produkt\/jorinde-und-joringel-ein-maerchen\/"},"modified":"2026-03-12T00:10:23","modified_gmt":"2026-03-11T23:10:23","slug":"hoffmann-grimm-brueder-jorinde-und-joringel-ein-maerchen","status":"publish","type":"product","link":"https:\/\/antiquariat-steinbach.com\/rarebooks\/produkt\/hoffmann-grimm-brueder-jorinde-und-joringel-ein-maerchen\/","title":{"rendered":"Hoffmann &#8211;   Grimm, Br\u00fcder: &#8211;  Jorinde und Joringel ein M\u00e4rchen."},"content":{"rendered":"<p>(Basel), Birkh\u00e4user (1969).<\/p>\n<p>28,5 : 19 cm. Mit 7 Original-Farbholzschnitten von Felix Hoffmann. Original-Halbpergamentband, Schuber.<\/p>\n<p>75,00 EUR<\/p>\n","protected":false},"excerpt":{"rendered":"<p>Nummeriertes Exemplar. Druckvermerk vom K\u00fcnstler signiert. 18. Band der Reihe &#8218;Basler Drucke&#8216;.<\/p>\n","protected":false},"featured_media":14733,"template":"","meta":[],"product_brand":[],"product_cat":[29,43,137,914],"product_tag":[],"class_list":{"0":"post-3753","1":"product","2":"type-product","3":"status-publish","4":"has-post-thumbnail","6":"product_cat-20-jahrhundert","7":"product_cat-illustrierte-buecher","8":"product_cat-maerchen","9":"product_cat-zvab","11":"first","12":"instock","13":"purchasable","14":"product-type-simple"},"_links":{"self":[{"href":"https:\/\/antiquariat-steinbach.com\/rarebooks\/wp-json\/wp\/v2\/product\/3753","targetHints":{"allow":["GET"]}}],"collection":[{"href":"https:\/\/antiquariat-steinbach.com\/rarebooks\/wp-json\/wp\/v2\/product"}],"about":[{"href":"https:\/\/antiquariat-steinbach.com\/rarebooks\/wp-json\/wp\/v2\/types\/product"}],"version-history":[{"count":4,"href":"https:\/\/antiquariat-steinbach.com\/rarebooks\/wp-json\/wp\/v2\/product\/3753\/revisions"}],"predecessor-version":[{"id":19888,"href":"https:\/\/antiquariat-steinbach.com\/rarebooks\/wp-json\/wp\/v2\/product\/3753\/revisions\/19888"}],"wp:featuredmedia":[{"embeddable":true,"href":"https:\/\/antiquariat-steinbach.com\/rarebooks\/wp-json\/wp\/v2\/media\/14733"}],"wp:attachment":[{"href":"https:\/\/antiquariat-steinbach.com\/rarebooks\/wp-json\/wp\/v2\/media?parent=3753"}],"wp:term":[{"taxonomy":"product_brand","embeddable":true,"href":"https:\/\/antiquariat-steinbach.com\/rarebooks\/wp-json\/wp\/v2\/product_brand?post=3753"},{"taxonomy":"product_cat","embeddable":true,"href":"https:\/\/antiquariat-steinbach.com\/rarebooks\/wp-json\/wp\/v2\/product_cat?post=3753"},{"taxonomy":"product_tag","embeddable":true,"href":"https:\/\/antiquariat-steinbach.com\/rarebooks\/wp-json\/wp\/v2\/product_tag?post=3753"}],"curies":[{"name":"wp","href":"https:\/\/api.w.org\/{rel}","templated":true}]}}