{"id":3745,"date":"2026-03-12T00:10:21","date_gmt":"2026-03-11T23:10:21","guid":{"rendered":"http:\/\/antiquariat-steinbach.com\/rarebooks\/produkt\/neues-raethselbuechlein-fuer-die-jugend\/"},"modified":"2026-03-12T00:10:22","modified_gmt":"2026-03-11T23:10:22","slug":"hofacker-ludwig-neues-raethselbuechlein-fuer-die-jugend","status":"publish","type":"product","link":"https:\/\/antiquariat-steinbach.com\/rarebooks\/produkt\/hofacker-ludwig-neues-raethselbuechlein-fuer-die-jugend\/","title":{"rendered":"Hofacker, Ludwig: &#8211;  Neues R\u00e4thselb\u00fcchlein f\u00fcr die Jugend."},"content":{"rendered":"<p>Stuttgart, Verlag der Evang. Gesellschaft 1879.<\/p>\n<p>14,5 : 11 cm. 80 Seiten Illustrierter Original-Halbleinenband.<\/p>\n<p>60,00 EUR<\/p>\n","protected":false},"excerpt":{"rendered":"<p>Mit 90 kleinen R\u00e4tseln, die Aufl\u00f6sungen im Anhang, des weiteren Scherzr\u00e4tsel und zu religi\u00f6sen Themen. In dem h\u00fcbschillustrierten Original-Einband. &#8211; Wegehaupt II, 1396.<\/p>\n","protected":false},"featured_media":0,"template":"","meta":[],"product_brand":[],"product_cat":[60,914],"product_tag":[],"class_list":{"0":"post-3745","1":"product","2":"type-product","3":"status-publish","5":"product_cat-kinderbuecher","6":"product_cat-zvab","8":"first","9":"instock","10":"purchasable","11":"product-type-simple"},"_links":{"self":[{"href":"https:\/\/antiquariat-steinbach.com\/rarebooks\/wp-json\/wp\/v2\/product\/3745","targetHints":{"allow":["GET"]}}],"collection":[{"href":"https:\/\/antiquariat-steinbach.com\/rarebooks\/wp-json\/wp\/v2\/product"}],"about":[{"href":"https:\/\/antiquariat-steinbach.com\/rarebooks\/wp-json\/wp\/v2\/types\/product"}],"version-history":[{"count":3,"href":"https:\/\/antiquariat-steinbach.com\/rarebooks\/wp-json\/wp\/v2\/product\/3745\/revisions"}],"predecessor-version":[{"id":19884,"href":"https:\/\/antiquariat-steinbach.com\/rarebooks\/wp-json\/wp\/v2\/product\/3745\/revisions\/19884"}],"wp:attachment":[{"href":"https:\/\/antiquariat-steinbach.com\/rarebooks\/wp-json\/wp\/v2\/media?parent=3745"}],"wp:term":[{"taxonomy":"product_brand","embeddable":true,"href":"https:\/\/antiquariat-steinbach.com\/rarebooks\/wp-json\/wp\/v2\/product_brand?post=3745"},{"taxonomy":"product_cat","embeddable":true,"href":"https:\/\/antiquariat-steinbach.com\/rarebooks\/wp-json\/wp\/v2\/product_cat?post=3745"},{"taxonomy":"product_tag","embeddable":true,"href":"https:\/\/antiquariat-steinbach.com\/rarebooks\/wp-json\/wp\/v2\/product_tag?post=3745"}],"curies":[{"name":"wp","href":"https:\/\/api.w.org\/{rel}","templated":true}]}}