{"id":3731,"date":"2026-03-12T00:10:21","date_gmt":"2026-03-11T23:10:21","guid":{"rendered":"http:\/\/antiquariat-steinbach.com\/rarebooks\/produkt\/allgemeine-mathematische-und-physikalische-erdbeschreibung-zur-belehrung-ueber-die-merkwuerdigsten-eigenschaften-unseres-planeten-und-zur-befoerderng-eines-lebendigen-sinnes-fuer-die-natur-ueberhaup\/"},"modified":"2026-03-12T00:10:21","modified_gmt":"2026-03-11T23:10:21","slug":"hochstetter-ernst-friedrich-allgemeine-mathematische-und-physikalische-erdbeschreibung-zur-belehrung-ueber-die-merkwuerdigsten-eigenschaften-unseres-planeten-und-zur-befoerderng-eines-lebendige","status":"publish","type":"product","link":"https:\/\/antiquariat-steinbach.com\/rarebooks\/produkt\/hochstetter-ernst-friedrich-allgemeine-mathematische-und-physikalische-erdbeschreibung-zur-belehrung-ueber-die-merkwuerdigsten-eigenschaften-unseres-planeten-und-zur-befoerderng-eines-lebendige\/","title":{"rendered":"Hochstetter, Ernst Friedrich: &#8211;  Allgemeine mathematische und physikalische Erdbeschreibung; zur Belehrung \u00fcber die merkw\u00fcrdigsten Eigenschaften unseres Planeten, und zur Bef\u00f6rderng eines lebendigen Sinnes f\u00fcr die Natur \u00fcberhaupt."},"content":{"rendered":"<p>Stuttgart, Metzler 1820 &#8211; 1824.<\/p>\n<p>2. und 4.Teil (von 4). 20 : 12 cm. 6 Blatt, 380 Seiten; 4 Blatt, 392 Seiten. Pappb\u00e4nde der Zeit mit R\u00fcckentitelschildchen.<\/p>\n<p>48,00 EUR<\/p>\n","protected":false},"excerpt":{"rendered":"<p>Mit Reihentitel: Allgemeine physikalische Erdbeschreibung 1. und 3. Teil.<\/p>\n","protected":false},"featured_media":28058,"template":"","meta":[],"product_brand":[],"product_cat":[67,82,183,914],"product_tag":[],"class_list":{"0":"post-3731","1":"product","2":"type-product","3":"status-publish","4":"has-post-thumbnail","6":"product_cat-mathematik","7":"product_cat-naturwissenschaften","8":"product_cat-physik","9":"product_cat-zvab","11":"first","12":"instock","13":"purchasable","14":"product-type-simple"},"_links":{"self":[{"href":"https:\/\/antiquariat-steinbach.com\/rarebooks\/wp-json\/wp\/v2\/product\/3731","targetHints":{"allow":["GET"]}}],"collection":[{"href":"https:\/\/antiquariat-steinbach.com\/rarebooks\/wp-json\/wp\/v2\/product"}],"about":[{"href":"https:\/\/antiquariat-steinbach.com\/rarebooks\/wp-json\/wp\/v2\/types\/product"}],"version-history":[{"count":4,"href":"https:\/\/antiquariat-steinbach.com\/rarebooks\/wp-json\/wp\/v2\/product\/3731\/revisions"}],"predecessor-version":[{"id":24348,"href":"https:\/\/antiquariat-steinbach.com\/rarebooks\/wp-json\/wp\/v2\/product\/3731\/revisions\/24348"}],"wp:featuredmedia":[{"embeddable":true,"href":"https:\/\/antiquariat-steinbach.com\/rarebooks\/wp-json\/wp\/v2\/media\/28058"}],"wp:attachment":[{"href":"https:\/\/antiquariat-steinbach.com\/rarebooks\/wp-json\/wp\/v2\/media?parent=3731"}],"wp:term":[{"taxonomy":"product_brand","embeddable":true,"href":"https:\/\/antiquariat-steinbach.com\/rarebooks\/wp-json\/wp\/v2\/product_brand?post=3731"},{"taxonomy":"product_cat","embeddable":true,"href":"https:\/\/antiquariat-steinbach.com\/rarebooks\/wp-json\/wp\/v2\/product_cat?post=3731"},{"taxonomy":"product_tag","embeddable":true,"href":"https:\/\/antiquariat-steinbach.com\/rarebooks\/wp-json\/wp\/v2\/product_tag?post=3731"}],"curies":[{"name":"wp","href":"https:\/\/api.w.org\/{rel}","templated":true}]}}