{"id":3729,"date":"2026-03-12T00:10:19","date_gmt":"2026-03-11T23:10:19","guid":{"rendered":"http:\/\/antiquariat-steinbach.com\/rarebooks\/produkt\/allgemeines-oekonomisch-chymisch-technologisches-haus-und-kunstbuch-oder-sammlung-ausgesuchter-vorschriften-zum-gebrauche-fuer-haus-und-landwirthe-professionisten-kuenstler-und-kunstliebhaber\/"},"modified":"2026-03-12T00:10:20","modified_gmt":"2026-03-11T23:10:20","slug":"hochheimer-c-f-a-allgemeines-oekonomisch-chymisch-technologisches-haus-und-kunstbuch-oder-sammlung-ausgesuchter-vorschriften-zum-gebrauche-fuer-haus-und-landwirthe-professionisten-kuenstler","status":"publish","type":"product","link":"https:\/\/antiquariat-steinbach.com\/rarebooks\/produkt\/hochheimer-c-f-a-allgemeines-oekonomisch-chymisch-technologisches-haus-und-kunstbuch-oder-sammlung-ausgesuchter-vorschriften-zum-gebrauche-fuer-haus-und-landwirthe-professionisten-kuenstler\/","title":{"rendered":"Hochheimer, C.F.A: &#8211;  Allgemeines \u00f6konomisch-chymisch-technologisches Haus- und Kunstbuch, oder: Sammlung ausgesuchter Vorschriften zum Gebrauche f\u00fcr Haus- und Landwirthe, Professionisten, K\u00fcnstler und Kunstliebhaber."},"content":{"rendered":"<p>Frankfurt und Leipzig, 1804.<\/p>\n<p>4. bzw. 3. verb. u. verm. Aufl. 2 B\u00e4nde. 19 : 12 cm. XXXII, 630 Seiten, 1 Blatt; XVIII, 519 Seiten mit 4 mehrfach gefalteten Kupfertafeln. Pappb\u00e4nde der Zeit.<\/p>\n<p>180,00 EUR<\/p>\n","protected":false},"excerpt":{"rendered":"<p>Popul\u00e4res Handbuch mit 1077 hauswirtschaftlichen und technischen Methoden und Rezpeten u.a. zur Behandlung von Lebensmittel (z.B.:&#8217;Alle e\u00dfbaren Kr\u00e4uter und Wurzeln zu trocknen, um solche zu allen Jahreszeiten zu gebrauchen&#8216;,&#8217;Die rechte Zeit zu erkennen, wann die Kastanien genug gebraten seyn&#8216;) Getr\u00e4nken (z.B.: &#8218;Limonadenpulver&#8216;, &#8218;Wie man den Most behandeln kann&#8216;), Textilien, Farbenherstellung, Ratschl\u00e4ge f\u00fcr die Gesundheit (z.B.: &#8218;Mittel wider die Gicht&#8216;). Die Kupfertafeln zeigen das von Adams verbesserte &#8218;Lampen-Microscop&#8216;. &#8211; Sammlung der besten \u00f6konomischen Werke, Band VIII und IX. &#8211; Vgl. Engelmann, Bibl. oec. 132 (EA von 1794); Weiss 1630.<\/p>\n","protected":false},"featured_media":27972,"template":"","meta":[],"product_brand":[],"product_cat":[58,127,914],"product_tag":[],"class_list":{"0":"post-3729","1":"product","2":"type-product","3":"status-publish","4":"has-post-thumbnail","6":"product_cat-gastronomie","7":"product_cat-landwirtschaft","8":"product_cat-zvab","10":"first","11":"instock","12":"purchasable","13":"product-type-simple"},"_links":{"self":[{"href":"https:\/\/antiquariat-steinbach.com\/rarebooks\/wp-json\/wp\/v2\/product\/3729","targetHints":{"allow":["GET"]}}],"collection":[{"href":"https:\/\/antiquariat-steinbach.com\/rarebooks\/wp-json\/wp\/v2\/product"}],"about":[{"href":"https:\/\/antiquariat-steinbach.com\/rarebooks\/wp-json\/wp\/v2\/types\/product"}],"version-history":[{"count":3,"href":"https:\/\/antiquariat-steinbach.com\/rarebooks\/wp-json\/wp\/v2\/product\/3729\/revisions"}],"predecessor-version":[{"id":19878,"href":"https:\/\/antiquariat-steinbach.com\/rarebooks\/wp-json\/wp\/v2\/product\/3729\/revisions\/19878"}],"wp:featuredmedia":[{"embeddable":true,"href":"https:\/\/antiquariat-steinbach.com\/rarebooks\/wp-json\/wp\/v2\/media\/27972"}],"wp:attachment":[{"href":"https:\/\/antiquariat-steinbach.com\/rarebooks\/wp-json\/wp\/v2\/media?parent=3729"}],"wp:term":[{"taxonomy":"product_brand","embeddable":true,"href":"https:\/\/antiquariat-steinbach.com\/rarebooks\/wp-json\/wp\/v2\/product_brand?post=3729"},{"taxonomy":"product_cat","embeddable":true,"href":"https:\/\/antiquariat-steinbach.com\/rarebooks\/wp-json\/wp\/v2\/product_cat?post=3729"},{"taxonomy":"product_tag","embeddable":true,"href":"https:\/\/antiquariat-steinbach.com\/rarebooks\/wp-json\/wp\/v2\/product_tag?post=3729"}],"curies":[{"name":"wp","href":"https:\/\/api.w.org\/{rel}","templated":true}]}}