{"id":3713,"date":"2026-03-12T00:10:16","date_gmt":"2026-03-11T23:10:16","guid":{"rendered":"http:\/\/antiquariat-steinbach.com\/rarebooks\/produkt\/das-heutige-spanien-seine-geistige-und-aeusserliche-entwicklung-im-19\/"},"modified":"2026-03-12T00:10:18","modified_gmt":"2026-03-11T23:10:18","slug":"historia-garrido-fernando-das-heutige-spanien-seine-geistige-und-aeusserliche-entwicklung-im-19","status":"publish","type":"product","link":"https:\/\/antiquariat-steinbach.com\/rarebooks\/produkt\/historia-garrido-fernando-das-heutige-spanien-seine-geistige-und-aeusserliche-entwicklung-im-19\/","title":{"rendered":"Historia &#8211;   Garrido, Fernando: &#8211;  Das heutige Spanien seine geistige und \u00e4u\u00dferliche Entwicklung im 19."},"content":{"rendered":"<p>Leipzig, Kummer 1867.<\/p>\n<p>22,5 : 15,5 cm. XVIII, 325 p\u00e1ginas Tela editorial.<\/p>\n<p>25,00 EUR<\/p>\n","protected":false},"excerpt":{"rendered":"<p>Describe la historia Espa\u00f1ola desde el descubrimiento de America hasta la posici\u00f3n de Espa\u00f1a en un Europa republicano.<\/p>\n","protected":false},"featured_media":16841,"template":"","meta":[],"product_brand":[],"product_cat":[65,97,148,914],"product_tag":[],"class_list":{"0":"post-3713","1":"product","2":"type-product","3":"status-publish","4":"has-post-thumbnail","6":"product_cat-geographie","7":"product_cat-geschichte","8":"product_cat-spanien","9":"product_cat-zvab","11":"first","12":"instock","13":"purchasable","14":"product-type-simple"},"_links":{"self":[{"href":"https:\/\/antiquariat-steinbach.com\/rarebooks\/wp-json\/wp\/v2\/product\/3713","targetHints":{"allow":["GET"]}}],"collection":[{"href":"https:\/\/antiquariat-steinbach.com\/rarebooks\/wp-json\/wp\/v2\/product"}],"about":[{"href":"https:\/\/antiquariat-steinbach.com\/rarebooks\/wp-json\/wp\/v2\/types\/product"}],"version-history":[{"count":4,"href":"https:\/\/antiquariat-steinbach.com\/rarebooks\/wp-json\/wp\/v2\/product\/3713\/revisions"}],"predecessor-version":[{"id":19862,"href":"https:\/\/antiquariat-steinbach.com\/rarebooks\/wp-json\/wp\/v2\/product\/3713\/revisions\/19862"}],"wp:featuredmedia":[{"embeddable":true,"href":"https:\/\/antiquariat-steinbach.com\/rarebooks\/wp-json\/wp\/v2\/media\/16841"}],"wp:attachment":[{"href":"https:\/\/antiquariat-steinbach.com\/rarebooks\/wp-json\/wp\/v2\/media?parent=3713"}],"wp:term":[{"taxonomy":"product_brand","embeddable":true,"href":"https:\/\/antiquariat-steinbach.com\/rarebooks\/wp-json\/wp\/v2\/product_brand?post=3713"},{"taxonomy":"product_cat","embeddable":true,"href":"https:\/\/antiquariat-steinbach.com\/rarebooks\/wp-json\/wp\/v2\/product_cat?post=3713"},{"taxonomy":"product_tag","embeddable":true,"href":"https:\/\/antiquariat-steinbach.com\/rarebooks\/wp-json\/wp\/v2\/product_tag?post=3713"}],"curies":[{"name":"wp","href":"https:\/\/api.w.org\/{rel}","templated":true}]}}