{"id":3687,"date":"2026-03-12T00:10:14","date_gmt":"2026-03-11T23:10:14","guid":{"rendered":"http:\/\/antiquariat-steinbach.com\/rarebooks\/produkt\/jehanne-arc\/"},"modified":"2026-03-12T00:10:14","modified_gmt":"2026-03-11T23:10:14","slug":"heydt-karl-von-der-jehanne-arc","status":"publish","type":"product","link":"https:\/\/antiquariat-steinbach.com\/rarebooks\/produkt\/heydt-karl-von-der-jehanne-arc\/","title":{"rendered":"Heydt, Karl von der: &#8211;  Jehanne Arc."},"content":{"rendered":"<p>Darmstadt, Verlag der Gesellschaft Hessischer B\u00fccherfreunde 1928.<\/p>\n<p>2. Auflage. 16,5 : 12 cm. 186 Seiten , 1 Blatt Original-Pappband mit Titelschildchen.<\/p>\n<p>20,00 EUR<\/p>\n","protected":false},"excerpt":{"rendered":"<p>Den Mitgliedern der Gesellschaft der Bibliophilen anl\u00e4\u00dflich der Jahres-Versammlung in Wien 1928 \u00fcberreicht von der Gesellschaft Hessischer B\u00fccherfreunde. &#8211; Oberes Kapital gering eingerissen.<\/p>\n","protected":false},"featured_media":0,"template":"","meta":[],"product_brand":[],"product_cat":[85,32,145,914],"product_tag":[],"class_list":{"0":"post-3687","1":"product","2":"type-product","3":"status-publish","5":"product_cat-bibliophilie","6":"product_cat-literatur","7":"product_cat-theater","8":"product_cat-zvab","10":"first","11":"instock","12":"purchasable","13":"product-type-simple"},"_links":{"self":[{"href":"https:\/\/antiquariat-steinbach.com\/rarebooks\/wp-json\/wp\/v2\/product\/3687","targetHints":{"allow":["GET"]}}],"collection":[{"href":"https:\/\/antiquariat-steinbach.com\/rarebooks\/wp-json\/wp\/v2\/product"}],"about":[{"href":"https:\/\/antiquariat-steinbach.com\/rarebooks\/wp-json\/wp\/v2\/types\/product"}],"version-history":[{"count":3,"href":"https:\/\/antiquariat-steinbach.com\/rarebooks\/wp-json\/wp\/v2\/product\/3687\/revisions"}],"predecessor-version":[{"id":19847,"href":"https:\/\/antiquariat-steinbach.com\/rarebooks\/wp-json\/wp\/v2\/product\/3687\/revisions\/19847"}],"wp:attachment":[{"href":"https:\/\/antiquariat-steinbach.com\/rarebooks\/wp-json\/wp\/v2\/media?parent=3687"}],"wp:term":[{"taxonomy":"product_brand","embeddable":true,"href":"https:\/\/antiquariat-steinbach.com\/rarebooks\/wp-json\/wp\/v2\/product_brand?post=3687"},{"taxonomy":"product_cat","embeddable":true,"href":"https:\/\/antiquariat-steinbach.com\/rarebooks\/wp-json\/wp\/v2\/product_cat?post=3687"},{"taxonomy":"product_tag","embeddable":true,"href":"https:\/\/antiquariat-steinbach.com\/rarebooks\/wp-json\/wp\/v2\/product_tag?post=3687"}],"curies":[{"name":"wp","href":"https:\/\/api.w.org\/{rel}","templated":true}]}}