{"id":3675,"date":"2026-03-12T00:10:12","date_gmt":"2026-03-11T23:10:12","guid":{"rendered":"http:\/\/antiquariat-steinbach.com\/rarebooks\/produkt\/von-jena-nach-koenigsberg\/"},"modified":"2026-03-12T00:10:13","modified_gmt":"2026-03-11T23:10:13","slug":"hesekiel-georg-von-jena-nach-koenigsberg","status":"publish","type":"product","link":"https:\/\/antiquariat-steinbach.com\/rarebooks\/produkt\/hesekiel-georg-von-jena-nach-koenigsberg\/","title":{"rendered":"Hesekiel, Georg: &#8211;  Von Jena nach K\u00f6nigsberg."},"content":{"rendered":"<p>Berlin, Janke 1860.<\/p>\n<p>3 B\u00e4nde. 19 : 12,5 cm. 2 Blatt, 258 Seiten, 1 Blatt; 2 Blatt, 260 Seiten; 2 Blatt, 214 Seiten Original-Umschlag.<\/p>\n<p>90,00 EUR<\/p>\n","protected":false},"excerpt":{"rendered":"<p>Erste Ausgabe. &#8211; Hesekiel (1819-1874), ein Sch\u00fcler F. Foques und langj\u00e4hriger Freund Theodor Fontanes, verleugnete lebenslang nie den strengen Legitimisten und evangelischen Pfarrerssohn.  Die Pers\u00f6nlichkeit Friedrich Wilhelms IV brachte ihn vollends dazu &#8222;dem K\u00f6nigtum von Gottes Gnaden sein ganzen Herz entgegen zu bringen&#8220;. (ADB). Er f\u00fchrte ein geselliges Leben, an dem er gern Freunde und selbst politische Gegner teilnehmen lie\u00df. Ludwig Tieck und Emanuel Geibel waren die Taufpaten der \u00e4ltesten Tochter Ludovika. &#8211; Unbeschnitten. Einb\u00e4nde angestaubt und mit kleinen Gebrauchsspuren, Besitzvermerk.<\/p>\n","protected":false},"featured_media":14722,"template":"","meta":[],"product_brand":[],"product_cat":[74,65,914],"product_tag":[],"class_list":{"0":"post-3675","1":"product","2":"type-product","3":"status-publish","4":"has-post-thumbnail","6":"product_cat-deutschland","7":"product_cat-geographie","8":"product_cat-zvab","10":"first","11":"instock","12":"purchasable","13":"product-type-simple"},"_links":{"self":[{"href":"https:\/\/antiquariat-steinbach.com\/rarebooks\/wp-json\/wp\/v2\/product\/3675","targetHints":{"allow":["GET"]}}],"collection":[{"href":"https:\/\/antiquariat-steinbach.com\/rarebooks\/wp-json\/wp\/v2\/product"}],"about":[{"href":"https:\/\/antiquariat-steinbach.com\/rarebooks\/wp-json\/wp\/v2\/types\/product"}],"version-history":[{"count":3,"href":"https:\/\/antiquariat-steinbach.com\/rarebooks\/wp-json\/wp\/v2\/product\/3675\/revisions"}],"predecessor-version":[{"id":19839,"href":"https:\/\/antiquariat-steinbach.com\/rarebooks\/wp-json\/wp\/v2\/product\/3675\/revisions\/19839"}],"wp:featuredmedia":[{"embeddable":true,"href":"https:\/\/antiquariat-steinbach.com\/rarebooks\/wp-json\/wp\/v2\/media\/14722"}],"wp:attachment":[{"href":"https:\/\/antiquariat-steinbach.com\/rarebooks\/wp-json\/wp\/v2\/media?parent=3675"}],"wp:term":[{"taxonomy":"product_brand","embeddable":true,"href":"https:\/\/antiquariat-steinbach.com\/rarebooks\/wp-json\/wp\/v2\/product_brand?post=3675"},{"taxonomy":"product_cat","embeddable":true,"href":"https:\/\/antiquariat-steinbach.com\/rarebooks\/wp-json\/wp\/v2\/product_cat?post=3675"},{"taxonomy":"product_tag","embeddable":true,"href":"https:\/\/antiquariat-steinbach.com\/rarebooks\/wp-json\/wp\/v2\/product_tag?post=3675"}],"curies":[{"name":"wp","href":"https:\/\/api.w.org\/{rel}","templated":true}]}}