{"id":3653,"date":"2026-03-12T00:10:09","date_gmt":"2026-03-11T23:10:09","guid":{"rendered":"http:\/\/antiquariat-steinbach.com\/rarebooks\/produkt\/der-cid-nach-spanischen-romanzen-besungen\/"},"modified":"2026-03-12T00:10:11","modified_gmt":"2026-03-11T23:10:11","slug":"herder-johann-gottfried-von-der-cid-nach-spanischen-romanzen-besungen","status":"publish","type":"product","link":"https:\/\/antiquariat-steinbach.com\/rarebooks\/produkt\/herder-johann-gottfried-von-der-cid-nach-spanischen-romanzen-besungen\/","title":{"rendered":"Herder, Johann Gottfried von: &#8211;  Der Cid nach Spanischen Romanzen besungen."},"content":{"rendered":"<p>Stuttgart und T\u00fcbingen, Cotta 1838<\/p>\n<p>25 : 17 cm. Titel, 238 Seiten mit Holzschnitt-Titel , Holzschnitt-Zwiwchentitel und ca. 65 Randholzschnitten und Ornamentesn von Eugen Neureuther Eugen Neureuther. Schwarzer  Maroquinband der Zeit mit reicher Vergoldung auf Deckel und R\u00fccken.<\/p>\n<p>350,00 EUR<\/p>\n","protected":false},"excerpt":{"rendered":"<p>Das &#8222;wichtigste Werk Neureuthers &#8230;sind seine Zeichnungen zu Herders &#8218;Cid&#8217;&#8230;es ist neben Schwinds &#8218;Freund Hein&#8216; das erste bedeutende Holzschnittbuch Deutschlands. In diesen Zeichnungen ist das Wesen der Illustration vorbildlich erfa\u00dft, sie bevormunden nicht den Dichter und sind nicht sklavisch vom Text abh\u00e4ngig. Neureuthers Arabeskstil war dazu vortrefflich geeignet&#8220; (R\u00fcmann). &#8211; In einem seltenen Romantiker &#8211;  Text, wie so oft, stellenweise etwas stockfleckig; Titel, Holzschnitt-Titel und Zwischentitel mit kleinem Sammlerstempel; der dekorative Einband nur an den Gelenken gering berieben. &#8211; Goed. IV\/1, 735, 114.<\/p>\n","protected":false},"featured_media":0,"template":"","meta":[],"product_brand":[],"product_cat":[95,612,32,148,914],"product_tag":[],"class_list":{"0":"post-3653","1":"product","2":"type-product","3":"status-publish","5":"product_cat-einbaende","6":"product_cat-in-deutschem-romantiker-einband","7":"product_cat-literatur","8":"product_cat-spanien","9":"product_cat-zvab","11":"first","12":"instock","13":"purchasable","14":"product-type-simple"},"_links":{"self":[{"href":"https:\/\/antiquariat-steinbach.com\/rarebooks\/wp-json\/wp\/v2\/product\/3653","targetHints":{"allow":["GET"]}}],"collection":[{"href":"https:\/\/antiquariat-steinbach.com\/rarebooks\/wp-json\/wp\/v2\/product"}],"about":[{"href":"https:\/\/antiquariat-steinbach.com\/rarebooks\/wp-json\/wp\/v2\/types\/product"}],"version-history":[{"count":4,"href":"https:\/\/antiquariat-steinbach.com\/rarebooks\/wp-json\/wp\/v2\/product\/3653\/revisions"}],"predecessor-version":[{"id":24330,"href":"https:\/\/antiquariat-steinbach.com\/rarebooks\/wp-json\/wp\/v2\/product\/3653\/revisions\/24330"}],"wp:attachment":[{"href":"https:\/\/antiquariat-steinbach.com\/rarebooks\/wp-json\/wp\/v2\/media?parent=3653"}],"wp:term":[{"taxonomy":"product_brand","embeddable":true,"href":"https:\/\/antiquariat-steinbach.com\/rarebooks\/wp-json\/wp\/v2\/product_brand?post=3653"},{"taxonomy":"product_cat","embeddable":true,"href":"https:\/\/antiquariat-steinbach.com\/rarebooks\/wp-json\/wp\/v2\/product_cat?post=3653"},{"taxonomy":"product_tag","embeddable":true,"href":"https:\/\/antiquariat-steinbach.com\/rarebooks\/wp-json\/wp\/v2\/product_tag?post=3653"}],"curies":[{"name":"wp","href":"https:\/\/api.w.org\/{rel}","templated":true}]}}