{"id":3651,"date":"2026-03-12T00:10:09","date_gmt":"2026-03-11T23:10:09","guid":{"rendered":"http:\/\/antiquariat-steinbach.com\/rarebooks\/produkt\/der-cid\/"},"modified":"2026-03-12T00:10:11","modified_gmt":"2026-03-11T23:10:11","slug":"herder-johann-gottfried-der-cid","status":"publish","type":"product","link":"https:\/\/antiquariat-steinbach.com\/rarebooks\/produkt\/herder-johann-gottfried-der-cid\/","title":{"rendered":"Herder, Johann Gottfried: &#8211;  Der Cid."},"content":{"rendered":"<p>Stuttgart und Th\u00fcbingen, Cotta 1820.<\/p>\n<p>Neue unver\u00e4nderte Auflage. 16,8 : 10,8 cm. Titel, 236 Seiten Halblederband der Zeit mit R\u00fcckenschild und R\u00fcckenvergoldung.<\/p>\n<p>30,00 EUR<\/p>\n","protected":false},"excerpt":{"rendered":"<p>Stuttgart und Th\u00fcbingen, Cotta 1820. Neue unver\u00e4nderte Auflage. 16,8 : 10,8 cm. Titel, 236 Seiten Halblederband der Zeit mit R\u00fcckenschild&hellip;<\/p>\n","protected":false},"featured_media":14718,"template":"","meta":[],"product_brand":[],"product_cat":[32,103,914],"product_tag":[],"class_list":{"0":"post-3651","1":"product","2":"type-product","3":"status-publish","4":"has-post-thumbnail","6":"product_cat-literatur","7":"product_cat-michael","8":"product_cat-zvab","10":"first","11":"instock","12":"purchasable","13":"product-type-simple"},"_links":{"self":[{"href":"https:\/\/antiquariat-steinbach.com\/rarebooks\/wp-json\/wp\/v2\/product\/3651","targetHints":{"allow":["GET"]}}],"collection":[{"href":"https:\/\/antiquariat-steinbach.com\/rarebooks\/wp-json\/wp\/v2\/product"}],"about":[{"href":"https:\/\/antiquariat-steinbach.com\/rarebooks\/wp-json\/wp\/v2\/types\/product"}],"version-history":[{"count":3,"href":"https:\/\/antiquariat-steinbach.com\/rarebooks\/wp-json\/wp\/v2\/product\/3651\/revisions"}],"predecessor-version":[{"id":19828,"href":"https:\/\/antiquariat-steinbach.com\/rarebooks\/wp-json\/wp\/v2\/product\/3651\/revisions\/19828"}],"wp:featuredmedia":[{"embeddable":true,"href":"https:\/\/antiquariat-steinbach.com\/rarebooks\/wp-json\/wp\/v2\/media\/14718"}],"wp:attachment":[{"href":"https:\/\/antiquariat-steinbach.com\/rarebooks\/wp-json\/wp\/v2\/media?parent=3651"}],"wp:term":[{"taxonomy":"product_brand","embeddable":true,"href":"https:\/\/antiquariat-steinbach.com\/rarebooks\/wp-json\/wp\/v2\/product_brand?post=3651"},{"taxonomy":"product_cat","embeddable":true,"href":"https:\/\/antiquariat-steinbach.com\/rarebooks\/wp-json\/wp\/v2\/product_cat?post=3651"},{"taxonomy":"product_tag","embeddable":true,"href":"https:\/\/antiquariat-steinbach.com\/rarebooks\/wp-json\/wp\/v2\/product_tag?post=3651"}],"curies":[{"name":"wp","href":"https:\/\/api.w.org\/{rel}","templated":true}]}}