{"id":3633,"date":"2026-03-12T00:10:07","date_gmt":"2026-03-11T23:10:07","guid":{"rendered":"http:\/\/antiquariat-steinbach.com\/rarebooks\/produkt\/guat-iss-2\/"},"modified":"2026-03-12T00:10:08","modified_gmt":"2026-03-11T23:10:08","slug":"henle-elise-guat-iss-2","status":"publish","type":"product","link":"https:\/\/antiquariat-steinbach.com\/rarebooks\/produkt\/henle-elise-guat-iss-2\/","title":{"rendered":"Henle, Elise: &#8211;  Guat is&#8217;s."},"content":{"rendered":"<p>M\u00fcnchen, Braun &#038; Schneider o.J. (um 1893).<\/p>\n<p>9. unver\u00e4nderte Auflage. 17,5 : 12,5 cm. 72 Seiten Reich illustrierter Original-Leinenband.<\/p>\n<p>90,00 EUR<\/p>\n","protected":false},"excerpt":{"rendered":"<p>Die Rezepte in Gedichtform u.a. von Gans, Lungenw\u00fcrst, Orangen-Punsch, Pfannkuchen gef\u00fcllt, Xundheitskuchen. &#8211; Sch\u00f6nes Exemplar. &#8211; Vgl. Horn\/A. 466 (3. Auflage, um 1886); Weiss 1544.<\/p>\n","protected":false},"featured_media":0,"template":"","meta":[],"product_brand":[],"product_cat":[58,112,914],"product_tag":[],"class_list":{"0":"post-3633","1":"product","2":"type-product","3":"status-publish","5":"product_cat-gastronomie","6":"product_cat-kochbuecher","7":"product_cat-zvab","9":"first","10":"instock","11":"purchasable","12":"product-type-simple"},"_links":{"self":[{"href":"https:\/\/antiquariat-steinbach.com\/rarebooks\/wp-json\/wp\/v2\/product\/3633","targetHints":{"allow":["GET"]}}],"collection":[{"href":"https:\/\/antiquariat-steinbach.com\/rarebooks\/wp-json\/wp\/v2\/product"}],"about":[{"href":"https:\/\/antiquariat-steinbach.com\/rarebooks\/wp-json\/wp\/v2\/types\/product"}],"version-history":[{"count":3,"href":"https:\/\/antiquariat-steinbach.com\/rarebooks\/wp-json\/wp\/v2\/product\/3633\/revisions"}],"predecessor-version":[{"id":19819,"href":"https:\/\/antiquariat-steinbach.com\/rarebooks\/wp-json\/wp\/v2\/product\/3633\/revisions\/19819"}],"wp:attachment":[{"href":"https:\/\/antiquariat-steinbach.com\/rarebooks\/wp-json\/wp\/v2\/media?parent=3633"}],"wp:term":[{"taxonomy":"product_brand","embeddable":true,"href":"https:\/\/antiquariat-steinbach.com\/rarebooks\/wp-json\/wp\/v2\/product_brand?post=3633"},{"taxonomy":"product_cat","embeddable":true,"href":"https:\/\/antiquariat-steinbach.com\/rarebooks\/wp-json\/wp\/v2\/product_cat?post=3633"},{"taxonomy":"product_tag","embeddable":true,"href":"https:\/\/antiquariat-steinbach.com\/rarebooks\/wp-json\/wp\/v2\/product_tag?post=3633"}],"curies":[{"name":"wp","href":"https:\/\/api.w.org\/{rel}","templated":true}]}}