{"id":3631,"date":"2026-03-12T00:10:07","date_gmt":"2026-03-11T23:10:07","guid":{"rendered":"http:\/\/antiquariat-steinbach.com\/rarebooks\/produkt\/guat-iss\/"},"modified":"2026-03-12T00:10:08","modified_gmt":"2026-03-11T23:10:08","slug":"henle-elise-guat-iss","status":"publish","type":"product","link":"https:\/\/antiquariat-steinbach.com\/rarebooks\/produkt\/henle-elise-guat-iss\/","title":{"rendered":"Henle, Elise: &#8211;  Guat is&#8217;s."},"content":{"rendered":"<p>M\u00fcnchen, Braun &#038; Schneider o.J. (um 1890).<\/p>\n<p>6. unver\u00e4nderte Auflage. 17,5 : 12,5 cm. 72 Seiten Reich illustrierter Original-Leinenband.<\/p>\n<p>60,00 EUR<\/p>\n","protected":false},"excerpt":{"rendered":"<p>Die Rezepte in Gedichtform u.a. von Gans, Lungenw\u00fcrst, Orangen-Punsch, Pfannkuchen gef\u00fcllt, Xundheitskuchen. &#8211; Titel mit kleinem Stempel, sonst sch\u00f6nes Exemplar. &#8211; Vgl. Horn\/A. 466 (3. Auflage, um 1886); Weiss 1544.<\/p>\n","protected":false},"featured_media":27433,"template":"","meta":[],"product_brand":[],"product_cat":[58,112,914],"product_tag":[],"class_list":{"0":"post-3631","1":"product","2":"type-product","3":"status-publish","4":"has-post-thumbnail","6":"product_cat-gastronomie","7":"product_cat-kochbuecher","8":"product_cat-zvab","10":"first","11":"instock","12":"purchasable","13":"product-type-simple"},"_links":{"self":[{"href":"https:\/\/antiquariat-steinbach.com\/rarebooks\/wp-json\/wp\/v2\/product\/3631","targetHints":{"allow":["GET"]}}],"collection":[{"href":"https:\/\/antiquariat-steinbach.com\/rarebooks\/wp-json\/wp\/v2\/product"}],"about":[{"href":"https:\/\/antiquariat-steinbach.com\/rarebooks\/wp-json\/wp\/v2\/types\/product"}],"version-history":[{"count":4,"href":"https:\/\/antiquariat-steinbach.com\/rarebooks\/wp-json\/wp\/v2\/product\/3631\/revisions"}],"predecessor-version":[{"id":27432,"href":"https:\/\/antiquariat-steinbach.com\/rarebooks\/wp-json\/wp\/v2\/product\/3631\/revisions\/27432"}],"wp:featuredmedia":[{"embeddable":true,"href":"https:\/\/antiquariat-steinbach.com\/rarebooks\/wp-json\/wp\/v2\/media\/27433"}],"wp:attachment":[{"href":"https:\/\/antiquariat-steinbach.com\/rarebooks\/wp-json\/wp\/v2\/media?parent=3631"}],"wp:term":[{"taxonomy":"product_brand","embeddable":true,"href":"https:\/\/antiquariat-steinbach.com\/rarebooks\/wp-json\/wp\/v2\/product_brand?post=3631"},{"taxonomy":"product_cat","embeddable":true,"href":"https:\/\/antiquariat-steinbach.com\/rarebooks\/wp-json\/wp\/v2\/product_cat?post=3631"},{"taxonomy":"product_tag","embeddable":true,"href":"https:\/\/antiquariat-steinbach.com\/rarebooks\/wp-json\/wp\/v2\/product_tag?post=3631"}],"curies":[{"name":"wp","href":"https:\/\/api.w.org\/{rel}","templated":true}]}}