{"id":3629,"date":"2026-03-12T00:10:07","date_gmt":"2026-03-11T23:10:07","guid":{"rendered":"http:\/\/antiquariat-steinbach.com\/rarebooks\/produkt\/helvetischer-almanach-fuer-das-jahr-1822\/"},"modified":"2026-03-12T00:10:08","modified_gmt":"2026-03-11T23:10:08","slug":"helvetischer-almanach-fuer-das-jahr-1822","status":"publish","type":"product","link":"https:\/\/antiquariat-steinbach.com\/rarebooks\/produkt\/helvetischer-almanach-fuer-das-jahr-1822\/","title":{"rendered":"Helvetischer Almanach f\u00fcr das Jahr 1822."},"content":{"rendered":"<p>Z\u00fcrich, Orelll F\u00fcssli &#038; Comp., 1821.<\/p>\n<p>11,5 : 8 cm. 8 leaves, 272 pages, 1 contemporary coloured Frontispiece, 4 many folded engraved plates. Illustrated original boards, original slipcase.<\/p>\n<p>120,00 EUR<\/p>\n","protected":false},"excerpt":{"rendered":"<p>The last year of this almanac, which was first published  1800, the former name was &#8218;Helvetischer Calender&#8216;. The plates are by F.Hegi after Wetzel and Juillerat and show: Schandau, Schandau bey Thun (on the lake), Tracht on the lake Brienz, the upper fall of the Reichenbach. It contains a statistic of the Canton Bern (continuation and end), about coat of arms, nobility etc. &#8211; As often missing the map of Luzern, which was inserted loosely at the end of the volume. &#8211; A nice copy.<\/p>\n","protected":false},"featured_media":14715,"template":"","meta":[],"product_brand":[],"product_cat":[114,100,43,914],"product_tag":[],"class_list":{"0":"post-3629","1":"product","2":"type-product","3":"status-publish","4":"has-post-thumbnail","6":"product_cat-almanache","7":"product_cat-helvetica","8":"product_cat-illustrierte-buecher","9":"product_cat-zvab","11":"first","12":"instock","13":"purchasable","14":"product-type-simple"},"_links":{"self":[{"href":"https:\/\/antiquariat-steinbach.com\/rarebooks\/wp-json\/wp\/v2\/product\/3629","targetHints":{"allow":["GET"]}}],"collection":[{"href":"https:\/\/antiquariat-steinbach.com\/rarebooks\/wp-json\/wp\/v2\/product"}],"about":[{"href":"https:\/\/antiquariat-steinbach.com\/rarebooks\/wp-json\/wp\/v2\/types\/product"}],"version-history":[{"count":2,"href":"https:\/\/antiquariat-steinbach.com\/rarebooks\/wp-json\/wp\/v2\/product\/3629\/revisions"}],"predecessor-version":[{"id":11309,"href":"https:\/\/antiquariat-steinbach.com\/rarebooks\/wp-json\/wp\/v2\/product\/3629\/revisions\/11309"}],"wp:featuredmedia":[{"embeddable":true,"href":"https:\/\/antiquariat-steinbach.com\/rarebooks\/wp-json\/wp\/v2\/media\/14715"}],"wp:attachment":[{"href":"https:\/\/antiquariat-steinbach.com\/rarebooks\/wp-json\/wp\/v2\/media?parent=3629"}],"wp:term":[{"taxonomy":"product_brand","embeddable":true,"href":"https:\/\/antiquariat-steinbach.com\/rarebooks\/wp-json\/wp\/v2\/product_brand?post=3629"},{"taxonomy":"product_cat","embeddable":true,"href":"https:\/\/antiquariat-steinbach.com\/rarebooks\/wp-json\/wp\/v2\/product_cat?post=3629"},{"taxonomy":"product_tag","embeddable":true,"href":"https:\/\/antiquariat-steinbach.com\/rarebooks\/wp-json\/wp\/v2\/product_tag?post=3629"}],"curies":[{"name":"wp","href":"https:\/\/api.w.org\/{rel}","templated":true}]}}