{"id":3621,"date":"2026-03-12T00:10:04","date_gmt":"2026-03-11T23:10:04","guid":{"rendered":"http:\/\/antiquariat-steinbach.com\/rarebooks\/produkt\/der-rastaedter-gesandtenmord\/"},"modified":"2026-03-12T00:10:07","modified_gmt":"2026-03-11T23:10:07","slug":"helfert-josef-alexander-frhr-von-der-rastaedter-gesandtenmord","status":"publish","type":"product","link":"https:\/\/antiquariat-steinbach.com\/rarebooks\/produkt\/helfert-josef-alexander-frhr-von-der-rastaedter-gesandtenmord\/","title":{"rendered":"Helfert, Jos(ef) Alex(ander) Frhr. von: &#8211;  Der Rast\u00e4dter Gesandtenmord."},"content":{"rendered":"<p>Wien, Braum\u00fcller 1874.<\/p>\n<p>23 : 15 cm. XI, 361 Seiten Mit 1 grenzkolorierten, lithographierten Karte. Halblederband der Zeit mit etwas R\u00fcckenvergoldung.<\/p>\n<p>35,00 EUR<\/p>\n","protected":false},"excerpt":{"rendered":"<p>Erste Ausgabe. &#8211; Beschreibt den Mordanschlag auf zwei franz\u00f6sische Gesandte zur Zeit der Aufl\u00f6sung des Rastadter Congresses. Freiherr von Helfert war Historiker und Politiker und Gr\u00fcnder des Instituts f\u00fcr \u00d6sterreichische Geschichtsforschung (1854).<\/p>\n","protected":false},"featured_media":24326,"template":"","meta":[],"product_brand":[],"product_cat":[74,97,190,914],"product_tag":[],"class_list":{"0":"post-3621","1":"product","2":"type-product","3":"status-publish","4":"has-post-thumbnail","6":"product_cat-deutschland","7":"product_cat-geschichte","8":"product_cat-politik","9":"product_cat-zvab","11":"first","12":"instock","13":"purchasable","14":"product-type-simple"},"_links":{"self":[{"href":"https:\/\/antiquariat-steinbach.com\/rarebooks\/wp-json\/wp\/v2\/product\/3621","targetHints":{"allow":["GET"]}}],"collection":[{"href":"https:\/\/antiquariat-steinbach.com\/rarebooks\/wp-json\/wp\/v2\/product"}],"about":[{"href":"https:\/\/antiquariat-steinbach.com\/rarebooks\/wp-json\/wp\/v2\/types\/product"}],"version-history":[{"count":4,"href":"https:\/\/antiquariat-steinbach.com\/rarebooks\/wp-json\/wp\/v2\/product\/3621\/revisions"}],"predecessor-version":[{"id":24325,"href":"https:\/\/antiquariat-steinbach.com\/rarebooks\/wp-json\/wp\/v2\/product\/3621\/revisions\/24325"}],"wp:featuredmedia":[{"embeddable":true,"href":"https:\/\/antiquariat-steinbach.com\/rarebooks\/wp-json\/wp\/v2\/media\/24326"}],"wp:attachment":[{"href":"https:\/\/antiquariat-steinbach.com\/rarebooks\/wp-json\/wp\/v2\/media?parent=3621"}],"wp:term":[{"taxonomy":"product_brand","embeddable":true,"href":"https:\/\/antiquariat-steinbach.com\/rarebooks\/wp-json\/wp\/v2\/product_brand?post=3621"},{"taxonomy":"product_cat","embeddable":true,"href":"https:\/\/antiquariat-steinbach.com\/rarebooks\/wp-json\/wp\/v2\/product_cat?post=3621"},{"taxonomy":"product_tag","embeddable":true,"href":"https:\/\/antiquariat-steinbach.com\/rarebooks\/wp-json\/wp\/v2\/product_tag?post=3621"}],"curies":[{"name":"wp","href":"https:\/\/api.w.org\/{rel}","templated":true}]}}