{"id":3565,"date":"2026-03-12T00:09:01","date_gmt":"2026-03-11T23:09:01","guid":{"rendered":"http:\/\/antiquariat-steinbach.com\/rarebooks\/produkt\/dreissig-umrisse-zu-j-p\/"},"modified":"2026-03-12T00:09:01","modified_gmt":"2026-03-11T23:09:01","slug":"hebel-nisle-julius-dreissig-umrisse-zu-j-p","status":"publish","type":"product","link":"https:\/\/antiquariat-steinbach.com\/rarebooks\/produkt\/hebel-nisle-julius-dreissig-umrisse-zu-j-p\/","title":{"rendered":"Hebel &#8211;   Nisle, Julius: &#8211;  Drei\u00dfig Umrisse zu J.P."},"content":{"rendered":"<p>Stuttgart, Becher o.J. (um 1850).<\/p>\n<p>18,5 : 21,5 cm. VIII, 69 Seiten mit 30 lithographierten Tafeln nach Umri\u00dfzeichnungen von J. Nisle in Braundruck. Roter Original-Leinenband mit reicher Gold- und Blindpr\u00e4gung, dreiseitiger Goldschnitt.<\/p>\n<p>80,00 EUR<\/p>\n","protected":false},"excerpt":{"rendered":"<p>R\u00fcmann 1472. &#8211; &#8222;Von der 3. Auflage an erschien das Buch in g\u00e4nzlich ver\u00e4nderter Ausstattung mit neuem Titel und den ver\u00e4nderten Umri\u00dfzeichnungen&#8220; (vgl. Dieffenbacher, Hebel-Illustrationen S. 9 &#8211; 12 mit ausf\u00fchrlicher Beschreibung der Bl\u00e4tter). Nisles Illustrationen sind besonders charakteristische Beispiele deutscher Romantik. Die textliche Vorlage kam dem Stuttgarter K\u00fcnstler sehr entgegen, der ja die typologischen Physiognomien und die Landschaft aus eigener Anschauung kannte. &#8211; Hin und wieder gering fleckig; R\u00fccken und Vors\u00e4tze erneuert.<\/p>\n","protected":false},"featured_media":14703,"template":"","meta":[],"product_brand":[],"product_cat":[43,32,103,914],"product_tag":[],"class_list":{"0":"post-3565","1":"product","2":"type-product","3":"status-publish","4":"has-post-thumbnail","6":"product_cat-illustrierte-buecher","7":"product_cat-literatur","8":"product_cat-michael","9":"product_cat-zvab","11":"first","12":"instock","13":"purchasable","14":"product-type-simple"},"_links":{"self":[{"href":"https:\/\/antiquariat-steinbach.com\/rarebooks\/wp-json\/wp\/v2\/product\/3565","targetHints":{"allow":["GET"]}}],"collection":[{"href":"https:\/\/antiquariat-steinbach.com\/rarebooks\/wp-json\/wp\/v2\/product"}],"about":[{"href":"https:\/\/antiquariat-steinbach.com\/rarebooks\/wp-json\/wp\/v2\/types\/product"}],"version-history":[{"count":3,"href":"https:\/\/antiquariat-steinbach.com\/rarebooks\/wp-json\/wp\/v2\/product\/3565\/revisions"}],"predecessor-version":[{"id":19784,"href":"https:\/\/antiquariat-steinbach.com\/rarebooks\/wp-json\/wp\/v2\/product\/3565\/revisions\/19784"}],"wp:featuredmedia":[{"embeddable":true,"href":"https:\/\/antiquariat-steinbach.com\/rarebooks\/wp-json\/wp\/v2\/media\/14703"}],"wp:attachment":[{"href":"https:\/\/antiquariat-steinbach.com\/rarebooks\/wp-json\/wp\/v2\/media?parent=3565"}],"wp:term":[{"taxonomy":"product_brand","embeddable":true,"href":"https:\/\/antiquariat-steinbach.com\/rarebooks\/wp-json\/wp\/v2\/product_brand?post=3565"},{"taxonomy":"product_cat","embeddable":true,"href":"https:\/\/antiquariat-steinbach.com\/rarebooks\/wp-json\/wp\/v2\/product_cat?post=3565"},{"taxonomy":"product_tag","embeddable":true,"href":"https:\/\/antiquariat-steinbach.com\/rarebooks\/wp-json\/wp\/v2\/product_tag?post=3565"}],"curies":[{"name":"wp","href":"https:\/\/api.w.org\/{rel}","templated":true}]}}