{"id":3555,"date":"2026-03-12T00:08:59","date_gmt":"2026-03-11T23:08:59","guid":{"rendered":"http:\/\/antiquariat-steinbach.com\/rarebooks\/produkt\/haushalts-ausgaben-von-hermann-und-nelli-grill-in-wien\/"},"modified":"2026-03-12T00:09:00","modified_gmt":"2026-03-11T23:09:00","slug":"hauswirtschaft-grill-hermann-und-nelli-haushalts-ausgaben-von-hermann-und-nelli-grill-in-wien","status":"publish","type":"product","link":"https:\/\/antiquariat-steinbach.com\/rarebooks\/produkt\/hauswirtschaft-grill-hermann-und-nelli-haushalts-ausgaben-von-hermann-und-nelli-grill-in-wien\/","title":{"rendered":"Hauswirtschaft &#8211;   Grill, Hermann und Nelli: &#8211;  Haushalts-Ausgaben von Hermann und Nelli Grill in Wien."},"content":{"rendered":"<p>Hannover, K\u00f6nig &#038; Eberhardt 1905 &#8211; 1906.<\/p>\n<p>33 : 21 cm. 14 Blatt Typographisch bedruckter Original-Halbleinenband.<\/p>\n<p>90,00 EUR<\/p>\n","protected":false},"excerpt":{"rendered":"<p>Genaues Haushaltsausgabenbuch mit 20 gedruckten Spalten. Von Grobbrot, Wei\u00dfbrot, Fleisch, Aufschnitt, Zucker, Kaffee etc. bis zu sonstigen Ausgaben wie Gas, Porto, Zeitung, Versicherung u.a. Die zu verbrauchende Summe dieses Haushalts betrug fast immer 65,- Gulden, wobei jeden Monat ein \u00dcberschu\u00df von einigen Gulden blieb. &#8211; Auf dem Vorderdeckel gedruckt:&#8220;t\u00e4glich 10 Pfg. erspart, macht j\u00e4hrlich 36 Mk. 50 Pfg.&#8220; &#8211; F\u00fcr die Preisgestaltung in \u00d6sterreich nach der Jahrhundertwende aufschlu\u00dfreiches Wirtschaftsbuch.<\/p>\n","protected":false},"featured_media":28366,"template":"","meta":[],"product_brand":[],"product_cat":[58,91,914],"product_tag":[],"class_list":{"0":"post-3555","1":"product","2":"type-product","3":"status-publish","4":"has-post-thumbnail","6":"product_cat-gastronomie","7":"product_cat-wirtschaft","8":"product_cat-zvab","10":"first","11":"instock","12":"purchasable","13":"product-type-simple"},"_links":{"self":[{"href":"https:\/\/antiquariat-steinbach.com\/rarebooks\/wp-json\/wp\/v2\/product\/3555","targetHints":{"allow":["GET"]}}],"collection":[{"href":"https:\/\/antiquariat-steinbach.com\/rarebooks\/wp-json\/wp\/v2\/product"}],"about":[{"href":"https:\/\/antiquariat-steinbach.com\/rarebooks\/wp-json\/wp\/v2\/types\/product"}],"version-history":[{"count":3,"href":"https:\/\/antiquariat-steinbach.com\/rarebooks\/wp-json\/wp\/v2\/product\/3555\/revisions"}],"predecessor-version":[{"id":19779,"href":"https:\/\/antiquariat-steinbach.com\/rarebooks\/wp-json\/wp\/v2\/product\/3555\/revisions\/19779"}],"wp:featuredmedia":[{"embeddable":true,"href":"https:\/\/antiquariat-steinbach.com\/rarebooks\/wp-json\/wp\/v2\/media\/28366"}],"wp:attachment":[{"href":"https:\/\/antiquariat-steinbach.com\/rarebooks\/wp-json\/wp\/v2\/media?parent=3555"}],"wp:term":[{"taxonomy":"product_brand","embeddable":true,"href":"https:\/\/antiquariat-steinbach.com\/rarebooks\/wp-json\/wp\/v2\/product_brand?post=3555"},{"taxonomy":"product_cat","embeddable":true,"href":"https:\/\/antiquariat-steinbach.com\/rarebooks\/wp-json\/wp\/v2\/product_cat?post=3555"},{"taxonomy":"product_tag","embeddable":true,"href":"https:\/\/antiquariat-steinbach.com\/rarebooks\/wp-json\/wp\/v2\/product_tag?post=3555"}],"curies":[{"name":"wp","href":"https:\/\/api.w.org\/{rel}","templated":true}]}}