{"id":3539,"date":"2026-03-12T00:08:56","date_gmt":"2026-03-11T23:08:56","guid":{"rendered":"http:\/\/antiquariat-steinbach.com\/rarebooks\/produkt\/der-hausbau\/"},"modified":"2026-03-12T00:08:58","modified_gmt":"2026-03-11T23:08:58","slug":"hausbau-hoelzel-der-hausbau","status":"publish","type":"product","link":"https:\/\/antiquariat-steinbach.com\/rarebooks\/produkt\/hausbau-hoelzel-der-hausbau\/","title":{"rendered":"Hausbau &#8211;   H\u00f6lzel: &#8211;  Der Hausbau."},"content":{"rendered":"<p>Wien, H\u00f6lzel o.J.(um 1895).<\/p>\n<p>90 : 138 cm. Original-Farblithographie auf Leinen aufgezogen.<\/p>\n<p>280,00 EUR<\/p>\n","protected":false},"excerpt":{"rendered":"<p>Gro\u00dfformatige, dekorative Ansicht vom Bau eines Hauses, den verschiedenen Handwerkern bei der Arbeit, Architekt und Bauherr etc. An den Seiten schon fertige H\u00e4uer und ein Palais. &#8211; H\u00f6lzels Wandbilder f\u00fcr den Anschauungs- und Sprachunterricht, Blatt XV. &#8211; Vgl. Slg. Br\u00fcggemann I, 359.<\/p>\n","protected":false},"featured_media":0,"template":"","meta":[],"product_brand":[],"product_cat":[48,914],"product_tag":[],"class_list":{"0":"post-3539","1":"product","2":"type-product","3":"status-publish","5":"product_cat-architektur","6":"product_cat-zvab","8":"first","9":"instock","10":"purchasable","11":"product-type-simple"},"_links":{"self":[{"href":"https:\/\/antiquariat-steinbach.com\/rarebooks\/wp-json\/wp\/v2\/product\/3539","targetHints":{"allow":["GET"]}}],"collection":[{"href":"https:\/\/antiquariat-steinbach.com\/rarebooks\/wp-json\/wp\/v2\/product"}],"about":[{"href":"https:\/\/antiquariat-steinbach.com\/rarebooks\/wp-json\/wp\/v2\/types\/product"}],"version-history":[{"count":3,"href":"https:\/\/antiquariat-steinbach.com\/rarebooks\/wp-json\/wp\/v2\/product\/3539\/revisions"}],"predecessor-version":[{"id":19768,"href":"https:\/\/antiquariat-steinbach.com\/rarebooks\/wp-json\/wp\/v2\/product\/3539\/revisions\/19768"}],"wp:attachment":[{"href":"https:\/\/antiquariat-steinbach.com\/rarebooks\/wp-json\/wp\/v2\/media?parent=3539"}],"wp:term":[{"taxonomy":"product_brand","embeddable":true,"href":"https:\/\/antiquariat-steinbach.com\/rarebooks\/wp-json\/wp\/v2\/product_brand?post=3539"},{"taxonomy":"product_cat","embeddable":true,"href":"https:\/\/antiquariat-steinbach.com\/rarebooks\/wp-json\/wp\/v2\/product_cat?post=3539"},{"taxonomy":"product_tag","embeddable":true,"href":"https:\/\/antiquariat-steinbach.com\/rarebooks\/wp-json\/wp\/v2\/product_tag?post=3539"}],"curies":[{"name":"wp","href":"https:\/\/api.w.org\/{rel}","templated":true}]}}