{"id":3517,"date":"2026-03-12T00:08:54","date_gmt":"2026-03-11T23:08:54","guid":{"rendered":"http:\/\/antiquariat-steinbach.com\/rarebooks\/produkt\/himmel-und-hoelle-auf-der-landstrasse\/"},"modified":"2026-03-12T00:08:55","modified_gmt":"2026-03-11T23:08:55","slug":"hasemann-arminius-himmel-und-hoelle-auf-der-landstrasse-2","status":"publish","type":"product","link":"https:\/\/antiquariat-steinbach.com\/rarebooks\/produkt\/hasemann-arminius-himmel-und-hoelle-auf-der-landstrasse-2\/","title":{"rendered":"Hasemann, Arminius: &#8211;  Himmel und H\u00f6lle auf der Landstra\u00dfe."},"content":{"rendered":"<p>Berlin und Leipzig, Behr (1915).<\/p>\n<p>28 : 21 cm.<\/p>\n<p>90,00 EUR<\/p>\n","protected":false},"excerpt":{"rendered":"<p>VIII, 118 Seiten, 1 Blatt mit 41 (24 ganzseitigen) Original-Holzschnitten von Arminius Hasemann. Illustrierter Original-Pappband. &#8222;Beginn der Besch\u00e4ftigung mit dem Holzschnitt, deren erste bedeutende Frucht das Werk &#8218;Himmel und H\u00f6lle auf der Landstra\u00dfe&#8216; ist, in welchem Hasemann von seinen phantastischen Kunstzigeunerwanderungen mit Cassian und T\u00f6nchen in Wort und Bild erz\u00e4hlt; ein eminent ausdrucksvoller, mit h\u00f6chst pr\u00e4gnanten Mitteln arbeitender, echt holzschnittm\u00e4\u00dfiger Stil vereinigen sich in den Text- und Tafel-Schnitten dieser Folge in quellender Phantasie der Erfindung und der scharen Beobachtung eines genialen Bohemientums zu z.T. ganz rein abgekl\u00e4rten k\u00fcnstlerischen Wirkungen&#8220; (Thieme\/B. XVI, 100). Illustrierter Original-Pappband.<\/p>\n","protected":false},"featured_media":14692,"template":"","meta":[],"product_brand":[],"product_cat":[29,43,914],"product_tag":[],"class_list":{"0":"post-3517","1":"product","2":"type-product","3":"status-publish","4":"has-post-thumbnail","6":"product_cat-20-jahrhundert","7":"product_cat-illustrierte-buecher","8":"product_cat-zvab","10":"first","11":"instock","12":"purchasable","13":"product-type-simple"},"_links":{"self":[{"href":"https:\/\/antiquariat-steinbach.com\/rarebooks\/wp-json\/wp\/v2\/product\/3517","targetHints":{"allow":["GET"]}}],"collection":[{"href":"https:\/\/antiquariat-steinbach.com\/rarebooks\/wp-json\/wp\/v2\/product"}],"about":[{"href":"https:\/\/antiquariat-steinbach.com\/rarebooks\/wp-json\/wp\/v2\/types\/product"}],"version-history":[{"count":4,"href":"https:\/\/antiquariat-steinbach.com\/rarebooks\/wp-json\/wp\/v2\/product\/3517\/revisions"}],"predecessor-version":[{"id":19756,"href":"https:\/\/antiquariat-steinbach.com\/rarebooks\/wp-json\/wp\/v2\/product\/3517\/revisions\/19756"}],"wp:featuredmedia":[{"embeddable":true,"href":"https:\/\/antiquariat-steinbach.com\/rarebooks\/wp-json\/wp\/v2\/media\/14692"}],"wp:attachment":[{"href":"https:\/\/antiquariat-steinbach.com\/rarebooks\/wp-json\/wp\/v2\/media?parent=3517"}],"wp:term":[{"taxonomy":"product_brand","embeddable":true,"href":"https:\/\/antiquariat-steinbach.com\/rarebooks\/wp-json\/wp\/v2\/product_brand?post=3517"},{"taxonomy":"product_cat","embeddable":true,"href":"https:\/\/antiquariat-steinbach.com\/rarebooks\/wp-json\/wp\/v2\/product_cat?post=3517"},{"taxonomy":"product_tag","embeddable":true,"href":"https:\/\/antiquariat-steinbach.com\/rarebooks\/wp-json\/wp\/v2\/product_tag?post=3517"}],"curies":[{"name":"wp","href":"https:\/\/api.w.org\/{rel}","templated":true}]}}