{"id":3503,"date":"2026-03-12T00:08:52","date_gmt":"2026-03-11T23:08:52","guid":{"rendered":"http:\/\/antiquariat-steinbach.com\/rarebooks\/produkt\/populaeres-handbuch-der-allgemeinen-und-speziellen-technologie-oder-der-rationellen-praxis-des-chemischne-und-mechanischen-gewerbewesens-nach-neuesten-ansichten-und-erfindungen\/"},"modified":"2026-03-12T00:08:54","modified_gmt":"2026-03-11T23:08:54","slug":"hartmann-carl-populaeres-handbuch-der-allgemeinen-und-speziellen-technologie-oder-der-rationellen-praxis-des-chemischne-und-mechanischen-gewerbewesens-nach-neuesten-ansichten-und-erfindungen","status":"publish","type":"product","link":"https:\/\/antiquariat-steinbach.com\/rarebooks\/produkt\/hartmann-carl-populaeres-handbuch-der-allgemeinen-und-speziellen-technologie-oder-der-rationellen-praxis-des-chemischne-und-mechanischen-gewerbewesens-nach-neuesten-ansichten-und-erfindungen\/","title":{"rendered":"Hartmann, Carl: &#8211;  Popul\u00e4res Handbuch der allgemeinen und speziellen Technologie oder der rationellen Praxis des chemischne und mechanischen Gewerbewesens nach neuesten Ansichten und Erfindungen."},"content":{"rendered":"<p>Leipzig, Amelang 1850.<\/p>\n<p>2. Ausgabe. 21 : 13,5 cm. XXIV, 856; XVI, 912 Seiten mit 665 Illustrationen auf 70 (davon 17 gefalteten) lithographierten Tafeln. Leinenb\u00e4nde der Zeit mit Blindpr\u00e4gung.<\/p>\n<p>250,00 EUR<\/p>\n","protected":false},"excerpt":{"rendered":"<p>Seltenes Werk von Carl Hartmann, welches s\u00e4mtliche Aspekte der Technologie der damaligen Zeit umfa\u00dft. Das in acht Teile gegliederte Werk bahandelt Transport, mit spezieller Ber\u00fccksichtigung der Eisenbahn, Mineralogie, Holzverarbeitung, Weberei, Papierherstellung, den technischen Gebrauch von Fr\u00fcchten, Bl\u00e4ttern etc. zur Herstellung von Wein, Zucker, Bier, Tabak etc. &#8211; Einb\u00e4nde mit zwei kleinen Fleckchen, sonst gutes Exemplar.<\/p>\n","protected":false},"featured_media":0,"template":"","meta":[],"product_brand":[],"product_cat":[125,77,914],"product_tag":[],"class_list":{"0":"post-3503","1":"product","2":"type-product","3":"status-publish","5":"product_cat-eisenbahn","6":"product_cat-technik","7":"product_cat-zvab","9":"first","10":"instock","11":"purchasable","12":"product-type-simple"},"_links":{"self":[{"href":"https:\/\/antiquariat-steinbach.com\/rarebooks\/wp-json\/wp\/v2\/product\/3503","targetHints":{"allow":["GET"]}}],"collection":[{"href":"https:\/\/antiquariat-steinbach.com\/rarebooks\/wp-json\/wp\/v2\/product"}],"about":[{"href":"https:\/\/antiquariat-steinbach.com\/rarebooks\/wp-json\/wp\/v2\/types\/product"}],"version-history":[{"count":3,"href":"https:\/\/antiquariat-steinbach.com\/rarebooks\/wp-json\/wp\/v2\/product\/3503\/revisions"}],"predecessor-version":[{"id":19749,"href":"https:\/\/antiquariat-steinbach.com\/rarebooks\/wp-json\/wp\/v2\/product\/3503\/revisions\/19749"}],"wp:attachment":[{"href":"https:\/\/antiquariat-steinbach.com\/rarebooks\/wp-json\/wp\/v2\/media?parent=3503"}],"wp:term":[{"taxonomy":"product_brand","embeddable":true,"href":"https:\/\/antiquariat-steinbach.com\/rarebooks\/wp-json\/wp\/v2\/product_brand?post=3503"},{"taxonomy":"product_cat","embeddable":true,"href":"https:\/\/antiquariat-steinbach.com\/rarebooks\/wp-json\/wp\/v2\/product_cat?post=3503"},{"taxonomy":"product_tag","embeddable":true,"href":"https:\/\/antiquariat-steinbach.com\/rarebooks\/wp-json\/wp\/v2\/product_tag?post=3503"}],"curies":[{"name":"wp","href":"https:\/\/api.w.org\/{rel}","templated":true}]}}